{"id":20422,"date":"2023-09-30T08:45:14","date_gmt":"2023-09-30T06:45:14","guid":{"rendered":"https:\/\/agora.xtec.cat\/escolaperezsala\/?page_id=20422"},"modified":"2025-10-24T13:04:16","modified_gmt":"2025-10-24T11:04:16","slug":"espai-migdia","status":"publish","type":"page","link":"https:\/\/agora.xtec.cat\/escolaperezsala\/espai-families\/espai-migdia\/","title":{"rendered":"Espai migdia"},"content":{"rendered":"<p>L&#8217;espai migdia est\u00e0 gestionat per l&#8217;AFA amb la contractaci\u00f3 de l&#8217;empresa ECOMENJA. La comissi\u00f3 espai de migdia del consell escolar es reuneix setmanalment per fer el seguiment del servei.<\/p>\n<h5><a href=\"https:\/\/agora.xtec.cat\/escolaperezsala\/wp-content\/uploads\/usu463\/2025\/07\/Pla-funcionament-espai-de-migdia_EscolaPerezSala.pdf\"><strong>PLA DE FUNCIONAMENT DE L&#8217;ESPAI MIGDIA<\/strong><\/a><\/h5>\n<h5><a href=\"https:\/\/agora.xtec.cat\/escolaperezsala\/wp-content\/uploads\/usu463\/2025\/07\/Pla-funcionament-espai-de-migdia_EscolaPerezSala.pdf\"><strong>Informaci\u00f3 funcionament espai migdia per al curs 2025-2026<\/strong><\/a><\/h5>\n<h5><a href=\"https:\/\/drive.google.com\/file\/d\/1FYWAxzTdjKLN3yYK-2RPxJsFxdqt31GV\/view?usp=sharing\"><strong>Reuni\u00f3 informativa espai migdia (23 d&#8217;octubre de 2025)<\/strong><\/a><\/h5>\n","protected":false},"excerpt":{"rendered":"<p>L&#8217;espai migdia est\u00e0 gestionat per l&#8217;AFA amb la contractaci\u00f3 de l&#8217;empresa ECOMENJA. La comissi\u00f3 espai de migdia del consell escolar es reuneix setmanalment per fer el seguiment del servei.<br \/>\n<a href=\"https:\/\/agora.xtec.cat\/escolaperezsala\/wp-content\/uploads\/usu463\/2025\/07\/Pla-funcionament-espai-de-migdia_EscolaPerezSala.pdf\">PLA DE FUNCIONAMENT DE L&#8217;ESPAI MIGDIA<\/a><br \/>\n<a href=\"https:\/\/agora.xtec.cat\/escolaperezsala\/wp-content\/uploads\/usu463\/2025\/07\/Pla-funcionament-espai-de-migdia_EscolaPerezSala.pdf\">Informaci\u00f3 funcionament espai migdia per al curs 2025-2026<\/a><br \/>\n<a href=\"https:\/\/drive.google.com\/file\/d\/1FYWAxzTdjKLN3yYK-2RPxJsFxdqt31GV\/view?usp=sharing\">Reuni\u00f3 informativa&hellip;  <a href=\"https:\/\/agora.xtec.cat\/escolaperezsala\/espai-families\/espai-migdia\/\" title=\"Read Espai migdia\">Llegeix m\u00e9s\u00bb<\/a><\/p>\n","protected":false},"author":1,"featured_media":0,"parent":10147,"menu_order":0,"comment_status":"closed","ping_status":"closed","template":"","meta":{"_bbp_topic_count":0,"_bbp_reply_count":0,"_bbp_total_topic_count":0,"_bbp_total_reply_count":0,"_bbp_voice_count":0,"_bbp_anonymous_reply_count":0,"_bbp_topic_count_hidden":0,"_bbp_reply_count_hidden":0,"_bbp_forum_subforum_count":0,"footnotes":""},"class_list":["post-20422","page","type-page","status-publish","hentry"],"post_mailing_queue_ids":[],"_links":{"self":[{"href":"https:\/\/agora.xtec.cat\/escolaperezsala\/wp-json\/wp\/v2\/pages\/20422","targetHints":{"allow":["GET"]}}],"collection":[{"href":"https:\/\/agora.xtec.cat\/escolaperezsala\/wp-json\/wp\/v2\/pages"}],"about":[{"href":"https:\/\/agora.xtec.cat\/escolaperezsala\/wp-json\/wp\/v2\/types\/page"}],"author":[{"embeddable":true,"href":"https:\/\/agora.xtec.cat\/escolaperezsala\/wp-json\/wp\/v2\/users\/1"}],"replies":[{"embeddable":true,"href":"https:\/\/agora.xtec.cat\/escolaperezsala\/wp-json\/wp\/v2\/comments?post=20422"}],"version-history":[{"count":6,"href":"https:\/\/agora.xtec.cat\/escolaperezsala\/wp-json\/wp\/v2\/pages\/20422\/revisions"}],"predecessor-version":[{"id":21906,"href":"https:\/\/agora.xtec.cat\/escolaperezsala\/wp-json\/wp\/v2\/pages\/20422\/revisions\/21906"}],"up":[{"embeddable":true,"href":"https:\/\/agora.xtec.cat\/escolaperezsala\/wp-json\/wp\/v2\/pages\/10147"}],"wp:attachment":[{"href":"https:\/\/agora.xtec.cat\/escolaperezsala\/wp-json\/wp\/v2\/media?parent=20422"}],"curies":[{"name":"wp","href":"https:\/\/api.w.org\/{rel}","templated":true}]}}