{"id":19854,"date":"2023-03-07T15:16:36","date_gmt":"2023-03-07T14:16:36","guid":{"rendered":"https:\/\/agora.xtec.cat\/escolaperezsala\/?page_id=19854"},"modified":"2023-03-07T15:16:36","modified_gmt":"2023-03-07T14:16:36","slug":"afa","status":"publish","type":"page","link":"https:\/\/agora.xtec.cat\/escolaperezsala\/espai-families\/afa\/","title":{"rendered":"AFA"},"content":{"rendered":"<p><a href=\"https:\/\/www.afaperezsala.com\/\">Espai web Associaci\u00f3 de Fam\u00edlies de l&#8217;escola P\u00e9rez Sala.<\/a><\/p>\n","protected":false},"excerpt":{"rendered":"<p><a href=\"https:\/\/www.afaperezsala.com\/\">Espai web Associaci\u00f3 de Fam\u00edlies de l&#8217;escola P\u00e9rez Sala.<\/a><\/p>\n","protected":false},"author":1,"featured_media":0,"parent":10147,"menu_order":0,"comment_status":"closed","ping_status":"closed","template":"page-templates\/side-menu.php","meta":{"_bbp_topic_count":0,"_bbp_reply_count":0,"_bbp_total_topic_count":0,"_bbp_total_reply_count":0,"_bbp_voice_count":0,"_bbp_anonymous_reply_count":0,"_bbp_topic_count_hidden":0,"_bbp_reply_count_hidden":0,"_bbp_forum_subforum_count":0,"footnotes":""},"class_list":["post-19854","page","type-page","status-publish","hentry"],"post_mailing_queue_ids":[],"_links":{"self":[{"href":"https:\/\/agora.xtec.cat\/escolaperezsala\/wp-json\/wp\/v2\/pages\/19854","targetHints":{"allow":["GET"]}}],"collection":[{"href":"https:\/\/agora.xtec.cat\/escolaperezsala\/wp-json\/wp\/v2\/pages"}],"about":[{"href":"https:\/\/agora.xtec.cat\/escolaperezsala\/wp-json\/wp\/v2\/types\/page"}],"author":[{"embeddable":true,"href":"https:\/\/agora.xtec.cat\/escolaperezsala\/wp-json\/wp\/v2\/users\/1"}],"replies":[{"embeddable":true,"href":"https:\/\/agora.xtec.cat\/escolaperezsala\/wp-json\/wp\/v2\/comments?post=19854"}],"version-history":[{"count":1,"href":"https:\/\/agora.xtec.cat\/escolaperezsala\/wp-json\/wp\/v2\/pages\/19854\/revisions"}],"predecessor-version":[{"id":19855,"href":"https:\/\/agora.xtec.cat\/escolaperezsala\/wp-json\/wp\/v2\/pages\/19854\/revisions\/19855"}],"up":[{"embeddable":true,"href":"https:\/\/agora.xtec.cat\/escolaperezsala\/wp-json\/wp\/v2\/pages\/10147"}],"wp:attachment":[{"href":"https:\/\/agora.xtec.cat\/escolaperezsala\/wp-json\/wp\/v2\/media?parent=19854"}],"curies":[{"name":"wp","href":"https:\/\/api.w.org\/{rel}","templated":true}]}}