{"id":11108,"date":"2021-03-16T12:41:16","date_gmt":"2021-03-16T11:41:16","guid":{"rendered":"http:\/\/agora.xtec.cat\/escolaperezsala\/?page_id=11108"},"modified":"2024-11-24T19:31:20","modified_gmt":"2024-11-24T18:31:20","slug":"innovamat-per-a-families","status":"publish","type":"page","link":"https:\/\/agora.xtec.cat\/escolaperezsala\/espai-families\/innovamat-per-a-families\/","title":{"rendered":"Innovamat per a fam\u00edlies"},"content":{"rendered":"<p style=\"text-align: justify;\">Proposta d\u2019Innovamat, un aprenentatge competencial de les matem\u00e0tiques a partir del di\u00e0leg i la manipulaci\u00f3, sense mecanitzaci\u00f3, amb reptes vivencials, desenvolupant estrat\u00e8gies i amb manipulaci\u00f3.<\/p>\n<p style=\"text-align: center;\"><a href=\"https:\/\/agora.xtec.cat\/escolaperezsala\/wp-content\/uploads\/usu463\/2021\/02\/Policubs.jpg\"><img loading=\"lazy\" decoding=\"async\" class=\"alignnone wp-image-10706\" src=\"https:\/\/agora.xtec.cat\/escolaperezsala\/wp-content\/uploads\/usu463\/2021\/02\/Policubs-1024x768.jpg\" alt=\"\" width=\"237\" height=\"178\" srcset=\"https:\/\/agora.xtec.cat\/escolaperezsala\/wp-content\/uploads\/usu463\/2021\/02\/Policubs-1024x768.jpg 1024w, https:\/\/agora.xtec.cat\/escolaperezsala\/wp-content\/uploads\/usu463\/2021\/02\/Policubs-300x225.jpg 300w, https:\/\/agora.xtec.cat\/escolaperezsala\/wp-content\/uploads\/usu463\/2021\/02\/Policubs-768x576.jpg 768w, https:\/\/agora.xtec.cat\/escolaperezsala\/wp-content\/uploads\/usu463\/2021\/02\/Policubs-200x150.jpg 200w, https:\/\/agora.xtec.cat\/escolaperezsala\/wp-content\/uploads\/usu463\/2021\/02\/Policubs.jpg 1600w\" sizes=\"auto, (max-width: 237px) 100vw, 237px\" \/> <\/a> \u00a0\u00a0<a href=\"https:\/\/agora.xtec.cat\/escolaperezsala\/wp-content\/uploads\/usu463\/2021\/02\/2427a4b7-8e84-4e60-aab8-e827d32b7b2c.jpg\"><img loading=\"lazy\" decoding=\"async\" class=\"alignnone wp-image-10708\" src=\"https:\/\/agora.xtec.cat\/escolaperezsala\/wp-content\/uploads\/usu463\/2021\/02\/2427a4b7-8e84-4e60-aab8-e827d32b7b2c-1024x768.jpg\" alt=\"\" width=\"235\" height=\"176\" srcset=\"https:\/\/agora.xtec.cat\/escolaperezsala\/wp-content\/uploads\/usu463\/2021\/02\/2427a4b7-8e84-4e60-aab8-e827d32b7b2c-1024x768.jpg 1024w, https:\/\/agora.xtec.cat\/escolaperezsala\/wp-content\/uploads\/usu463\/2021\/02\/2427a4b7-8e84-4e60-aab8-e827d32b7b2c-300x225.jpg 300w, https:\/\/agora.xtec.cat\/escolaperezsala\/wp-content\/uploads\/usu463\/2021\/02\/2427a4b7-8e84-4e60-aab8-e827d32b7b2c-768x576.jpg 768w, https:\/\/agora.xtec.cat\/escolaperezsala\/wp-content\/uploads\/usu463\/2021\/02\/2427a4b7-8e84-4e60-aab8-e827d32b7b2c-200x150.jpg 200w, https:\/\/agora.xtec.cat\/escolaperezsala\/wp-content\/uploads\/usu463\/2021\/02\/2427a4b7-8e84-4e60-aab8-e827d32b7b2c.jpg 1984w\" sizes=\"auto, (max-width: 235px) 100vw, 235px\" \/> \u00a0 \u00a0<\/a><a href=\"https:\/\/agora.xtec.cat\/escolaperezsala\/wp-content\/uploads\/usu463\/2021\/02\/dbc5cbb4-f74d-4b5a-bd2f-bc896afa6ae8.jpg\"><img loading=\"lazy\" decoding=\"async\" class=\"alignnone wp-image-10709\" src=\"https:\/\/agora.xtec.cat\/escolaperezsala\/wp-content\/uploads\/usu463\/2021\/02\/dbc5cbb4-f74d-4b5a-bd2f-bc896afa6ae8-1024x768.jpg\" alt=\"\" width=\"234\" height=\"176\" srcset=\"https:\/\/agora.xtec.cat\/escolaperezsala\/wp-content\/uploads\/usu463\/2021\/02\/dbc5cbb4-f74d-4b5a-bd2f-bc896afa6ae8-1024x768.jpg 1024w, https:\/\/agora.xtec.cat\/escolaperezsala\/wp-content\/uploads\/usu463\/2021\/02\/dbc5cbb4-f74d-4b5a-bd2f-bc896afa6ae8-300x225.jpg 300w, https:\/\/agora.xtec.cat\/escolaperezsala\/wp-content\/uploads\/usu463\/2021\/02\/dbc5cbb4-f74d-4b5a-bd2f-bc896afa6ae8-768x576.jpg 768w, https:\/\/agora.xtec.cat\/escolaperezsala\/wp-content\/uploads\/usu463\/2021\/02\/dbc5cbb4-f74d-4b5a-bd2f-bc896afa6ae8-200x150.jpg 200w, https:\/\/agora.xtec.cat\/escolaperezsala\/wp-content\/uploads\/usu463\/2021\/02\/dbc5cbb4-f74d-4b5a-bd2f-bc896afa6ae8.jpg 1984w\" sizes=\"auto, (max-width: 234px) 100vw, 234px\" \/><\/a><\/p>\n<p style=\"text-align: justify;\">Per tal que pugueu con\u00e8ixer una mica m\u00e9s el projecte, en aquest espai podeu trobar diferents videotutorials per a fam\u00edlies i, d\u2019aquesta manera, ajudar als infants amb les estrat\u00e8gies que s\u2019utilitzen a l\u2019aula.<\/p>\n<p style=\"text-align: justify;\">V\u00eddeos amb estrat\u00e8gies de numeraci\u00f3 i c\u00e0lcul que desenvolupem al llarg de tota l\u2019etapa de prim\u00e0ria:<\/p>\n<h4 style=\"text-align: left;\"><a href=\"https:\/\/www.innovamat.com\/ca\/recursos-para-familias\/#go-to-estrategias\" target=\"_blank\" rel=\"noopener\"><span style=\"text-decoration: underline;\">Estrat\u00e8gies de c\u00e0lcul<\/span><\/a> <em>Clica l&#8217;enlla\u00e7!<\/em><\/h4>\n<p>&nbsp;<\/p>\n<p>Sessi\u00f3 formativa dedicada a explicar qu\u00e8 \u00e9s i com es treballen les matem\u00e0tiques a prim\u00e0ria:<\/p>\n<h4 style=\"text-align: left;\"><span style=\"text-decoration: underline;\"><a href=\"https:\/\/www.youtube.com\/watch?v=LHgl8J_-O1I\" target=\"_blank\" rel=\"noopener\">Sessi\u00f3 per a fam\u00edlies de Prim\u00e0ria (de 1r a 6\u00e8)<\/a><\/span> <em>Clica l&#8217;enlla\u00e7!<\/em><\/h4>\n<p>&nbsp;<\/p>\n<p>Selecciona la plataforma des de la qual accedir\u00e0s a l&#8217;app i segueix les instruccions per instal\u00b7lar-la:<\/p>\n<h4 style=\"text-align: left;\"><a href=\"https:\/\/www.innovamat.com\/ca\/descargar-app\/\" target=\"_blank\" rel=\"noopener\"><span style=\"text-decoration: underline;\">Suport app a casa<\/span><\/a> <em>Clica l&#8217;enlla\u00e7!<\/em><\/h4>\n<p style=\"text-align: center;\">\n","protected":false},"excerpt":{"rendered":"<p>Proposta d\u2019Innovamat, un aprenentatge competencial de les matem\u00e0tiques a partir del di\u00e0leg i la manipulaci\u00f3, sense mecanitzaci\u00f3, amb reptes vivencials, desenvolupant estrat\u00e8gies i amb manipulaci\u00f3. \u00a0\u00a0 \u00a0 \u00a0 Per tal que pugueu con\u00e8ixer una mica m\u00e9s el projecte, en aquest espai podeu trobar diferents videotutorials per a fam\u00edlies i, d\u2019aquesta manera, ajudar als infants amb [&hellip;]<\/p>\n","protected":false},"author":1,"featured_media":0,"parent":10147,"menu_order":3,"comment_status":"closed","ping_status":"closed","template":"","meta":{"_bbp_topic_count":0,"_bbp_reply_count":0,"_bbp_total_topic_count":0,"_bbp_total_reply_count":0,"_bbp_voice_count":0,"_bbp_anonymous_reply_count":0,"_bbp_topic_count_hidden":0,"_bbp_reply_count_hidden":0,"_bbp_forum_subforum_count":0,"site-sidebar-layout":"default","site-content-layout":"","ast-site-content-layout":"","site-content-style":"default","site-sidebar-style":"default","ast-global-header-display":"","ast-banner-title-visibility":"","ast-main-header-display":"","ast-hfb-above-header-display":"","ast-hfb-below-header-display":"","ast-hfb-mobile-header-display":"","site-post-title":"","ast-breadcrumbs-content":"","ast-featured-img":"","footer-sml-layout":"","theme-transparent-header-meta":"","adv-header-id-meta":"","stick-header-meta":"","header-above-stick-meta":"","header-main-stick-meta":"","header-below-stick-meta":"","astra-migrate-meta-layouts":"default","ast-page-background-enabled":"default","ast-page-background-meta":{"desktop":{"background-color":"var(--ast-global-color-4)","background-image":"","background-repeat":"repeat","background-position":"center center","background-size":"auto","background-attachment":"scroll","background-type":"","background-media":"","overlay-type":"","overlay-color":"","overlay-opacity":"","overlay-gradient":""},"tablet":{"background-color":"","background-image":"","background-repeat":"repeat","background-position":"center center","background-size":"auto","background-attachment":"scroll","background-type":"","background-media":"","overlay-type":"","overlay-color":"","overlay-opacity":"","overlay-gradient":""},"mobile":{"background-color":"","background-image":"","background-repeat":"repeat","background-position":"center center","background-size":"auto","background-attachment":"scroll","background-type":"","background-media":"","overlay-type":"","overlay-color":"","overlay-opacity":"","overlay-gradient":""}},"ast-content-background-meta":{"desktop":{"background-color":"var(--ast-global-color-5)","background-image":"","background-repeat":"repeat","background-position":"center center","background-size":"auto","background-attachment":"scroll","background-type":"","background-media":"","overlay-type":"","overlay-color":"","overlay-opacity":"","overlay-gradient":""},"tablet":{"background-color":"var(--ast-global-color-5)","background-image":"","background-repeat":"repeat","background-position":"center center","background-size":"auto","background-attachment":"scroll","background-type":"","background-media":"","overlay-type":"","overlay-color":"","overlay-opacity":"","overlay-gradient":""},"mobile":{"background-color":"var(--ast-global-color-5)","background-image":"","background-repeat":"repeat","background-position":"center center","background-size":"auto","background-attachment":"scroll","background-type":"","background-media":"","overlay-type":"","overlay-color":"","overlay-opacity":"","overlay-gradient":""}},"footnotes":""},"class_list":["post-11108","page","type-page","status-publish","hentry"],"post_mailing_queue_ids":[],"_links":{"self":[{"href":"https:\/\/agora.xtec.cat\/escolaperezsala\/wp-json\/wp\/v2\/pages\/11108","targetHints":{"allow":["GET"]}}],"collection":[{"href":"https:\/\/agora.xtec.cat\/escolaperezsala\/wp-json\/wp\/v2\/pages"}],"about":[{"href":"https:\/\/agora.xtec.cat\/escolaperezsala\/wp-json\/wp\/v2\/types\/page"}],"author":[{"embeddable":true,"href":"https:\/\/agora.xtec.cat\/escolaperezsala\/wp-json\/wp\/v2\/users\/1"}],"replies":[{"embeddable":true,"href":"https:\/\/agora.xtec.cat\/escolaperezsala\/wp-json\/wp\/v2\/comments?post=11108"}],"version-history":[{"count":6,"href":"https:\/\/agora.xtec.cat\/escolaperezsala\/wp-json\/wp\/v2\/pages\/11108\/revisions"}],"predecessor-version":[{"id":21129,"href":"https:\/\/agora.xtec.cat\/escolaperezsala\/wp-json\/wp\/v2\/pages\/11108\/revisions\/21129"}],"up":[{"embeddable":true,"href":"https:\/\/agora.xtec.cat\/escolaperezsala\/wp-json\/wp\/v2\/pages\/10147"}],"wp:attachment":[{"href":"https:\/\/agora.xtec.cat\/escolaperezsala\/wp-json\/wp\/v2\/media?parent=11108"}],"curies":[{"name":"wp","href":"https:\/\/api.w.org\/{rel}","templated":true}]}}