{"id":10147,"date":"2020-10-12T21:54:22","date_gmt":"2020-10-12T19:54:22","guid":{"rendered":"http:\/\/agora.xtec.cat\/escolaperezsala\/?page_id=10147"},"modified":"2022-02-03T00:19:41","modified_gmt":"2022-02-02T23:19:41","slug":"espai-families","status":"publish","type":"page","link":"https:\/\/agora.xtec.cat\/escolaperezsala\/espai-families\/","title":{"rendered":"Espai Fam\u00edlies"},"content":{"rendered":"<p style=\"text-align: justify;\">Les fam\u00edlies en la vida de l&#8217;escola hi estan representades de diferents maneres i s\u00f3n una de les peces clau del proc\u00e9s d&#8217;aprenentatge dels infants:<\/p>\n<ul>\n<li style=\"text-align: justify;\"><strong><a href=\"https:\/\/www.ampaperezsala.com\/\">Associaci\u00f3 de Fam\u00edlies de l&#8217;Alumnat (AFA)<\/a>:<\/strong>\u00a0aporta valor afegit al centre per la seva estructura organitzada.<\/li>\n<li style=\"text-align: justify;\"><strong>Delegats i delegades de classe: <\/strong>pares i\/o mares que representen a la resta de fam\u00edlies de cada curs. S\u00f3n agents de col\u00b7laboraci\u00f3 i de comunicaci\u00f3 directa entre l&#8217;equip directiu i les fam\u00edlies del curs que representa.<\/li>\n<li style=\"text-align: justify;\"><strong>Activitats que el centre organitza per tal de compartir amb les fam\u00edlies:\u00a0<\/strong><span style=\"font-family: inherit; font-size: 1em; line-height: 1.6;\">Actes culturals, concerts i celebracions, Projectes d&#8217;aula, Jornades de portes obertes, Setmana de la ci\u00e8ncia, entre d&#8217;altres.<\/span><\/li>\n<\/ul>\n<p style=\"text-align: justify;\">Un bon rendiment est\u00e0 estretament lligat a la vinculaci\u00f3 fam\u00edlia-escola, per aquest motiu s&#8217;organitzen espais de comunicaci\u00f3 en com\u00fa, acollida inicial, reunions i entrevistes.<\/p>\n","protected":false},"excerpt":{"rendered":"<p>Les fam\u00edlies en la vida de l&#8217;escola hi estan representades de diferents maneres i s\u00f3n una de les peces clau del proc\u00e9s d&#8217;aprenentatge dels infants:<\/p>\n<ul>\n<li style=\"text-align: justify;\"><a href=\"https:\/\/www.ampaperezsala.com\/\">Associaci\u00f3 de Fam\u00edlies de l&#8217;Alumnat (AFA)<\/a>:\u00a0aporta valor afegit al centre per la seva estructura organitzada.<\/li>\n<li style=\"text-align: justify;\">Delegats i&hellip;  <a href=\"https:\/\/agora.xtec.cat\/escolaperezsala\/espai-families\/\" title=\"Read Espai Fam\u00edlies\">Llegeix m\u00e9s\u00bb<\/a><br \/>\n","protected":false},"author":1,"featured_media":0,"parent":0,"menu_order":0,"comment_status":"closed","ping_status":"closed","template":"page-templates\/side-menu.php","meta":{"_bbp_topic_count":0,"_bbp_reply_count":0,"_bbp_total_topic_count":0,"_bbp_total_reply_count":0,"_bbp_voice_count":0,"_bbp_anonymous_reply_count":0,"_bbp_topic_count_hidden":0,"_bbp_reply_count_hidden":0,"_bbp_forum_subforum_count":0,"footnotes":""},"class_list":["post-10147","page","type-page","status-publish","hentry"],"post_mailing_queue_ids":[],"_links":{"self":[{"href":"https:\/\/agora.xtec.cat\/escolaperezsala\/wp-json\/wp\/v2\/pages\/10147","targetHints":{"allow":["GET"]}}],"collection":[{"href":"https:\/\/agora.xtec.cat\/escolaperezsala\/wp-json\/wp\/v2\/pages"}],"about":[{"href":"https:\/\/agora.xtec.cat\/escolaperezsala\/wp-json\/wp\/v2\/types\/page"}],"author":[{"embeddable":true,"href":"https:\/\/agora.xtec.cat\/escolaperezsala\/wp-json\/wp\/v2\/users\/1"}],"replies":[{"embeddable":true,"href":"https:\/\/agora.xtec.cat\/escolaperezsala\/wp-json\/wp\/v2\/comments?post=10147"}],"version-history":[{"count":3,"href":"https:\/\/agora.xtec.cat\/escolaperezsala\/wp-json\/wp\/v2\/pages\/10147\/revisions"}],"predecessor-version":[{"id":11650,"href":"https:\/\/agora.xtec.cat\/escolaperezsala\/wp-json\/wp\/v2\/pages\/10147\/revisions\/11650"}],"wp:attachment":[{"href":"https:\/\/agora.xtec.cat\/escolaperezsala\/wp-json\/wp\/v2\/media?parent=10147"}],"curies":[{"name":"wp","href":"https:\/\/api.w.org\/{rel}","templated":true}]}}