{"id":5559,"date":"2022-06-08T13:20:53","date_gmt":"2022-06-08T11:20:53","guid":{"rendered":"https:\/\/agora.xtec.cat\/escolaperevirgili\/?page_id=5559"},"modified":"2023-02-10T13:13:03","modified_gmt":"2023-02-10T12:13:03","slug":"estrategia-digital","status":"publish","type":"page","link":"https:\/\/agora.xtec.cat\/escolaperevirgili\/estrategia-digital-de-centre\/estrategia-digital\/","title":{"rendered":"Estrat\u00e8gia digital"},"content":{"rendered":"<p><strong>Diagnosi<\/strong><\/p>\n<p>L&#8217;informe de centre SELFIE aplega les opinions de l&#8217;equip directiu, el professorat i l&#8217;alumnat i les compara. Igual que un selfie de veritat, la informaci\u00f3 recollida a SELFIE ofereix al centre una instant\u00e0nia de quin punt es troba actualment en relaci\u00f3 amb l&#8217;estrat\u00e8gia i la pr\u00e0ctica en l&#8217;\u00fas de les tecnologies digitals d&#8217;ensenyament i aprenentatge. Els resultats de SELFIE poden ajudar a entaular un di\u00e0leg dins de la comunitat escolar. Pot ser una bona base per identificar i analitzar les fortaleses i les debilitats i crear un pla escolar en relaci\u00f3 amb l&#8217;\u00fas de les tecnologies digitals per donar suport a l&#8217;aprenentatge.<\/p>\n<p>Arrel de l&#8217;enquesta vam detectar els punts forts i febles que ten\u00edem al centre. Vam fer un buidatge d&#8217;aquesta diagnosi els membres de la comissi\u00f3 digital per extreure&#8217;n els objectius de l&#8217;EDC. Aquests objectius es van comunicar al claustre.<\/p>\n<p><strong>Objectius<\/strong><\/p>\n<p>Aquests s\u00f3n els objectius organitzats per ordre de rellev\u00e0ncia.<\/p>\n<table dir=\"ltr\" border=\"1\" cellspacing=\"0\" cellpadding=\"0\">\n<colgroup>\n<col width=\"370\" \/><\/colgroup>\n<tbody>\n<tr>\n<td data-sheets-value=\"{&quot;1&quot;:2,&quot;2&quot;:&quot;Augmentar l'\u00fas de les noves tecnologies per millorar l'avaluaci\u00f3, la creativitat, la inclusi\u00f3 i la interdisciplinarietat.&quot;}\">Augmentar l&#8217;\u00fas de les noves tecnologies per millorar l&#8217;avaluaci\u00f3, la creativitat, la inclusi\u00f3 i la interdisciplinarietat.<\/td>\n<\/tr>\n<tr>\n<td data-sheets-value=\"{&quot;1&quot;:2,&quot;2&quot;:&quot;Definir l'\u00fas de l'EVA als diferents cicles.&quot;}\">Definir l&#8217;\u00fas de l&#8217;EVA als diferents cicles.<\/td>\n<\/tr>\n<tr>\n<td data-sheets-value=\"{&quot;1&quot;:2,&quot;2&quot;:&quot;Revisar l'\u00fas de metodologies del centre.&quot;}\">Revisar l&#8217;\u00fas de metodologies del centre.<\/td>\n<\/tr>\n<tr>\n<td data-sheets-value=\"{&quot;1&quot;:2,&quot;2&quot;:&quot;Millorar l'acc\u00e9s digital i la cultura digital a tota la comunitat educativa.&quot;}\">Millorar l&#8217;acc\u00e9s digital i la cultura digital a tota la comunitat educativa.<\/td>\n<\/tr>\n<tr>\n<td data-sheets-value=\"{&quot;1&quot;:2,&quot;2&quot;:&quot;Definir els protocols de protecci\u00f3 de dades&quot;}\">Definir els protocols de protecci\u00f3 de dades<\/td>\n<\/tr>\n<tr>\n<td data-sheets-value=\"{&quot;1&quot;:2,&quot;2&quot;:&quot;Continuar treballant amb la compet\u00e8ncia digital de l'alumnat&quot;}\">Continuar treballant amb la compet\u00e8ncia digital de l&#8217;alumnat<\/td>\n<\/tr>\n<tr>\n<td data-sheets-value=\"{&quot;1&quot;:2,&quot;2&quot;:&quot;Seguir incentivant la compet\u00e8ncia digital del professorat&quot;}\">Seguir incentivant la compet\u00e8ncia digital del professorat<\/td>\n<\/tr>\n<tr>\n<td data-sheets-value=\"{&quot;1&quot;:2,&quot;2&quot;:&quot;Seguir planificant i implementant l'EDC amb el claustre&quot;}\">Seguir planificant i implementant l&#8217;EDC amb el claustre<\/td>\n<\/tr>\n<tr>\n<td data-sheets-value=\"{&quot;1&quot;:2,&quot;2&quot;:&quot;Mantenir i incrementar les infraestructures i serveis &quot;}\">Mantenir i incrementar les infraestructures i serveis<\/td>\n<\/tr>\n<\/tbody>\n<\/table>\n<p><strong>Actuacions i a<\/strong><strong>valuaci\u00f3<\/strong><\/p>\n<p>Durant el curs 2022\/23 s&#8217;ha treballat en l&#8217;apartat d&#8217;actuacions i avaluaci\u00f3, i s&#8217;ha realitzat una graella interna de centre.<\/p>\n","protected":false},"excerpt":{"rendered":"<p>Diagnosi<br \/>\nL&#8217;informe de centre SELFIE aplega les opinions de l&#8217;equip directiu, el professorat i l&#8217;alumnat i les compara. Igual que un selfie de veritat, la informaci\u00f3 recollida a SELFIE ofereix al centre una instant\u00e0nia de quin punt es troba actualment en relaci\u00f3 amb l&#8217;estrat\u00e8gia i la&hellip;  <a href=\"https:\/\/agora.xtec.cat\/escolaperevirgili\/estrategia-digital-de-centre\/estrategia-digital\/\" title=\"Read Estrat\u00e8gia digital\">Llegeix m\u00e9s\u00bb<\/a><\/p>\n","protected":false},"author":5,"featured_media":0,"parent":5554,"menu_order":1,"comment_status":"closed","ping_status":"closed","template":"page-templates\/side-menu.php","meta":{"_bbp_topic_count":0,"_bbp_reply_count":0,"_bbp_total_topic_count":0,"_bbp_total_reply_count":0,"_bbp_voice_count":0,"_bbp_anonymous_reply_count":0,"_bbp_topic_count_hidden":0,"_bbp_reply_count_hidden":0,"_bbp_forum_subforum_count":0,"footnotes":""},"class_list":["post-5559","page","type-page","status-publish","hentry"],"post_mailing_queue_ids":[],"_links":{"self":[{"href":"https:\/\/agora.xtec.cat\/escolaperevirgili\/wp-json\/wp\/v2\/pages\/5559","targetHints":{"allow":["GET"]}}],"collection":[{"href":"https:\/\/agora.xtec.cat\/escolaperevirgili\/wp-json\/wp\/v2\/pages"}],"about":[{"href":"https:\/\/agora.xtec.cat\/escolaperevirgili\/wp-json\/wp\/v2\/types\/page"}],"author":[{"embeddable":true,"href":"https:\/\/agora.xtec.cat\/escolaperevirgili\/wp-json\/wp\/v2\/users\/5"}],"replies":[{"embeddable":true,"href":"https:\/\/agora.xtec.cat\/escolaperevirgili\/wp-json\/wp\/v2\/comments?post=5559"}],"version-history":[{"count":3,"href":"https:\/\/agora.xtec.cat\/escolaperevirgili\/wp-json\/wp\/v2\/pages\/5559\/revisions"}],"predecessor-version":[{"id":5917,"href":"https:\/\/agora.xtec.cat\/escolaperevirgili\/wp-json\/wp\/v2\/pages\/5559\/revisions\/5917"}],"up":[{"embeddable":true,"href":"https:\/\/agora.xtec.cat\/escolaperevirgili\/wp-json\/wp\/v2\/pages\/5554"}],"wp:attachment":[{"href":"https:\/\/agora.xtec.cat\/escolaperevirgili\/wp-json\/wp\/v2\/media?parent=5559"}],"curies":[{"name":"wp","href":"https:\/\/api.w.org\/{rel}","templated":true}]}}