{"id":5554,"date":"2022-06-03T13:02:49","date_gmt":"2022-06-03T11:02:49","guid":{"rendered":"https:\/\/agora.xtec.cat\/escolaperevirgili\/?page_id=5554"},"modified":"2022-06-10T13:16:29","modified_gmt":"2022-06-10T11:16:29","slug":"estrategia-digital-de-centre","status":"publish","type":"page","link":"https:\/\/agora.xtec.cat\/escolaperevirgili\/estrategia-digital-de-centre\/","title":{"rendered":"Estrat\u00e8gia Digital de Centre"},"content":{"rendered":"<p>L&#8217;<strong>Estrat\u00e8gia Digital de Centre<\/strong> (EDC) \u00e9s el conjunt d&#8217;accions i documents referents a l&#8217;\u00e0mbit digital d&#8217;un centre educatiu i que serveixen per avan\u00e7ar en la millora i documentar tot el que fa refer\u00e8ncia en aquest \u00e0mbit i que es treballa al centre.<\/p>\n<p>L&#8217;EDC s&#8217;estructura en dues l\u00ednies: la\u00a0<strong>part estrat\u00e8gica\u00a0<\/strong>i la\u00a0<strong>part de cultura digital<\/strong>. Cada una d&#8217;aquestes dues l\u00ednies la podem dividir en les parts que veiem a continuaci\u00f3:<\/p>\n<table style=\"height: 213px; width: 100%; border-collapse: collapse; background-color: #5d1cc7;\">\n<tbody>\n<tr style=\"height: 37px;\">\n<td style=\"width: 50%; text-align: center; height: 37px;\">\n<h5><span style=\"text-decoration: underline;\"><a href=\"https:\/\/agora.xtec.cat\/escolaperevirgili\/estrategia-digital-de-centre\/estrategia-digital\/\"><span style=\"color: #ffffff; text-decoration: underline;\">Estrat\u00e8gia Digital<\/span><\/a><\/span><\/h5>\n<\/td>\n<td style=\"width: 50%; text-align: center; height: 37px;\">\n<h5><a href=\"https:\/\/agora.xtec.cat\/escolaperevirgili\/estrategia-digital-de-centre\/cultura-digital\/\"><span style=\"color: #ffffff;\"><span style=\"text-decoration: underline;\">Cultura Digital<\/span><\/span><\/a><\/h5>\n<\/td>\n<\/tr>\n<tr style=\"height: 176px;\">\n<td style=\"width: 50%; text-align: center; height: 176px;\">Diagnosi<\/p>\n<p>Objectius<\/p>\n<p>Actuacions<\/p>\n<p>Avaluaci\u00f3<\/td>\n<td style=\"width: 50%; text-align: center; height: 176px;\">Centre<\/p>\n<p>Alumnat<\/p>\n<p>Professorat<\/p>\n<p>Fam\u00edlies<\/td>\n<\/tr>\n<\/tbody>\n<\/table>\n","protected":false},"excerpt":{"rendered":"<p>L&#8217;Estrat\u00e8gia Digital de Centre (EDC) \u00e9s el conjunt d&#8217;accions i documents referents a l&#8217;\u00e0mbit digital d&#8217;un centre educatiu i que serveixen per avan\u00e7ar en la millora i documentar tot el que fa refer\u00e8ncia en aquest \u00e0mbit i que es treballa al centre.<br \/>\nL&#8217;EDC s&#8217;estructura en dues&hellip;  <a href=\"https:\/\/agora.xtec.cat\/escolaperevirgili\/estrategia-digital-de-centre\/\" title=\"Read Estrat\u00e8gia Digital de Centre\">Llegeix m\u00e9s\u00bb<\/a><\/p>\n","protected":false},"author":5,"featured_media":0,"parent":0,"menu_order":0,"comment_status":"closed","ping_status":"closed","template":"","meta":{"_bbp_topic_count":0,"_bbp_reply_count":0,"_bbp_total_topic_count":0,"_bbp_total_reply_count":0,"_bbp_voice_count":0,"_bbp_anonymous_reply_count":0,"_bbp_topic_count_hidden":0,"_bbp_reply_count_hidden":0,"_bbp_forum_subforum_count":0,"footnotes":""},"class_list":["post-5554","page","type-page","status-publish","hentry"],"post_mailing_queue_ids":[],"_links":{"self":[{"href":"https:\/\/agora.xtec.cat\/escolaperevirgili\/wp-json\/wp\/v2\/pages\/5554","targetHints":{"allow":["GET"]}}],"collection":[{"href":"https:\/\/agora.xtec.cat\/escolaperevirgili\/wp-json\/wp\/v2\/pages"}],"about":[{"href":"https:\/\/agora.xtec.cat\/escolaperevirgili\/wp-json\/wp\/v2\/types\/page"}],"author":[{"embeddable":true,"href":"https:\/\/agora.xtec.cat\/escolaperevirgili\/wp-json\/wp\/v2\/users\/5"}],"replies":[{"embeddable":true,"href":"https:\/\/agora.xtec.cat\/escolaperevirgili\/wp-json\/wp\/v2\/comments?post=5554"}],"version-history":[{"count":4,"href":"https:\/\/agora.xtec.cat\/escolaperevirgili\/wp-json\/wp\/v2\/pages\/5554\/revisions"}],"predecessor-version":[{"id":5567,"href":"https:\/\/agora.xtec.cat\/escolaperevirgili\/wp-json\/wp\/v2\/pages\/5554\/revisions\/5567"}],"wp:attachment":[{"href":"https:\/\/agora.xtec.cat\/escolaperevirgili\/wp-json\/wp\/v2\/media?parent=5554"}],"curies":[{"name":"wp","href":"https:\/\/api.w.org\/{rel}","templated":true}]}}