{"id":1485,"date":"2019-02-22T12:52:43","date_gmt":"2019-02-22T11:52:43","guid":{"rendered":"http:\/\/agora.xtec.cat\/escolaperevirgili\/?page_id=1485"},"modified":"2022-03-14T09:23:52","modified_gmt":"2022-03-14T08:23:52","slug":"biblioteca","status":"publish","type":"page","link":"https:\/\/agora.xtec.cat\/escolaperevirgili\/biblioteca\/","title":{"rendered":"BIBLIOTECA"},"content":{"rendered":"<h1><strong>Benvinguts al nou curs 2021-22<\/strong><\/h1>\n<p>Aquest curs la Biblioteca ha pogut tornar al seu lloc. Hem tingut molta feina, per\u00f2 hem coseguit tenir tot l&#8217;espai pel Drilec i els seus llibres. Aix\u00ed podrem tornar, poc a poc, a engegar les diferents activitats que es duien a terme fins que va arribar la pand\u00e8mia.<\/p>\n<p>*en construcci\u00f3<\/p>\n<p><a href=\"https:\/\/agora.xtec.cat\/escolaperevirgili\/wp-content\/uploads\/usu1802\/2020\/10\/1603452176073.jpg\"><img loading=\"lazy\" decoding=\"async\" class=\" wp-image-3629 aligncenter\" src=\"https:\/\/agora.xtec.cat\/escolaperevirgili\/wp-content\/uploads\/usu1802\/2020\/10\/1603452176073-1024x1024.jpg\" alt=\"\" width=\"400\" height=\"400\" srcset=\"https:\/\/agora.xtec.cat\/escolaperevirgili\/wp-content\/uploads\/usu1802\/2020\/10\/1603452176073-1024x1024.jpg 1024w, https:\/\/agora.xtec.cat\/escolaperevirgili\/wp-content\/uploads\/usu1802\/2020\/10\/1603452176073-150x150.jpg 150w, https:\/\/agora.xtec.cat\/escolaperevirgili\/wp-content\/uploads\/usu1802\/2020\/10\/1603452176073-300x300.jpg 300w, https:\/\/agora.xtec.cat\/escolaperevirgili\/wp-content\/uploads\/usu1802\/2020\/10\/1603452176073-768x768.jpg 768w, https:\/\/agora.xtec.cat\/escolaperevirgili\/wp-content\/uploads\/usu1802\/2020\/10\/1603452176073.jpg 1564w\" sizes=\"auto, (max-width: 400px) 100vw, 400px\" \/><\/a><\/p>\n<p>El Drilec ho ha preparat tot per tal que llegir sigui el m\u00e9s segur possible. Els llibres aquest curs continuaran viatjant per les classes perqu\u00e8 tothom tingui acc\u00e9s a la\u00a0 lectura i continui gaudint dels llibres de la nostra biblioteca.<\/p>\n<p><a href=\"https:\/\/agora.xtec.cat\/escolaperevirgili\/wp-content\/uploads\/usu1802\/2020\/10\/1603452176083.jpg\"><img loading=\"lazy\" decoding=\"async\" class=\"wp-image-3630 aligncenter\" src=\"https:\/\/agora.xtec.cat\/escolaperevirgili\/wp-content\/uploads\/usu1802\/2020\/10\/1603452176083-1024x1024.jpg\" alt=\"\" width=\"400\" height=\"400\" srcset=\"https:\/\/agora.xtec.cat\/escolaperevirgili\/wp-content\/uploads\/usu1802\/2020\/10\/1603452176083-1024x1024.jpg 1024w, https:\/\/agora.xtec.cat\/escolaperevirgili\/wp-content\/uploads\/usu1802\/2020\/10\/1603452176083-150x150.jpg 150w, https:\/\/agora.xtec.cat\/escolaperevirgili\/wp-content\/uploads\/usu1802\/2020\/10\/1603452176083-300x300.jpg 300w, https:\/\/agora.xtec.cat\/escolaperevirgili\/wp-content\/uploads\/usu1802\/2020\/10\/1603452176083-768x768.jpg 768w, https:\/\/agora.xtec.cat\/escolaperevirgili\/wp-content\/uploads\/usu1802\/2020\/10\/1603452176083.jpg 1564w\" sizes=\"auto, (max-width: 400px) 100vw, 400px\" \/><\/a><\/p>\n<p><strong>Malauradament aquest curs no podran marxar els llibres de l&#8217;escola per raons de seguretat i per tant queda anul\u00b7lat el bibliopati i el servei de pr\u00e9stec extern.<\/strong><\/p>\n<p>Des de la Biblioteca us anirem informant de les diverses activitats que organitzem i de les novetats que anem adquirint, aix\u00ed com de recomanacions de llibres\u00a0que trobem interessants.<\/p>\n<p>&nbsp;<\/p>\n<p>&nbsp;<\/p>\n<p>&nbsp;<\/p>\n<p>&nbsp;<\/p>\n","protected":false},"excerpt":{"rendered":"<p>Benvinguts al nou curs 2021-22<br \/>\nAquest curs la Biblioteca ha pogut tornar al seu lloc. Hem tingut molta feina, per\u00f2 hem coseguit tenir tot l&#8217;espai pel Drilec i els seus llibres. Aix\u00ed podrem tornar, poc a poc, a engegar les diferents activitats que es duien a&hellip;  <a href=\"https:\/\/agora.xtec.cat\/escolaperevirgili\/biblioteca\/\" title=\"Read BIBLIOTECA\">Llegeix m\u00e9s\u00bb<\/a><\/p>\n","protected":false},"author":18,"featured_media":0,"parent":0,"menu_order":0,"comment_status":"closed","ping_status":"closed","template":"","meta":{"_bbp_topic_count":0,"_bbp_reply_count":0,"_bbp_total_topic_count":0,"_bbp_total_reply_count":0,"_bbp_voice_count":0,"_bbp_anonymous_reply_count":0,"_bbp_topic_count_hidden":0,"_bbp_reply_count_hidden":0,"_bbp_forum_subforum_count":0,"footnotes":""},"class_list":["post-1485","page","type-page","status-publish","hentry"],"post_mailing_queue_ids":[],"_links":{"self":[{"href":"https:\/\/agora.xtec.cat\/escolaperevirgili\/wp-json\/wp\/v2\/pages\/1485","targetHints":{"allow":["GET"]}}],"collection":[{"href":"https:\/\/agora.xtec.cat\/escolaperevirgili\/wp-json\/wp\/v2\/pages"}],"about":[{"href":"https:\/\/agora.xtec.cat\/escolaperevirgili\/wp-json\/wp\/v2\/types\/page"}],"author":[{"embeddable":true,"href":"https:\/\/agora.xtec.cat\/escolaperevirgili\/wp-json\/wp\/v2\/users\/18"}],"replies":[{"embeddable":true,"href":"https:\/\/agora.xtec.cat\/escolaperevirgili\/wp-json\/wp\/v2\/comments?post=1485"}],"version-history":[{"count":6,"href":"https:\/\/agora.xtec.cat\/escolaperevirgili\/wp-json\/wp\/v2\/pages\/1485\/revisions"}],"predecessor-version":[{"id":5341,"href":"https:\/\/agora.xtec.cat\/escolaperevirgili\/wp-json\/wp\/v2\/pages\/1485\/revisions\/5341"}],"wp:attachment":[{"href":"https:\/\/agora.xtec.cat\/escolaperevirgili\/wp-json\/wp\/v2\/media?parent=1485"}],"curies":[{"name":"wp","href":"https:\/\/api.w.org\/{rel}","templated":true}]}}