{"id":87,"date":"2014-09-18T14:28:12","date_gmt":"2014-09-18T14:28:12","guid":{"rendered":"http:\/\/agora.xtec.cat\/escolaperevila\/?page_id=87"},"modified":"2026-02-08T19:06:05","modified_gmt":"2026-02-08T18:06:05","slug":"nivells","status":"publish","type":"page","link":"https:\/\/agora.xtec.cat\/escolaperevila\/espai-families\/nivells\/","title":{"rendered":"Fotografies i V\u00eddeos"},"content":{"rendered":"<p dir=\"ltr\" role=\"presentation\">CARPETA COMPARTIDA del Drive <strong>&#8220;EPV Fam\u00edlies&#8221;<\/strong><\/p>\n<p dir=\"ltr\" role=\"presentation\">A l&#8217;inici de cada curs, us facilitarem a totes les fam\u00edlies l&#8217;enlla\u00e7 de la <strong>carpeta del Drive<\/strong> que correspon a la classe dels vostres infants per poder accedir a les fotografies i v\u00eddeos de les sortides, activitats de rellev\u00e0ncia i festes de l&#8217;escola que s&#8217;aniran penjant.<\/p>\n<p dir=\"ltr\" role=\"presentation\">Aquestes carpetes estaran integrades a la unitat compartida del Drive<strong> &#8220;EPV Fam\u00edlies&#8221;<\/strong>. A cada carpeta de fotografies nom\u00e9s hi podran accedir les fam\u00edlies d&#8217;aquell curs.<\/p>\n<p dir=\"ltr\" role=\"presentation\">En aquestes carpetes tamb\u00e9 inclourem:<\/p>\n<ul>\n<li dir=\"ltr\" role=\"presentation\">Documents i Informacions rellevants<\/li>\n<li dir=\"ltr\" role=\"presentation\">La presentaci\u00f3 de la reuni\u00f3 pedag\u00f2gica d&#8217;inici de curs.<\/li>\n<li dir=\"ltr\" role=\"presentation\">Fotos i v\u00eddeos dels cursos anteriors.<\/li>\n<\/ul>\n","protected":false},"excerpt":{"rendered":"<p>CARPETA COMPARTIDA del Drive &#8220;EPV Fam\u00edlies&#8221; A l&#8217;inici de cada curs, us facilitarem a totes les fam\u00edlies l&#8217;enlla\u00e7 de la carpeta del Drive que correspon a la classe dels vostres infants per poder accedir a les fotografies i v\u00eddeos de les sortides, activitats de rellev\u00e0ncia i festes de l&#8217;escola que s&#8217;aniran penjant. Aquestes carpetes estaran [&hellip;]<\/p>\n","protected":false},"author":2,"featured_media":0,"parent":5156,"menu_order":0,"comment_status":"closed","ping_status":"closed","template":"","meta":{"_bbp_topic_count":0,"_bbp_reply_count":0,"_bbp_total_topic_count":0,"_bbp_total_reply_count":0,"_bbp_voice_count":0,"_bbp_anonymous_reply_count":0,"_bbp_topic_count_hidden":0,"_bbp_reply_count_hidden":0,"_bbp_forum_subforum_count":0,"site-sidebar-layout":"default","site-content-layout":"","ast-site-content-layout":"default","site-content-style":"default","site-sidebar-style":"default","ast-global-header-display":"","ast-banner-title-visibility":"","ast-main-header-display":"","ast-hfb-above-header-display":"","ast-hfb-below-header-display":"","ast-hfb-mobile-header-display":"","site-post-title":"","ast-breadcrumbs-content":"","ast-featured-img":"","footer-sml-layout":"","theme-transparent-header-meta":"","adv-header-id-meta":"","stick-header-meta":"","header-above-stick-meta":"","header-main-stick-meta":"","header-below-stick-meta":"","astra-migrate-meta-layouts":"set","ast-page-background-enabled":"default","ast-page-background-meta":{"desktop":{"background-color":"var(--ast-global-color-4)","background-image":"","background-repeat":"repeat","background-position":"center center","background-size":"auto","background-attachment":"scroll","background-type":"","background-media":"","overlay-type":"","overlay-color":"","overlay-opacity":"","overlay-gradient":""},"tablet":{"background-color":"","background-image":"","background-repeat":"repeat","background-position":"center center","background-size":"auto","background-attachment":"scroll","background-type":"","background-media":"","overlay-type":"","overlay-color":"","overlay-opacity":"","overlay-gradient":""},"mobile":{"background-color":"","background-image":"","background-repeat":"repeat","background-position":"center center","background-size":"auto","background-attachment":"scroll","background-type":"","background-media":"","overlay-type":"","overlay-color":"","overlay-opacity":"","overlay-gradient":""}},"ast-content-background-meta":{"desktop":{"background-color":"var(--ast-global-color-5)","background-image":"","background-repeat":"repeat","background-position":"center center","background-size":"auto","background-attachment":"scroll","background-type":"","background-media":"","overlay-type":"","overlay-color":"","overlay-opacity":"","overlay-gradient":""},"tablet":{"background-color":"var(--ast-global-color-5)","background-image":"","background-repeat":"repeat","background-position":"center center","background-size":"auto","background-attachment":"scroll","background-type":"","background-media":"","overlay-type":"","overlay-color":"","overlay-opacity":"","overlay-gradient":""},"mobile":{"background-color":"var(--ast-global-color-5)","background-image":"","background-repeat":"repeat","background-position":"center center","background-size":"auto","background-attachment":"scroll","background-type":"","background-media":"","overlay-type":"","overlay-color":"","overlay-opacity":"","overlay-gradient":""}},"footnotes":""},"class_list":["post-87","page","type-page","status-publish","hentry"],"post_mailing_queue_ids":[],"_links":{"self":[{"href":"https:\/\/agora.xtec.cat\/escolaperevila\/wp-json\/wp\/v2\/pages\/87","targetHints":{"allow":["GET"]}}],"collection":[{"href":"https:\/\/agora.xtec.cat\/escolaperevila\/wp-json\/wp\/v2\/pages"}],"about":[{"href":"https:\/\/agora.xtec.cat\/escolaperevila\/wp-json\/wp\/v2\/types\/page"}],"author":[{"embeddable":true,"href":"https:\/\/agora.xtec.cat\/escolaperevila\/wp-json\/wp\/v2\/users\/2"}],"replies":[{"embeddable":true,"href":"https:\/\/agora.xtec.cat\/escolaperevila\/wp-json\/wp\/v2\/comments?post=87"}],"version-history":[{"count":3,"href":"https:\/\/agora.xtec.cat\/escolaperevila\/wp-json\/wp\/v2\/pages\/87\/revisions"}],"predecessor-version":[{"id":4995,"href":"https:\/\/agora.xtec.cat\/escolaperevila\/wp-json\/wp\/v2\/pages\/87\/revisions\/4995"}],"up":[{"embeddable":true,"href":"https:\/\/agora.xtec.cat\/escolaperevila\/wp-json\/wp\/v2\/pages\/5156"}],"wp:attachment":[{"href":"https:\/\/agora.xtec.cat\/escolaperevila\/wp-json\/wp\/v2\/media?parent=87"}],"curies":[{"name":"wp","href":"https:\/\/api.w.org\/{rel}","templated":true}]}}