{"id":5148,"date":"2026-02-08T19:02:02","date_gmt":"2026-02-08T18:02:02","guid":{"rendered":"https:\/\/agora.xtec.cat\/escolaperevila\/?page_id=5148"},"modified":"2026-02-08T19:02:02","modified_gmt":"2026-02-08T18:02:02","slug":"comunicacio","status":"publish","type":"page","link":"https:\/\/agora.xtec.cat\/escolaperevila\/comunicacio\/","title":{"rendered":"Comunicaci\u00f3"},"content":{"rendered":"\n<figure class=\"wp-block-image alignleft size-full is-resized\"><a href=\"https:\/\/agora.xtec.cat\/escolaperevila\/wp-content\/uploads\/usu223\/2020\/02\/dinantia-e1580927650321.png\"><img loading=\"lazy\" decoding=\"async\" width=\"218\" height=\"467\" src=\"https:\/\/agora.xtec.cat\/escolaperevila\/wp-content\/uploads\/usu223\/2020\/02\/dinantia-e1580927650321.png\" alt=\"\" class=\"wp-image-2812\" style=\"width:129px;height:auto\"\/><\/a><\/figure>\n\n\n\n<p>L&#8217;escola utilitza l&#8217;app DINANTIA com a mitj\u00e0 d&#8217;informaci\u00f3 a les fam\u00edlies.<\/p>\n\n\n\n<p><a href=\"https:\/\/agora.xtec.cat\/escolaperevila\/wp-content\/uploads\/usu223\/2025\/03\/Dinantia-instalacion-inicial-CA.pdf\" data-type=\"attachment\" data-id=\"4935\">Instal\u00b7laci\u00f3 i configuraci\u00f3 de Dinantia<\/a><\/p>\n\n\n\n<p>Un espai per comunicacions del centre, circulars, informes i aspectes importants.<\/p>\n\n\n\n<p><\/p>\n","protected":false},"excerpt":{"rendered":"<p>L&#8217;escola utilitza l&#8217;app DINANTIA com a mitj\u00e0 d&#8217;informaci\u00f3 a les fam\u00edlies. Instal\u00b7laci\u00f3 i configuraci\u00f3 de Dinantia Un espai per comunicacions del centre, circulars, informes i aspectes importants.<\/p>\n","protected":false},"author":16,"featured_media":0,"parent":0,"menu_order":0,"comment_status":"closed","ping_status":"close","template":"","meta":{"_bbp_topic_count":0,"_bbp_reply_count":0,"_bbp_total_topic_count":0,"_bbp_total_reply_count":0,"_bbp_voice_count":0,"_bbp_anonymous_reply_count":0,"_bbp_topic_count_hidden":0,"_bbp_reply_count_hidden":0,"_bbp_forum_subforum_count":0,"site-sidebar-layout":"default","site-content-layout":"","ast-site-content-layout":"default","site-content-style":"default","site-sidebar-style":"default","ast-global-header-display":"","ast-banner-title-visibility":"","ast-main-header-display":"","ast-hfb-above-header-display":"","ast-hfb-below-header-display":"","ast-hfb-mobile-header-display":"","site-post-title":"","ast-breadcrumbs-content":"","ast-featured-img":"","footer-sml-layout":"","theme-transparent-header-meta":"","adv-header-id-meta":"","stick-header-meta":"","header-above-stick-meta":"","header-main-stick-meta":"","header-below-stick-meta":"","astra-migrate-meta-layouts":"set","ast-page-background-enabled":"default","ast-page-background-meta":{"desktop":{"background-color":"var(--ast-global-color-4)","background-image":"","background-repeat":"repeat","background-position":"center center","background-size":"auto","background-attachment":"scroll","background-type":"","background-media":"","overlay-type":"","overlay-color":"","overlay-opacity":"","overlay-gradient":""},"tablet":{"background-color":"","background-image":"","background-repeat":"repeat","background-position":"center center","background-size":"auto","background-attachment":"scroll","background-type":"","background-media":"","overlay-type":"","overlay-color":"","overlay-opacity":"","overlay-gradient":""},"mobile":{"background-color":"","background-image":"","background-repeat":"repeat","background-position":"center center","background-size":"auto","background-attachment":"scroll","background-type":"","background-media":"","overlay-type":"","overlay-color":"","overlay-opacity":"","overlay-gradient":""}},"ast-content-background-meta":{"desktop":{"background-color":"var(--ast-global-color-5)","background-image":"","background-repeat":"repeat","background-position":"center center","background-size":"auto","background-attachment":"scroll","background-type":"","background-media":"","overlay-type":"","overlay-color":"","overlay-opacity":"","overlay-gradient":""},"tablet":{"background-color":"var(--ast-global-color-5)","background-image":"","background-repeat":"repeat","background-position":"center center","background-size":"auto","background-attachment":"scroll","background-type":"","background-media":"","overlay-type":"","overlay-color":"","overlay-opacity":"","overlay-gradient":""},"mobile":{"background-color":"var(--ast-global-color-5)","background-image":"","background-repeat":"repeat","background-position":"center center","background-size":"auto","background-attachment":"scroll","background-type":"","background-media":"","overlay-type":"","overlay-color":"","overlay-opacity":"","overlay-gradient":""}},"footnotes":""},"class_list":["post-5148","page","type-page","status-publish","hentry"],"post_mailing_queue_ids":[],"_links":{"self":[{"href":"https:\/\/agora.xtec.cat\/escolaperevila\/wp-json\/wp\/v2\/pages\/5148","targetHints":{"allow":["GET"]}}],"collection":[{"href":"https:\/\/agora.xtec.cat\/escolaperevila\/wp-json\/wp\/v2\/pages"}],"about":[{"href":"https:\/\/agora.xtec.cat\/escolaperevila\/wp-json\/wp\/v2\/types\/page"}],"author":[{"embeddable":true,"href":"https:\/\/agora.xtec.cat\/escolaperevila\/wp-json\/wp\/v2\/users\/16"}],"replies":[{"embeddable":true,"href":"https:\/\/agora.xtec.cat\/escolaperevila\/wp-json\/wp\/v2\/comments?post=5148"}],"version-history":[{"count":2,"href":"https:\/\/agora.xtec.cat\/escolaperevila\/wp-json\/wp\/v2\/pages\/5148\/revisions"}],"predecessor-version":[{"id":5162,"href":"https:\/\/agora.xtec.cat\/escolaperevila\/wp-json\/wp\/v2\/pages\/5148\/revisions\/5162"}],"wp:attachment":[{"href":"https:\/\/agora.xtec.cat\/escolaperevila\/wp-json\/wp\/v2\/media?parent=5148"}],"curies":[{"name":"wp","href":"https:\/\/api.w.org\/{rel}","templated":true}]}}