{"id":5143,"date":"2026-02-08T17:15:39","date_gmt":"2026-02-08T16:15:39","guid":{"rendered":"https:\/\/agora.xtec.cat\/escolaperevila\/?page_id=5143"},"modified":"2026-02-08T19:06:24","modified_gmt":"2026-02-08T18:06:24","slug":"afa","status":"publish","type":"page","link":"https:\/\/agora.xtec.cat\/escolaperevila\/espai-families\/afa\/","title":{"rendered":"AFA"},"content":{"rendered":"\n<figure class=\"wp-block-image size-full is-resized\"><a href=\"https:\/\/agora.xtec.cat\/escolaperevila\/wp-content\/uploads\/usu223\/2026\/02\/image.png\"><img loading=\"lazy\" decoding=\"async\" width=\"694\" height=\"637\" src=\"https:\/\/agora.xtec.cat\/escolaperevila\/wp-content\/uploads\/usu223\/2026\/02\/image.png\" alt=\"\" class=\"wp-image-5144\" style=\"width:240px;height:auto\" srcset=\"https:\/\/agora.xtec.cat\/escolaperevila\/wp-content\/uploads\/usu223\/2026\/02\/image.png 694w, https:\/\/agora.xtec.cat\/escolaperevila\/wp-content\/uploads\/usu223\/2026\/02\/image-300x275.png 300w\" sizes=\"auto, (max-width: 694px) 100vw, 694px\" \/><\/a><\/figure>\n\n\n\n<p>L\u2019objectiu fonamental de l\u2019AFA Pere Vila \u00e9s contribuir a la millora de la qualitat de l\u2019ensenyament que reben els infants. El seu funcionament es basa en el di\u00e0leg i en la col\u00b7laboraci\u00f3 dels diversos sectors de la comunitat educativa.<br>La nostra AFA est\u00e0 formada per una Junta Permanent, que es reuneix aproximadament un cop al mes. Totes les decisions es prenen en la Junta, i aquesta \u00e9s oberta tamb\u00e9 a tots els socis que integren la nostra AFA. La nostra intenci\u00f3 \u00e9s que siguin el m\u00e0xim de pares i mares els que prenguin les decisions.<\/p>\n\n\n\n<p><strong>CONTACTE<\/strong><\/p>\n\n\n\n<ul class=\"wp-block-list\">\n<li>Tel\u00e8fon: 93 309 89 25<\/li>\n\n\n\n<li>Mail: <a href=\"mailto:info@afaperevila.org\" target=\"_blank\" rel=\"noreferrer noopener\">info@afaperevila.org<\/a><\/li>\n\n\n\n<li>Web: <a href=\"https:\/\/www.afaperevila.org\/\">https:\/\/www.afaperevila.org\/<\/a><\/li>\n<\/ul>\n\n\n\n<p><strong>SERVEIS<\/strong><\/p>\n\n\n\n<ul class=\"wp-block-list\">\n<li><a href=\"https:\/\/agora.xtec.cat\/escolaperevila\/serveis\/menjador-escolar\/\" data-type=\"page\" data-id=\"73\">Espai migdia<\/a><\/li>\n\n\n\n<li><a href=\"https:\/\/www.afaperevila.org\/oferta-dactivitats-extraescolars-curs-2025-2026\/\" data-type=\"link\" data-id=\"https:\/\/www.afaperevila.org\/oferta-dactivitats-extraescolars-curs-2025-2026\/\">Acollida i Extraescolars<\/a><\/li>\n<\/ul>\n\n\n\n<p><\/p>\n","protected":false},"excerpt":{"rendered":"<p>L\u2019objectiu fonamental de l\u2019AFA Pere Vila \u00e9s contribuir a la millora de la qualitat de l\u2019ensenyament que reben els infants. El seu funcionament es basa en el di\u00e0leg i en la col\u00b7laboraci\u00f3 dels diversos sectors de la comunitat educativa.La nostra AFA est\u00e0 formada per una Junta Permanent, que es reuneix aproximadament un cop al mes. [&hellip;]<\/p>\n","protected":false},"author":16,"featured_media":0,"parent":5156,"menu_order":0,"comment_status":"closed","ping_status":"close","template":"","meta":{"_bbp_topic_count":0,"_bbp_reply_count":0,"_bbp_total_topic_count":0,"_bbp_total_reply_count":0,"_bbp_voice_count":0,"_bbp_anonymous_reply_count":0,"_bbp_topic_count_hidden":0,"_bbp_reply_count_hidden":0,"_bbp_forum_subforum_count":0,"site-sidebar-layout":"default","site-content-layout":"","ast-site-content-layout":"default","site-content-style":"default","site-sidebar-style":"default","ast-global-header-display":"","ast-banner-title-visibility":"","ast-main-header-display":"","ast-hfb-above-header-display":"","ast-hfb-below-header-display":"","ast-hfb-mobile-header-display":"","site-post-title":"","ast-breadcrumbs-content":"","ast-featured-img":"","footer-sml-layout":"","theme-transparent-header-meta":"","adv-header-id-meta":"","stick-header-meta":"","header-above-stick-meta":"","header-main-stick-meta":"","header-below-stick-meta":"","astra-migrate-meta-layouts":"set","ast-page-background-enabled":"default","ast-page-background-meta":{"desktop":{"background-color":"var(--ast-global-color-4)","background-image":"","background-repeat":"repeat","background-position":"center center","background-size":"auto","background-attachment":"scroll","background-type":"","background-media":"","overlay-type":"","overlay-color":"","overlay-opacity":"","overlay-gradient":""},"tablet":{"background-color":"","background-image":"","background-repeat":"repeat","background-position":"center center","background-size":"auto","background-attachment":"scroll","background-type":"","background-media":"","overlay-type":"","overlay-color":"","overlay-opacity":"","overlay-gradient":""},"mobile":{"background-color":"","background-image":"","background-repeat":"repeat","background-position":"center center","background-size":"auto","background-attachment":"scroll","background-type":"","background-media":"","overlay-type":"","overlay-color":"","overlay-opacity":"","overlay-gradient":""}},"ast-content-background-meta":{"desktop":{"background-color":"var(--ast-global-color-5)","background-image":"","background-repeat":"repeat","background-position":"center center","background-size":"auto","background-attachment":"scroll","background-type":"","background-media":"","overlay-type":"","overlay-color":"","overlay-opacity":"","overlay-gradient":""},"tablet":{"background-color":"var(--ast-global-color-5)","background-image":"","background-repeat":"repeat","background-position":"center center","background-size":"auto","background-attachment":"scroll","background-type":"","background-media":"","overlay-type":"","overlay-color":"","overlay-opacity":"","overlay-gradient":""},"mobile":{"background-color":"var(--ast-global-color-5)","background-image":"","background-repeat":"repeat","background-position":"center center","background-size":"auto","background-attachment":"scroll","background-type":"","background-media":"","overlay-type":"","overlay-color":"","overlay-opacity":"","overlay-gradient":""}},"footnotes":""},"class_list":["post-5143","page","type-page","status-publish","hentry"],"post_mailing_queue_ids":[],"_links":{"self":[{"href":"https:\/\/agora.xtec.cat\/escolaperevila\/wp-json\/wp\/v2\/pages\/5143","targetHints":{"allow":["GET"]}}],"collection":[{"href":"https:\/\/agora.xtec.cat\/escolaperevila\/wp-json\/wp\/v2\/pages"}],"about":[{"href":"https:\/\/agora.xtec.cat\/escolaperevila\/wp-json\/wp\/v2\/types\/page"}],"author":[{"embeddable":true,"href":"https:\/\/agora.xtec.cat\/escolaperevila\/wp-json\/wp\/v2\/users\/16"}],"replies":[{"embeddable":true,"href":"https:\/\/agora.xtec.cat\/escolaperevila\/wp-json\/wp\/v2\/comments?post=5143"}],"version-history":[{"count":3,"href":"https:\/\/agora.xtec.cat\/escolaperevila\/wp-json\/wp\/v2\/pages\/5143\/revisions"}],"predecessor-version":[{"id":5151,"href":"https:\/\/agora.xtec.cat\/escolaperevila\/wp-json\/wp\/v2\/pages\/5143\/revisions\/5151"}],"up":[{"embeddable":true,"href":"https:\/\/agora.xtec.cat\/escolaperevila\/wp-json\/wp\/v2\/pages\/5156"}],"wp:attachment":[{"href":"https:\/\/agora.xtec.cat\/escolaperevila\/wp-json\/wp\/v2\/media?parent=5143"}],"curies":[{"name":"wp","href":"https:\/\/api.w.org\/{rel}","templated":true}]}}