{"id":5101,"date":"2026-01-28T00:02:52","date_gmt":"2026-01-27T23:02:52","guid":{"rendered":"https:\/\/agora.xtec.cat\/escolaperevila\/?page_id=5101"},"modified":"2026-05-06T11:22:28","modified_gmt":"2026-05-06T09:22:28","slug":"preinscripcio-i-matricula-26-27","status":"publish","type":"page","link":"https:\/\/agora.xtec.cat\/escolaperevila\/preinscripcio-i-matricula-26-27\/","title":{"rendered":"Preinscripci\u00f3 i matr\u00edcula 26-27"},"content":{"rendered":"\n<p>Les dates de preinscripci\u00f3 s\u00f3n:<\/p>\n\n\n\n<p><strong>Educaci\u00f3 infantil i educaci\u00f3 prim\u00e0ria<\/strong>: del 4 al 18 de mar\u00e7 de 2026<\/p>\n\n\n\n<p>Per a m\u00e9s informaci\u00f3 us podeu adre\u00e7ar a la p\u00e0gina <a href=\"https:\/\/preinscripcio.gencat.cat\/ca\/inici\/\" data-type=\"link\" data-id=\"https:\/\/preinscripcio.gencat.cat\/ca\/inici\/\">web del Departament<\/a> o b\u00e9 a la del <a href=\"https:\/\/www.edubcn.cat\/ca\/alumnat_i_familia\/informacio_general_matriculacio\/preinscripcio_info\" data-type=\"link\" data-id=\"https:\/\/www.edubcn.cat\/ca\/alumnat_i_familia\/informacio_general_matriculacio\/preinscripcio_info\">Consorci d\u2019Educaci\u00f3 de Barcelona<\/a><\/p>\n\n\n\n<p>A mesura que vagi avan\u00e7ant el proc\u00e9s de preinscripci\u00f3, anirem actualitzant els llistats:<\/p>\n\n\n\n<div data-wp-interactive=\"core\/file\" class=\"wp-block-file\"><object data-wp-bind--hidden=\"!state.hasPdfPreview\" hidden class=\"wp-block-file__embed\" data=\"https:\/\/agora.xtec.cat\/escolaperevila\/wp-content\/uploads\/usu223\/2026\/04\/INFORME_BAREM_RESOLTES_RECLAMACIONS.pdf\" type=\"application\/pdf\" style=\"width:100%;height:600px\" aria-label=\"Incrustaci\u00f3 del fitxer LLISTAT DE SOL\u00b7LICITUDS AMB EL BAREM RESOLTES LES RECLAMACIONS.\"><\/object><a id=\"wp-block-file--media-c2ee0e08-179d-42cd-b030-6e03eaa81a3b\" href=\"https:\/\/agora.xtec.cat\/escolaperevila\/wp-content\/uploads\/usu223\/2026\/04\/INFORME_BAREM_RESOLTES_RECLAMACIONS.pdf\">LLISTAT DE SOL\u00b7LICITUDS AMB EL BAREM RESOLTES LES RECLAMACIONS<\/a><a href=\"https:\/\/agora.xtec.cat\/escolaperevila\/wp-content\/uploads\/usu223\/2026\/04\/INFORME_BAREM_RESOLTES_RECLAMACIONS.pdf\" class=\"wp-block-file__button wp-element-button\" download aria-describedby=\"wp-block-file--media-c2ee0e08-179d-42cd-b030-6e03eaa81a3b\">Baixa<\/a><\/div>\n\n\n\n<div data-wp-interactive=\"core\/file\" class=\"wp-block-file alignfull\"><object data-wp-bind--hidden=\"!state.hasPdfPreview\" hidden class=\"wp-block-file__embed\" data=\"https:\/\/agora.xtec.cat\/escolaperevila\/wp-content\/uploads\/usu223\/2026\/04\/INFORME_BAREM_PROVISIONAL.pdf\" type=\"application\/pdf\" style=\"width:100%;height:600px\" aria-label=\"Incrustaci\u00f3 del fitxer LLISTAT DE SOL\u00b7LICITUDS AMB EL BAREM PROVISIONAL.\"><\/object><a id=\"wp-block-file--media-c1100bf4-3cd7-44f5-9112-cb61f3d8c00c\" href=\"https:\/\/agora.xtec.cat\/escolaperevila\/wp-content\/uploads\/usu223\/2026\/04\/INFORME_BAREM_PROVISIONAL.pdf\">LLISTAT DE SOL\u00b7LICITUDS AMB EL BAREM PROVISIONAL<\/a><a href=\"https:\/\/agora.xtec.cat\/escolaperevila\/wp-content\/uploads\/usu223\/2026\/04\/INFORME_BAREM_PROVISIONAL.pdf\" class=\"wp-block-file__button wp-element-button\" download aria-describedby=\"wp-block-file--media-c1100bf4-3cd7-44f5-9112-cb61f3d8c00c\">Baixa<\/a><\/div>\n\n\n\n<div data-wp-interactive=\"core\/file\" class=\"wp-block-file\"><object data-wp-bind--hidden=\"!state.hasPdfPreview\" hidden class=\"wp-block-file__embed\" data=\"https:\/\/agora.xtec.cat\/escolaperevila\/wp-content\/uploads\/usu223\/2026\/05\/INFORME_BAREM_DEFINITIU.pdf\" type=\"application\/pdf\" style=\"width:100%;height:600px\" aria-label=\"Incrustaci\u00f3 del fitxer LLISTAT DE SOL\u00b7LICITUDS AMB EL BAREM DEFINITIU.\"><\/object><a id=\"wp-block-file--media-e251b886-9853-475c-b684-e3f331c2b07c\" href=\"https:\/\/agora.xtec.cat\/escolaperevila\/wp-content\/uploads\/usu223\/2026\/05\/INFORME_BAREM_DEFINITIU.pdf\">LLISTAT DE SOL\u00b7LICITUDS AMB EL BAREM DEFINITIU<\/a><a href=\"https:\/\/agora.xtec.cat\/escolaperevila\/wp-content\/uploads\/usu223\/2026\/05\/INFORME_BAREM_DEFINITIU.pdf\" class=\"wp-block-file__button wp-element-button\" download aria-describedby=\"wp-block-file--media-e251b886-9853-475c-b684-e3f331c2b07c\">Baixa<\/a><\/div>\n\n\n\n<p class=\"has-cyan-bluish-gray-color has-text-color has-link-color wp-elements-982a4b2580d8197f3e228edac90ce406\"><strong>N\u00daMERO DE DESEMPAT:&nbsp;<\/strong><\/p>\n\n\n\n<p class=\"has-cyan-bluish-gray-color has-text-color has-link-color wp-elements-e87a43170d53d4306d7fb9fc5380b66b\"><strong>PUBLICACI\u00d3 DE LA LLISTA DE SOL\u00b7LICITUDS ORDENADA PER PUNTUACI\u00d3<\/strong><\/p>\n\n\n\n<p class=\"has-cyan-bluish-gray-color has-text-color has-link-color wp-elements-a1182d6b3832572e66cbda4e9d416496\"><strong>PUBLICACI\u00d3 DE L\u2019OFERTA DEFINITIVA 2024-2025<\/strong><\/p>\n\n\n\n<p class=\"has-cyan-bluish-gray-color has-text-color has-link-color wp-elements-176e7433907b22631d898c4cb8ced915\"><strong>ALUMNES ASSIGNATS AL CENTRE AMB INDICACI\u00d3 DE LA PRIMERA OPCI\u00d3<\/strong><\/p>\n\n\n\n<p class=\"has-cyan-bluish-gray-color has-text-color has-link-color wp-elements-1e86146d4309c1d8d71d2930ed0730fa\"><strong>ALUMNES PREINSCRITS AL CENTRE<\/strong><\/p>\n\n\n\n<p class=\"has-cyan-bluish-gray-color has-text-color has-link-color wp-elements-fb4175af4b1ae02f41baf70c43cc1f95\"><strong>LLISTA D\u2019ESPERA<\/strong><\/p>\n\n\n\n<p><\/p>\n","protected":false},"excerpt":{"rendered":"<p>Les dates de preinscripci\u00f3 s\u00f3n: Educaci\u00f3 infantil i educaci\u00f3 prim\u00e0ria: del 4 al 18 de mar\u00e7 de 2026 Per a m\u00e9s informaci\u00f3 us podeu adre\u00e7ar a la p\u00e0gina web del Departament o b\u00e9 a la del Consorci d\u2019Educaci\u00f3 de Barcelona A mesura que vagi avan\u00e7ant el proc\u00e9s de preinscripci\u00f3, anirem actualitzant els llistats: N\u00daMERO DE [&hellip;]<\/p>\n","protected":false},"author":16,"featured_media":5178,"parent":0,"menu_order":0,"comment_status":"closed","ping_status":"close","template":"","meta":{"_bbp_topic_count":0,"_bbp_reply_count":0,"_bbp_total_topic_count":0,"_bbp_total_reply_count":0,"_bbp_voice_count":0,"_bbp_anonymous_reply_count":0,"_bbp_topic_count_hidden":0,"_bbp_reply_count_hidden":0,"_bbp_forum_subforum_count":0,"site-sidebar-layout":"left-sidebar","site-content-layout":"","ast-site-content-layout":"default","site-content-style":"default","site-sidebar-style":"default","ast-global-header-display":"","ast-banner-title-visibility":"","ast-main-header-display":"","ast-hfb-above-header-display":"","ast-hfb-below-header-display":"","ast-hfb-mobile-header-display":"","site-post-title":"","ast-breadcrumbs-content":"","ast-featured-img":"","footer-sml-layout":"","theme-transparent-header-meta":"","adv-header-id-meta":"","stick-header-meta":"","header-above-stick-meta":"","header-main-stick-meta":"","header-below-stick-meta":"","astra-migrate-meta-layouts":"set","ast-page-background-enabled":"default","ast-page-background-meta":{"desktop":{"background-color":"var(--ast-global-color-4)","background-image":"","background-repeat":"repeat","background-position":"center center","background-size":"auto","background-attachment":"scroll","background-type":"","background-media":"","overlay-type":"","overlay-color":"","overlay-opacity":"","overlay-gradient":""},"tablet":{"background-color":"","background-image":"","background-repeat":"repeat","background-position":"center center","background-size":"auto","background-attachment":"scroll","background-type":"","background-media":"","overlay-type":"","overlay-color":"","overlay-opacity":"","overlay-gradient":""},"mobile":{"background-color":"","background-image":"","background-repeat":"repeat","background-position":"center center","background-size":"auto","background-attachment":"scroll","background-type":"","background-media":"","overlay-type":"","overlay-color":"","overlay-opacity":"","overlay-gradient":""}},"ast-content-background-meta":{"desktop":{"background-color":"var(--ast-global-color-5)","background-image":"","background-repeat":"repeat","background-position":"center center","background-size":"auto","background-attachment":"scroll","background-type":"","background-media":"","overlay-type":"","overlay-color":"","overlay-opacity":"","overlay-gradient":""},"tablet":{"background-color":"var(--ast-global-color-5)","background-image":"","background-repeat":"repeat","background-position":"center center","background-size":"auto","background-attachment":"scroll","background-type":"","background-media":"","overlay-type":"","overlay-color":"","overlay-opacity":"","overlay-gradient":""},"mobile":{"background-color":"var(--ast-global-color-5)","background-image":"","background-repeat":"repeat","background-position":"center center","background-size":"auto","background-attachment":"scroll","background-type":"","background-media":"","overlay-type":"","overlay-color":"","overlay-opacity":"","overlay-gradient":""}},"footnotes":""},"class_list":["post-5101","page","type-page","status-publish","has-post-thumbnail","hentry"],"post_mailing_queue_ids":[],"_links":{"self":[{"href":"https:\/\/agora.xtec.cat\/escolaperevila\/wp-json\/wp\/v2\/pages\/5101","targetHints":{"allow":["GET"]}}],"collection":[{"href":"https:\/\/agora.xtec.cat\/escolaperevila\/wp-json\/wp\/v2\/pages"}],"about":[{"href":"https:\/\/agora.xtec.cat\/escolaperevila\/wp-json\/wp\/v2\/types\/page"}],"author":[{"embeddable":true,"href":"https:\/\/agora.xtec.cat\/escolaperevila\/wp-json\/wp\/v2\/users\/16"}],"replies":[{"embeddable":true,"href":"https:\/\/agora.xtec.cat\/escolaperevila\/wp-json\/wp\/v2\/comments?post=5101"}],"version-history":[{"count":6,"href":"https:\/\/agora.xtec.cat\/escolaperevila\/wp-json\/wp\/v2\/pages\/5101\/revisions"}],"predecessor-version":[{"id":5276,"href":"https:\/\/agora.xtec.cat\/escolaperevila\/wp-json\/wp\/v2\/pages\/5101\/revisions\/5276"}],"wp:featuredmedia":[{"embeddable":true,"href":"https:\/\/agora.xtec.cat\/escolaperevila\/wp-json\/wp\/v2\/media\/5178"}],"wp:attachment":[{"href":"https:\/\/agora.xtec.cat\/escolaperevila\/wp-json\/wp\/v2\/media?parent=5101"}],"curies":[{"name":"wp","href":"https:\/\/api.w.org\/{rel}","templated":true}]}}