{"id":5094,"date":"2026-01-27T23:45:47","date_gmt":"2026-01-27T22:45:47","guid":{"rendered":"https:\/\/agora.xtec.cat\/escolaperevila\/?page_id=5094"},"modified":"2026-02-08T21:00:31","modified_gmt":"2026-02-08T20:00:31","slug":"portes-obertes","status":"publish","type":"page","link":"https:\/\/agora.xtec.cat\/escolaperevila\/preinscripcio-i-matricula-26-27\/portes-obertes\/","title":{"rendered":"Portes Obertes 26-27"},"content":{"rendered":"\n<figure class=\"wp-block-image size-large\"><a href=\"https:\/\/agora.xtec.cat\/escolaperevila\/wp-content\/uploads\/usu223\/2026\/01\/1-2.png\"><img loading=\"lazy\" decoding=\"async\" width=\"1024\" height=\"1024\" src=\"https:\/\/agora.xtec.cat\/escolaperevila\/wp-content\/uploads\/usu223\/2026\/01\/1-2-1024x1024.png\" alt=\"\" class=\"wp-image-5103\" srcset=\"https:\/\/agora.xtec.cat\/escolaperevila\/wp-content\/uploads\/usu223\/2026\/01\/1-2-1024x1024.png 1024w, https:\/\/agora.xtec.cat\/escolaperevila\/wp-content\/uploads\/usu223\/2026\/01\/1-2-300x300.png 300w, https:\/\/agora.xtec.cat\/escolaperevila\/wp-content\/uploads\/usu223\/2026\/01\/1-2-150x150.png 150w, https:\/\/agora.xtec.cat\/escolaperevila\/wp-content\/uploads\/usu223\/2026\/01\/1-2-768x768.png 768w, https:\/\/agora.xtec.cat\/escolaperevila\/wp-content\/uploads\/usu223\/2026\/01\/1-2.png 1080w\" sizes=\"auto, (max-width: 1024px) 100vw, 1024px\" \/><\/a><\/figure>\n\n\n\n<p>En el cas de les portes obertes generals, del dilluns 23 de febrer, per assistir cal omplir el formulari seg\u00fcent:<\/p>\n\n\n\n<p class=\"has-text-align-left has-medium-font-size\"><a href=\"https:\/\/forms.gle\/4DCqkHyzmMsHS8T56\"><strong>Formulari d&#8217;assist\u00e8ncia<\/strong><\/a><\/p>\n\n\n\n<figure class=\"wp-block-image size-large\"><a href=\"https:\/\/agora.xtec.cat\/escolaperevila\/wp-content\/uploads\/usu223\/2026\/01\/Info-portes-Obertes-1.png\"><img loading=\"lazy\" decoding=\"async\" width=\"1024\" height=\"1024\" src=\"https:\/\/agora.xtec.cat\/escolaperevila\/wp-content\/uploads\/usu223\/2026\/01\/Info-portes-Obertes-1-1024x1024.png\" alt=\"\" class=\"wp-image-5117\" srcset=\"https:\/\/agora.xtec.cat\/escolaperevila\/wp-content\/uploads\/usu223\/2026\/01\/Info-portes-Obertes-1-1024x1024.png 1024w, https:\/\/agora.xtec.cat\/escolaperevila\/wp-content\/uploads\/usu223\/2026\/01\/Info-portes-Obertes-1-300x300.png 300w, https:\/\/agora.xtec.cat\/escolaperevila\/wp-content\/uploads\/usu223\/2026\/01\/Info-portes-Obertes-1-150x150.png 150w, https:\/\/agora.xtec.cat\/escolaperevila\/wp-content\/uploads\/usu223\/2026\/01\/Info-portes-Obertes-1-768x768.png 768w, https:\/\/agora.xtec.cat\/escolaperevila\/wp-content\/uploads\/usu223\/2026\/01\/Info-portes-Obertes-1.png 1080w\" sizes=\"auto, (max-width: 1024px) 100vw, 1024px\" \/><\/a><\/figure>\n\n\n\n<p>M\u00e9s informaci\u00f3:<\/p>\n\n\n\n<p><a href=\"https:\/\/www.edubcn.cat\/ca\/alumnat_i_familia\/informacio_general_matriculacio\/preinscripcio_info\" data-type=\"link\" data-id=\"https:\/\/www.edubcn.cat\/ca\/alumnat_i_familia\/informacio_general_matriculacio\/preinscripcio_info\">Web del Consorci: Preinscripci\u00f3<\/a><\/p>\n\n\n\n<p><a href=\"https:\/\/www.edubcn.cat\/ca\/alumnat_i_familia\/informacio_general_matriculacio\/material_suport\" data-type=\"link\" data-id=\"https:\/\/www.edubcn.cat\/ca\/alumnat_i_familia\/informacio_general_matriculacio\/material_suport\">Guia Preinscripci\u00f3 d&#8217;I3 per al curs 2026-2027<\/a><\/p>\n\n\n\n<p><a href=\"https:\/\/www.edubcn.cat\/ca\/alumnat_i_familia\/informacio_general_matriculacio\/sessions_informatives_per_a_les_families\" data-type=\"link\" data-id=\"https:\/\/www.edubcn.cat\/ca\/alumnat_i_familia\/informacio_general_matriculacio\/sessions_informatives_per_a_les_families\">Calendari de les sessions informatives d&#8217;I3<\/a><\/p>\n\n\n\n<p><\/p>\n","protected":false},"excerpt":{"rendered":"<p>En el cas de les portes obertes generals, del dilluns 23 de febrer, per assistir cal omplir el formulari seg\u00fcent: Formulari d&#8217;assist\u00e8ncia M\u00e9s informaci\u00f3: Web del Consorci: Preinscripci\u00f3 Guia Preinscripci\u00f3 d&#8217;I3 per al curs 2026-2027 Calendari de les sessions informatives d&#8217;I3<\/p>\n","protected":false},"author":16,"featured_media":0,"parent":5101,"menu_order":0,"comment_status":"closed","ping_status":"close","template":"","meta":{"_bbp_topic_count":0,"_bbp_reply_count":0,"_bbp_total_topic_count":0,"_bbp_total_reply_count":0,"_bbp_voice_count":0,"_bbp_anonymous_reply_count":0,"_bbp_topic_count_hidden":0,"_bbp_reply_count_hidden":0,"_bbp_forum_subforum_count":0,"site-sidebar-layout":"left-sidebar","site-content-layout":"","ast-site-content-layout":"default","site-content-style":"default","site-sidebar-style":"boxed","ast-global-header-display":"","ast-banner-title-visibility":"","ast-main-header-display":"","ast-hfb-above-header-display":"","ast-hfb-below-header-display":"","ast-hfb-mobile-header-display":"","site-post-title":"","ast-breadcrumbs-content":"","ast-featured-img":"","footer-sml-layout":"","theme-transparent-header-meta":"","adv-header-id-meta":"","stick-header-meta":"","header-above-stick-meta":"","header-main-stick-meta":"","header-below-stick-meta":"","astra-migrate-meta-layouts":"set","ast-page-background-enabled":"default","ast-page-background-meta":{"desktop":{"background-color":"var(--ast-global-color-4)","background-image":"","background-repeat":"repeat","background-position":"center center","background-size":"auto","background-attachment":"scroll","background-type":"","background-media":"","overlay-type":"","overlay-color":"","overlay-opacity":"","overlay-gradient":""},"tablet":{"background-color":"","background-image":"","background-repeat":"repeat","background-position":"center center","background-size":"auto","background-attachment":"scroll","background-type":"","background-media":"","overlay-type":"","overlay-color":"","overlay-opacity":"","overlay-gradient":""},"mobile":{"background-color":"","background-image":"","background-repeat":"repeat","background-position":"center center","background-size":"auto","background-attachment":"scroll","background-type":"","background-media":"","overlay-type":"","overlay-color":"","overlay-opacity":"","overlay-gradient":""}},"ast-content-background-meta":{"desktop":{"background-color":"var(--ast-global-color-5)","background-image":"","background-repeat":"repeat","background-position":"center center","background-size":"auto","background-attachment":"scroll","background-type":"","background-media":"","overlay-type":"","overlay-color":"","overlay-opacity":"","overlay-gradient":""},"tablet":{"background-color":"var(--ast-global-color-5)","background-image":"","background-repeat":"repeat","background-position":"center center","background-size":"auto","background-attachment":"scroll","background-type":"","background-media":"","overlay-type":"","overlay-color":"","overlay-opacity":"","overlay-gradient":""},"mobile":{"background-color":"var(--ast-global-color-5)","background-image":"","background-repeat":"repeat","background-position":"center center","background-size":"auto","background-attachment":"scroll","background-type":"","background-media":"","overlay-type":"","overlay-color":"","overlay-opacity":"","overlay-gradient":""}},"footnotes":""},"class_list":["post-5094","page","type-page","status-publish","hentry"],"post_mailing_queue_ids":[],"_links":{"self":[{"href":"https:\/\/agora.xtec.cat\/escolaperevila\/wp-json\/wp\/v2\/pages\/5094","targetHints":{"allow":["GET"]}}],"collection":[{"href":"https:\/\/agora.xtec.cat\/escolaperevila\/wp-json\/wp\/v2\/pages"}],"about":[{"href":"https:\/\/agora.xtec.cat\/escolaperevila\/wp-json\/wp\/v2\/types\/page"}],"author":[{"embeddable":true,"href":"https:\/\/agora.xtec.cat\/escolaperevila\/wp-json\/wp\/v2\/users\/16"}],"replies":[{"embeddable":true,"href":"https:\/\/agora.xtec.cat\/escolaperevila\/wp-json\/wp\/v2\/comments?post=5094"}],"version-history":[{"count":6,"href":"https:\/\/agora.xtec.cat\/escolaperevila\/wp-json\/wp\/v2\/pages\/5094\/revisions"}],"predecessor-version":[{"id":5186,"href":"https:\/\/agora.xtec.cat\/escolaperevila\/wp-json\/wp\/v2\/pages\/5094\/revisions\/5186"}],"up":[{"embeddable":true,"href":"https:\/\/agora.xtec.cat\/escolaperevila\/wp-json\/wp\/v2\/pages\/5101"}],"wp:attachment":[{"href":"https:\/\/agora.xtec.cat\/escolaperevila\/wp-json\/wp\/v2\/media?parent=5094"}],"curies":[{"name":"wp","href":"https:\/\/api.w.org\/{rel}","templated":true}]}}