{"id":38,"date":"2014-09-18T12:34:08","date_gmt":"2014-09-18T12:34:08","guid":{"rendered":"http:\/\/agora.xtec.cat\/escolaperevila\/?page_id=38"},"modified":"2026-02-08T18:46:51","modified_gmt":"2026-02-08T17:46:51","slug":"salut","status":"publish","type":"page","link":"https:\/\/agora.xtec.cat\/escolaperevila\/lescola\/salut\/","title":{"rendered":"Salut"},"content":{"rendered":"<h1>DEMANDA D&#8217;ATENCI\u00d3 A LA SALUT<\/h1>\n<p><a href=\"https:\/\/agora.xtec.cat\/escolaperevila\/wp-content\/uploads\/usu223\/2026\/02\/Autoritzacio-Demanda-atencio-salut.pdf\">Autoritzaci\u00f3 &#8211; Demanda atenci\u00f3 salut<\/a><\/p>\n<hr \/>\n<p>L&#8217;escola participa en el seg\u00fcent programa:<\/p>\n<table style=\"border-color: #ffffff; background-color: #ffffff;\" border=\"0\" cellspacing=\"0\" cellpadding=\"0\">\n<tbody>\n<tr>\n<td style=\"width: 272px;\">\n<h5>Pla de consum de fruita a l&#8217;escola<\/h5>\n<p><a href=\"http:\/\/agricultura.gencat.cat\/ca\/ambits\/alimentacio\/promocio-agroalimentaria\/fruita-llet-escoles\/fruita-escoles\/\" target=\"_blank\" rel=\"noopener noreferrer\"><img loading=\"lazy\" decoding=\"async\" class=\"alignnone wp-image-3528\" src=\"https:\/\/agora.xtec.cat\/escolaperevila\/wp-content\/uploads\/usu223\/2021\/03\/Fruita-escola-1024x576.png\" alt=\"\" width=\"263\" height=\"148\" srcset=\"https:\/\/agora.xtec.cat\/escolaperevila\/wp-content\/uploads\/usu223\/2021\/03\/Fruita-escola-1024x576.png 1024w, https:\/\/agora.xtec.cat\/escolaperevila\/wp-content\/uploads\/usu223\/2021\/03\/Fruita-escola-300x169.png 300w, https:\/\/agora.xtec.cat\/escolaperevila\/wp-content\/uploads\/usu223\/2021\/03\/Fruita-escola-768x432.png 768w, https:\/\/agora.xtec.cat\/escolaperevila\/wp-content\/uploads\/usu223\/2021\/03\/Fruita-escola.png 1280w\" sizes=\"auto, (max-width: 263px) 100vw, 263px\" \/><\/a><\/td>\n<td style=\"width: 400px;\">\n<h5 style=\"text-align: center;\">Col\u00b7laboraci\u00f3 amb l&#8217;Ag\u00e8ncia de Salut de Barcelona<\/h5>\n<p><a href=\"http:\/\/www.aspb.cat\/quefem\/escoles\/\"><img loading=\"lazy\" decoding=\"async\" class=\"aligncenter wp-image-358 size-full\" src=\"http:\/\/agora.xtec.cat\/escolaperevila\/wp-content\/uploads\/usu223\/2014\/09\/logo_aspb.png\" alt=\"logo_aspb\" width=\"351\" height=\"62\" srcset=\"https:\/\/agora.xtec.cat\/escolaperevila\/wp-content\/uploads\/usu223\/2014\/09\/logo_aspb.png 351w, https:\/\/agora.xtec.cat\/escolaperevila\/wp-content\/uploads\/usu223\/2014\/09\/logo_aspb-300x52.png 300w\" sizes=\"auto, (max-width: 351px) 100vw, 351px\" \/><\/a><\/td>\n<\/tr>\n<\/tbody>\n<\/table>\n","protected":false},"excerpt":{"rendered":"<p>DEMANDA D&#8217;ATENCI\u00d3 A LA SALUT Autoritzaci\u00f3 &#8211; Demanda atenci\u00f3 salut L&#8217;escola participa en el seg\u00fcent programa: Pla de consum de fruita a l&#8217;escola Col\u00b7laboraci\u00f3 amb l&#8217;Ag\u00e8ncia de Salut de Barcelona<\/p>\n","protected":false},"author":2,"featured_media":0,"parent":22,"menu_order":110,"comment_status":"closed","ping_status":"closed","template":"","meta":{"_bbp_topic_count":0,"_bbp_reply_count":0,"_bbp_total_topic_count":0,"_bbp_total_reply_count":0,"_bbp_voice_count":0,"_bbp_anonymous_reply_count":0,"_bbp_topic_count_hidden":0,"_bbp_reply_count_hidden":0,"_bbp_forum_subforum_count":0,"site-sidebar-layout":"default","site-content-layout":"","ast-site-content-layout":"default","site-content-style":"default","site-sidebar-style":"default","ast-global-header-display":"","ast-banner-title-visibility":"","ast-main-header-display":"","ast-hfb-above-header-display":"","ast-hfb-below-header-display":"","ast-hfb-mobile-header-display":"","site-post-title":"","ast-breadcrumbs-content":"","ast-featured-img":"","footer-sml-layout":"","theme-transparent-header-meta":"","adv-header-id-meta":"","stick-header-meta":"","header-above-stick-meta":"","header-main-stick-meta":"","header-below-stick-meta":"","astra-migrate-meta-layouts":"set","ast-page-background-enabled":"default","ast-page-background-meta":{"desktop":{"background-color":"var(--ast-global-color-4)","background-image":"","background-repeat":"repeat","background-position":"center center","background-size":"auto","background-attachment":"scroll","background-type":"","background-media":"","overlay-type":"","overlay-color":"","overlay-opacity":"","overlay-gradient":""},"tablet":{"background-color":"","background-image":"","background-repeat":"repeat","background-position":"center center","background-size":"auto","background-attachment":"scroll","background-type":"","background-media":"","overlay-type":"","overlay-color":"","overlay-opacity":"","overlay-gradient":""},"mobile":{"background-color":"","background-image":"","background-repeat":"repeat","background-position":"center center","background-size":"auto","background-attachment":"scroll","background-type":"","background-media":"","overlay-type":"","overlay-color":"","overlay-opacity":"","overlay-gradient":""}},"ast-content-background-meta":{"desktop":{"background-color":"var(--ast-global-color-5)","background-image":"","background-repeat":"repeat","background-position":"center center","background-size":"auto","background-attachment":"scroll","background-type":"","background-media":"","overlay-type":"","overlay-color":"","overlay-opacity":"","overlay-gradient":""},"tablet":{"background-color":"var(--ast-global-color-5)","background-image":"","background-repeat":"repeat","background-position":"center center","background-size":"auto","background-attachment":"scroll","background-type":"","background-media":"","overlay-type":"","overlay-color":"","overlay-opacity":"","overlay-gradient":""},"mobile":{"background-color":"var(--ast-global-color-5)","background-image":"","background-repeat":"repeat","background-position":"center center","background-size":"auto","background-attachment":"scroll","background-type":"","background-media":"","overlay-type":"","overlay-color":"","overlay-opacity":"","overlay-gradient":""}},"footnotes":""},"class_list":["post-38","page","type-page","status-publish","hentry"],"post_mailing_queue_ids":[],"_links":{"self":[{"href":"https:\/\/agora.xtec.cat\/escolaperevila\/wp-json\/wp\/v2\/pages\/38","targetHints":{"allow":["GET"]}}],"collection":[{"href":"https:\/\/agora.xtec.cat\/escolaperevila\/wp-json\/wp\/v2\/pages"}],"about":[{"href":"https:\/\/agora.xtec.cat\/escolaperevila\/wp-json\/wp\/v2\/types\/page"}],"author":[{"embeddable":true,"href":"https:\/\/agora.xtec.cat\/escolaperevila\/wp-json\/wp\/v2\/users\/2"}],"replies":[{"embeddable":true,"href":"https:\/\/agora.xtec.cat\/escolaperevila\/wp-json\/wp\/v2\/comments?post=38"}],"version-history":[{"count":6,"href":"https:\/\/agora.xtec.cat\/escolaperevila\/wp-json\/wp\/v2\/pages\/38\/revisions"}],"predecessor-version":[{"id":5155,"href":"https:\/\/agora.xtec.cat\/escolaperevila\/wp-json\/wp\/v2\/pages\/38\/revisions\/5155"}],"up":[{"embeddable":true,"href":"https:\/\/agora.xtec.cat\/escolaperevila\/wp-json\/wp\/v2\/pages\/22"}],"wp:attachment":[{"href":"https:\/\/agora.xtec.cat\/escolaperevila\/wp-json\/wp\/v2\/media?parent=38"}],"curies":[{"name":"wp","href":"https:\/\/api.w.org\/{rel}","templated":true}]}}