{"id":34,"date":"2014-09-18T12:32:18","date_gmt":"2014-09-18T12:32:18","guid":{"rendered":"http:\/\/agora.xtec.cat\/escolaperevila\/?page_id=34"},"modified":"2023-11-28T09:50:50","modified_gmt":"2023-11-28T08:50:50","slug":"oferta-educativa","status":"publish","type":"page","link":"https:\/\/agora.xtec.cat\/escolaperevila\/lescola\/oferta-educativa\/","title":{"rendered":"Oferta educativa"},"content":{"rendered":"<p>&nbsp;<\/p>\n<p style=\"color: #444444;\">L&#8217;escola ofereix Educaci\u00f3 Infantil i Prim\u00e0ria.<\/p>\n<h4 style=\"color: #444444;\">Visita l&#8217;Escola<\/h4>\n<p style=\"color: #444444;\">Si voleu visitar l&#8217;Escola\u00a0us heu de posar en contacte amb la Direcci\u00f3 del centre i concertar una visita:<br \/>\n&#8211; Tel\u00e8fon: 933.099.417<br \/>\n&#8211; Correu electr\u00f2nic: escolaperevila@xtec.cat<\/p>\n<h4>Matr\u00edcula<\/h4>\n<h6>Matr\u00edcula ordin\u00e0ria<\/h6>\n<p>Durant el termini establert per l&#8217;administraci\u00f3 educativa a la secretaria del centre: si no us han assignat una hora, poseu-vos en contacte. \u00c9s important demanar hora a la Secretaria per poder fer la matr\u00edcula.<\/p>\n<h6>Matr\u00edcula fora de termini<\/h6>\n<p>poseu-vos en contacte amb la Direcci\u00f3 del centre.<\/p>\n<h6>Documentaci\u00f3<\/h6>\n<ul>\n<li>Carta de comprom\u00eds<\/li>\n<li>Full de dades<\/li>\n<li>Full d&#8217;autoritzacions<\/li>\n<li>Full de dades de salut<\/li>\n<\/ul>\n<h4><a href=\"http:\/\/www.xtec.cat\/web\/projectes\/alumnatnou\/acollida\/informacio2\">Informaci\u00f3 en altres idiomes<\/a>: castell\u00e0, angl\u00e8s, \u00e0rab, urd\u00fa, xin\u00e8s&#8230;<\/h4>\n<p>&nbsp;<\/p>\n","protected":false},"excerpt":{"rendered":"<p>&nbsp; L&#8217;escola ofereix Educaci\u00f3 Infantil i Prim\u00e0ria. Visita l&#8217;Escola Si voleu visitar l&#8217;Escola\u00a0us heu de posar en contacte amb la Direcci\u00f3 del centre i concertar una visita: &#8211; Tel\u00e8fon: 933.099.417 &#8211; Correu electr\u00f2nic: escolaperevila@xtec.cat Matr\u00edcula Matr\u00edcula ordin\u00e0ria Durant el termini establert per l&#8217;administraci\u00f3 educativa a la secretaria del centre: si no us han assignat una [&hellip;]<\/p>\n","protected":false},"author":2,"featured_media":0,"parent":22,"menu_order":50,"comment_status":"closed","ping_status":"closed","template":"page-templates\/side-menu.php","meta":{"_bbp_topic_count":0,"_bbp_reply_count":0,"_bbp_total_topic_count":0,"_bbp_total_reply_count":0,"_bbp_voice_count":0,"_bbp_anonymous_reply_count":0,"_bbp_topic_count_hidden":0,"_bbp_reply_count_hidden":0,"_bbp_forum_subforum_count":0,"site-sidebar-layout":"default","site-content-layout":"","ast-site-content-layout":"","site-content-style":"default","site-sidebar-style":"default","ast-global-header-display":"","ast-banner-title-visibility":"","ast-main-header-display":"","ast-hfb-above-header-display":"","ast-hfb-below-header-display":"","ast-hfb-mobile-header-display":"","site-post-title":"","ast-breadcrumbs-content":"","ast-featured-img":"","footer-sml-layout":"","theme-transparent-header-meta":"","adv-header-id-meta":"","stick-header-meta":"","header-above-stick-meta":"","header-main-stick-meta":"","header-below-stick-meta":"","astra-migrate-meta-layouts":"default","ast-page-background-enabled":"default","ast-page-background-meta":{"desktop":{"background-color":"var(--ast-global-color-4)","background-image":"","background-repeat":"repeat","background-position":"center center","background-size":"auto","background-attachment":"scroll","background-type":"","background-media":"","overlay-type":"","overlay-color":"","overlay-opacity":"","overlay-gradient":""},"tablet":{"background-color":"","background-image":"","background-repeat":"repeat","background-position":"center center","background-size":"auto","background-attachment":"scroll","background-type":"","background-media":"","overlay-type":"","overlay-color":"","overlay-opacity":"","overlay-gradient":""},"mobile":{"background-color":"","background-image":"","background-repeat":"repeat","background-position":"center center","background-size":"auto","background-attachment":"scroll","background-type":"","background-media":"","overlay-type":"","overlay-color":"","overlay-opacity":"","overlay-gradient":""}},"ast-content-background-meta":{"desktop":{"background-color":"var(--ast-global-color-5)","background-image":"","background-repeat":"repeat","background-position":"center center","background-size":"auto","background-attachment":"scroll","background-type":"","background-media":"","overlay-type":"","overlay-color":"","overlay-opacity":"","overlay-gradient":""},"tablet":{"background-color":"var(--ast-global-color-5)","background-image":"","background-repeat":"repeat","background-position":"center center","background-size":"auto","background-attachment":"scroll","background-type":"","background-media":"","overlay-type":"","overlay-color":"","overlay-opacity":"","overlay-gradient":""},"mobile":{"background-color":"var(--ast-global-color-5)","background-image":"","background-repeat":"repeat","background-position":"center center","background-size":"auto","background-attachment":"scroll","background-type":"","background-media":"","overlay-type":"","overlay-color":"","overlay-opacity":"","overlay-gradient":""}},"footnotes":""},"class_list":["post-34","page","type-page","status-publish","hentry"],"post_mailing_queue_ids":[],"_links":{"self":[{"href":"https:\/\/agora.xtec.cat\/escolaperevila\/wp-json\/wp\/v2\/pages\/34","targetHints":{"allow":["GET"]}}],"collection":[{"href":"https:\/\/agora.xtec.cat\/escolaperevila\/wp-json\/wp\/v2\/pages"}],"about":[{"href":"https:\/\/agora.xtec.cat\/escolaperevila\/wp-json\/wp\/v2\/types\/page"}],"author":[{"embeddable":true,"href":"https:\/\/agora.xtec.cat\/escolaperevila\/wp-json\/wp\/v2\/users\/2"}],"replies":[{"embeddable":true,"href":"https:\/\/agora.xtec.cat\/escolaperevila\/wp-json\/wp\/v2\/comments?post=34"}],"version-history":[{"count":5,"href":"https:\/\/agora.xtec.cat\/escolaperevila\/wp-json\/wp\/v2\/pages\/34\/revisions"}],"predecessor-version":[{"id":4701,"href":"https:\/\/agora.xtec.cat\/escolaperevila\/wp-json\/wp\/v2\/pages\/34\/revisions\/4701"}],"up":[{"embeddable":true,"href":"https:\/\/agora.xtec.cat\/escolaperevila\/wp-json\/wp\/v2\/pages\/22"}],"wp:attachment":[{"href":"https:\/\/agora.xtec.cat\/escolaperevila\/wp-json\/wp\/v2\/media?parent=34"}],"curies":[{"name":"wp","href":"https:\/\/api.w.org\/{rel}","templated":true}]}}