{"id":3235,"date":"2021-01-28T13:19:26","date_gmt":"2021-01-28T12:19:26","guid":{"rendered":"https:\/\/agora.xtec.cat\/escolaperevila\/?page_id=3235"},"modified":"2026-02-08T19:07:41","modified_gmt":"2026-02-08T18:07:41","slug":"suport-tac-families","status":"publish","type":"page","link":"https:\/\/agora.xtec.cat\/escolaperevila\/espai-families\/suport-tac-families\/","title":{"rendered":"Suport DIGITAL Fam\u00edlies"},"content":{"rendered":"<h4>Acolliment Digital Alumnat i Fam\u00edlies<\/h4>\n<p>Benvolgudes fam\u00edlies,<\/p>\n<p>En aquest document trobareu tota la informaci\u00f3 rellevant relacionada amb l&#8217;\u00e0mbit digital a l&#8217;Escola Pere Vila.<\/p>\n<p><a href=\"https:\/\/docs.google.com\/document\/d\/1tsvc2FoI3TUGkB4nMRog-cp4gVpWlzdK\/edit?usp=sharing&amp;ouid=112174811837646825417&amp;rtpof=true&amp;sd=true\" target=\"_blank\" rel=\"noopener\"><img loading=\"lazy\" decoding=\"async\" class=\"wp-image-4666 aligncenter\" src=\"https:\/\/agora.xtec.cat\/escolaperevila\/wp-content\/uploads\/usu223\/2023\/06\/Acolliment-Digital-Families-1024x576.png\" alt=\"\" width=\"702\" height=\"395\" srcset=\"https:\/\/agora.xtec.cat\/escolaperevila\/wp-content\/uploads\/usu223\/2023\/06\/Acolliment-Digital-Families-1024x576.png 1024w, https:\/\/agora.xtec.cat\/escolaperevila\/wp-content\/uploads\/usu223\/2023\/06\/Acolliment-Digital-Families-300x169.png 300w, https:\/\/agora.xtec.cat\/escolaperevila\/wp-content\/uploads\/usu223\/2023\/06\/Acolliment-Digital-Families-768x432.png 768w, https:\/\/agora.xtec.cat\/escolaperevila\/wp-content\/uploads\/usu223\/2023\/06\/Acolliment-Digital-Families.png 1280w\" sizes=\"auto, (max-width: 702px) 100vw, 702px\" \/><\/a><\/p>\n<h4>Assessorament Digital per fam\u00edlies<\/h4>\n<div dir=\"auto\">\n<p>Amb la intenci\u00f3 de seguir millorant la nostra comunicaci\u00f3 amb la comunitat educativa, des de l&#8217;escola hem decidit fixar 2 hores setmanals dedicades a l&#8217;atenci\u00f3 personalitzada a totes aquelles fam\u00edlies que necessitin ajuda i assessorament TAC (per exemple:\u00a0 activaci\u00f3 i configuraci\u00f3 dels usuaris &#8220;@<a href=\"http:\/\/escolaperevila.cat\/\" target=\"_blank\" rel=\"noopener noreferrer\" data-saferedirecturl=\"https:\/\/www.google.com\/url?q=http:\/\/escolaperevila.cat&amp;source=gmail&amp;ust=1611922521150000&amp;usg=AFQjCNFuqGI376Yn_0db2u2p-KHmQkhyvA\">escolaperevila.cat<\/a>&#8221; dels alumnes, com utilitzar les diferents eines GWorkspace que ja fan servir els nens i nenes a l&#8217;escola com Gmail, Classroom o Drive, com fer videotrucades amb Google Meet, etc&#8230;).<\/p>\n<p>Per poder donar-vos resposta, obrim 2 canals de comunicaci\u00f3:<\/p>\n<h4>1- Presencial (mitjan\u00e7ant cita pr\u00e8via)<\/h4>\n<p>L&#8217;horari d&#8217;atenci\u00f3 ser\u00e0 el seg\u00fcent:<br \/>\n&#8211;\u00a0<u>Els divendres de 11:30h a 12:30h.<\/u> (Us atendr\u00e0 el Xavi Garcia).<br \/>\nPer obtenir cita i poder ser atesos a l\u2019escola, heu d\u2019enviar-nos un correu a\u00a0<i>&#8220;<a href=\"mailto:ajudatac@escolaperevila.cat\" target=\"_blank\" rel=\"noopener noreferrer\">ajudatac@escolaperevila.cat<\/a><wbr \/>&#8220;<\/i>\u00a0i us respondrem amb el dia i l\u2019hora disponibles.<\/p>\n<h4>2- Per mail<\/h4>\n<p>Ens podeu escriure al correu\u00a0<i>\u201c<a href=\"mailto:ajudatac@escolaperevila.cat\" target=\"_blank\" rel=\"noopener noreferrer\">ajudatac@<wbr \/>escolaperevila.cat<\/a>\u201d<\/i>\u00a0i us respondrem tan aviat com puguem amb les possibles solucions.<\/p>\n<p>Esperem que aquestes mesures us siguin d\u2019ajuda.<\/p>\n<p><strong>Equip Estrat\u00e8gia DIGITAL<\/strong><\/p>\n<\/div>\n","protected":false},"excerpt":{"rendered":"<p>Acolliment Digital Alumnat i Fam\u00edlies Benvolgudes fam\u00edlies, En aquest document trobareu tota la informaci\u00f3 rellevant relacionada amb l&#8217;\u00e0mbit digital a l&#8217;Escola Pere Vila. Assessorament Digital per fam\u00edlies Amb la intenci\u00f3 de seguir millorant la nostra comunicaci\u00f3 amb la comunitat educativa, des de l&#8217;escola hem decidit fixar 2 hores setmanals dedicades a l&#8217;atenci\u00f3 personalitzada a totes [&hellip;]<\/p>\n","protected":false},"author":5,"featured_media":0,"parent":5156,"menu_order":0,"comment_status":"closed","ping_status":"closed","template":"","meta":{"_bbp_topic_count":0,"_bbp_reply_count":0,"_bbp_total_topic_count":0,"_bbp_total_reply_count":0,"_bbp_voice_count":0,"_bbp_anonymous_reply_count":0,"_bbp_topic_count_hidden":0,"_bbp_reply_count_hidden":0,"_bbp_forum_subforum_count":0,"site-sidebar-layout":"default","site-content-layout":"","ast-site-content-layout":"default","site-content-style":"default","site-sidebar-style":"default","ast-global-header-display":"","ast-banner-title-visibility":"","ast-main-header-display":"","ast-hfb-above-header-display":"","ast-hfb-below-header-display":"","ast-hfb-mobile-header-display":"","site-post-title":"","ast-breadcrumbs-content":"","ast-featured-img":"","footer-sml-layout":"","theme-transparent-header-meta":"","adv-header-id-meta":"","stick-header-meta":"","header-above-stick-meta":"","header-main-stick-meta":"","header-below-stick-meta":"","astra-migrate-meta-layouts":"set","ast-page-background-enabled":"default","ast-page-background-meta":{"desktop":{"background-color":"var(--ast-global-color-4)","background-image":"","background-repeat":"repeat","background-position":"center center","background-size":"auto","background-attachment":"scroll","background-type":"","background-media":"","overlay-type":"","overlay-color":"","overlay-opacity":"","overlay-gradient":""},"tablet":{"background-color":"","background-image":"","background-repeat":"repeat","background-position":"center center","background-size":"auto","background-attachment":"scroll","background-type":"","background-media":"","overlay-type":"","overlay-color":"","overlay-opacity":"","overlay-gradient":""},"mobile":{"background-color":"","background-image":"","background-repeat":"repeat","background-position":"center center","background-size":"auto","background-attachment":"scroll","background-type":"","background-media":"","overlay-type":"","overlay-color":"","overlay-opacity":"","overlay-gradient":""}},"ast-content-background-meta":{"desktop":{"background-color":"var(--ast-global-color-5)","background-image":"","background-repeat":"repeat","background-position":"center center","background-size":"auto","background-attachment":"scroll","background-type":"","background-media":"","overlay-type":"","overlay-color":"","overlay-opacity":"","overlay-gradient":""},"tablet":{"background-color":"var(--ast-global-color-5)","background-image":"","background-repeat":"repeat","background-position":"center center","background-size":"auto","background-attachment":"scroll","background-type":"","background-media":"","overlay-type":"","overlay-color":"","overlay-opacity":"","overlay-gradient":""},"mobile":{"background-color":"var(--ast-global-color-5)","background-image":"","background-repeat":"repeat","background-position":"center center","background-size":"auto","background-attachment":"scroll","background-type":"","background-media":"","overlay-type":"","overlay-color":"","overlay-opacity":"","overlay-gradient":""}},"footnotes":""},"class_list":["post-3235","page","type-page","status-publish","hentry"],"post_mailing_queue_ids":[],"_links":{"self":[{"href":"https:\/\/agora.xtec.cat\/escolaperevila\/wp-json\/wp\/v2\/pages\/3235","targetHints":{"allow":["GET"]}}],"collection":[{"href":"https:\/\/agora.xtec.cat\/escolaperevila\/wp-json\/wp\/v2\/pages"}],"about":[{"href":"https:\/\/agora.xtec.cat\/escolaperevila\/wp-json\/wp\/v2\/types\/page"}],"author":[{"embeddable":true,"href":"https:\/\/agora.xtec.cat\/escolaperevila\/wp-json\/wp\/v2\/users\/5"}],"replies":[{"embeddable":true,"href":"https:\/\/agora.xtec.cat\/escolaperevila\/wp-json\/wp\/v2\/comments?post=3235"}],"version-history":[{"count":4,"href":"https:\/\/agora.xtec.cat\/escolaperevila\/wp-json\/wp\/v2\/pages\/3235\/revisions"}],"predecessor-version":[{"id":5163,"href":"https:\/\/agora.xtec.cat\/escolaperevila\/wp-json\/wp\/v2\/pages\/3235\/revisions\/5163"}],"up":[{"embeddable":true,"href":"https:\/\/agora.xtec.cat\/escolaperevila\/wp-json\/wp\/v2\/pages\/5156"}],"wp:attachment":[{"href":"https:\/\/agora.xtec.cat\/escolaperevila\/wp-json\/wp\/v2\/media?parent=3235"}],"curies":[{"name":"wp","href":"https:\/\/api.w.org\/{rel}","templated":true}]}}