{"id":32,"date":"2014-09-18T12:31:33","date_gmt":"2014-09-18T12:31:33","guid":{"rendered":"http:\/\/agora.xtec.cat\/escolaperevila\/?page_id=32"},"modified":"2025-09-05T11:02:11","modified_gmt":"2025-09-05T09:02:11","slug":"calendari-del-curs","status":"publish","type":"page","link":"https:\/\/agora.xtec.cat\/escolaperevila\/lescola\/calendari-del-curs\/","title":{"rendered":"Calendari del curs"},"content":{"rendered":"<h4 style=\"text-align: center;\"><strong><u>Curs 2025_2026<\/u><\/strong><\/h4>\n<p><a href=\"https:\/\/agora.xtec.cat\/escolaperevila\/wp-content\/uploads\/usu223\/2025\/09\/CALENDARI_ESCOLAR_2025_2026.docx.pdf\"><img loading=\"lazy\" decoding=\"async\" class=\"alignnone wp-image-5004 size-large\" src=\"https:\/\/agora.xtec.cat\/escolaperevila\/wp-content\/uploads\/usu223\/2025\/09\/CALENDARI_ESCOLAR_2025_2026.docx-pdf-725x1024.jpg\" alt=\"\" width=\"725\" height=\"1024\" \/><\/a><\/p>\n<p>Descarrega&#8217;t el calendari i l&#8217;horari lectiu:\u00a0<strong><a href=\"https:\/\/agora.xtec.cat\/escolaperevila\/wp-content\/uploads\/usu223\/2025\/09\/CALENDARI_ESCOLAR_2025_2026.docx.pdf\" target=\"_blank\" rel=\"noopener\"> CALENDARI ESCOLAR 2025_2026<\/a>.<\/strong><\/p>\n<h5><span style=\"color: #3366ff;\"><strong>Jornada compactada:<\/strong><\/span><\/h5>\n<p>El <strong>19 de desembre de 2025<\/strong> i del <strong>8 al 19 de juny de 2026,<\/strong> la jornada lectiva ser\u00e0 en sessi\u00f3 \u00fanica de mat\u00ed (de 9:00 a 13:00).<\/p>\n<p>Per als alumnes que inicien l\u2019escolaritzaci\u00f3 a I3 s\u2019organitza un breu per\u00edode d\u2019adaptaci\u00f3 que suposa una certa modificaci\u00f3 dels horaris del<strong> 8 al 11 de setembre de 2025<\/strong>,\u00a0i que es fa saber a les fam\u00edlies en les reunions pr\u00e8vies corresponents.<\/p>\n","protected":false},"excerpt":{"rendered":"<p>Curs 2025_2026 Descarrega&#8217;t el calendari i l&#8217;horari lectiu:\u00a0 CALENDARI ESCOLAR 2025_2026. Jornada compactada: El 19 de desembre de 2025 i del 8 al 19 de juny de 2026, la jornada lectiva ser\u00e0 en sessi\u00f3 \u00fanica de mat\u00ed (de 9:00 a 13:00). Per als alumnes que inicien l\u2019escolaritzaci\u00f3 a I3 s\u2019organitza un breu per\u00edode d\u2019adaptaci\u00f3 que [&hellip;]<\/p>\n","protected":false},"author":2,"featured_media":0,"parent":22,"menu_order":70,"comment_status":"closed","ping_status":"closed","template":"","meta":{"_bbp_topic_count":0,"_bbp_reply_count":0,"_bbp_total_topic_count":0,"_bbp_total_reply_count":0,"_bbp_voice_count":0,"_bbp_anonymous_reply_count":0,"_bbp_topic_count_hidden":0,"_bbp_reply_count_hidden":0,"_bbp_forum_subforum_count":0,"site-sidebar-layout":"default","site-content-layout":"","ast-site-content-layout":"default","site-content-style":"default","site-sidebar-style":"default","ast-global-header-display":"","ast-banner-title-visibility":"","ast-main-header-display":"","ast-hfb-above-header-display":"","ast-hfb-below-header-display":"","ast-hfb-mobile-header-display":"","site-post-title":"","ast-breadcrumbs-content":"","ast-featured-img":"","footer-sml-layout":"","theme-transparent-header-meta":"","adv-header-id-meta":"","stick-header-meta":"","header-above-stick-meta":"","header-main-stick-meta":"","header-below-stick-meta":"","astra-migrate-meta-layouts":"set","ast-page-background-enabled":"default","ast-page-background-meta":{"desktop":{"background-color":"var(--ast-global-color-4)","background-image":"","background-repeat":"repeat","background-position":"center center","background-size":"auto","background-attachment":"scroll","background-type":"","background-media":"","overlay-type":"","overlay-color":"","overlay-opacity":"","overlay-gradient":""},"tablet":{"background-color":"","background-image":"","background-repeat":"repeat","background-position":"center center","background-size":"auto","background-attachment":"scroll","background-type":"","background-media":"","overlay-type":"","overlay-color":"","overlay-opacity":"","overlay-gradient":""},"mobile":{"background-color":"","background-image":"","background-repeat":"repeat","background-position":"center center","background-size":"auto","background-attachment":"scroll","background-type":"","background-media":"","overlay-type":"","overlay-color":"","overlay-opacity":"","overlay-gradient":""}},"ast-content-background-meta":{"desktop":{"background-color":"var(--ast-global-color-5)","background-image":"","background-repeat":"repeat","background-position":"center center","background-size":"auto","background-attachment":"scroll","background-type":"","background-media":"","overlay-type":"","overlay-color":"","overlay-opacity":"","overlay-gradient":""},"tablet":{"background-color":"var(--ast-global-color-5)","background-image":"","background-repeat":"repeat","background-position":"center center","background-size":"auto","background-attachment":"scroll","background-type":"","background-media":"","overlay-type":"","overlay-color":"","overlay-opacity":"","overlay-gradient":""},"mobile":{"background-color":"var(--ast-global-color-5)","background-image":"","background-repeat":"repeat","background-position":"center center","background-size":"auto","background-attachment":"scroll","background-type":"","background-media":"","overlay-type":"","overlay-color":"","overlay-opacity":"","overlay-gradient":""}},"footnotes":""},"class_list":["post-32","page","type-page","status-publish","hentry"],"post_mailing_queue_ids":[],"_links":{"self":[{"href":"https:\/\/agora.xtec.cat\/escolaperevila\/wp-json\/wp\/v2\/pages\/32","targetHints":{"allow":["GET"]}}],"collection":[{"href":"https:\/\/agora.xtec.cat\/escolaperevila\/wp-json\/wp\/v2\/pages"}],"about":[{"href":"https:\/\/agora.xtec.cat\/escolaperevila\/wp-json\/wp\/v2\/types\/page"}],"author":[{"embeddable":true,"href":"https:\/\/agora.xtec.cat\/escolaperevila\/wp-json\/wp\/v2\/users\/2"}],"replies":[{"embeddable":true,"href":"https:\/\/agora.xtec.cat\/escolaperevila\/wp-json\/wp\/v2\/comments?post=32"}],"version-history":[{"count":6,"href":"https:\/\/agora.xtec.cat\/escolaperevila\/wp-json\/wp\/v2\/pages\/32\/revisions"}],"predecessor-version":[{"id":5011,"href":"https:\/\/agora.xtec.cat\/escolaperevila\/wp-json\/wp\/v2\/pages\/32\/revisions\/5011"}],"up":[{"embeddable":true,"href":"https:\/\/agora.xtec.cat\/escolaperevila\/wp-json\/wp\/v2\/pages\/22"}],"wp:attachment":[{"href":"https:\/\/agora.xtec.cat\/escolaperevila\/wp-json\/wp\/v2\/media?parent=32"}],"curies":[{"name":"wp","href":"https:\/\/api.w.org\/{rel}","templated":true}]}}