{"id":24,"date":"2014-09-18T12:23:15","date_gmt":"2014-09-18T12:23:15","guid":{"rendered":"http:\/\/agora.xtec.cat\/escolaperevila\/?page_id=24"},"modified":"2024-09-23T14:51:58","modified_gmt":"2024-09-23T12:51:58","slug":"on-som","status":"publish","type":"page","link":"https:\/\/agora.xtec.cat\/escolaperevila\/lescola\/on-som\/","title":{"rendered":"On som"},"content":{"rendered":"<p style=\"color: #666666;\"><strong>Escola Pere Vila<\/strong><br \/>\nPasseig Llu\u00eds Companys, 18<br \/>\n08018 Barcelona<\/p>\n<p>Tel. 933 099417<br \/>\nescolaperevila@xtec.cat<br \/>\n<iframe loading=\"lazy\" style=\"border: 0;\" src=\"https:\/\/www.google.com\/maps\/embed?pb=!1m24!1m12!1m3!1d95782.73205493725!2d2.107438446449695!3d41.39123741250084!2m3!1f0!2f0!3f0!3m2!1i1024!2i768!4f13.1!4m9!1i0!3e3!4m0!4m5!1s0x12a4a2e32ecfe60b%3A0x7e8a516b1deeea0a!2sColegio+P%C3%BAblico+Pere+Vila%2C+Passeig+de+Llu%C3%ADs+Companys%2C+18%2C+08018+Barcelona%2C+Espa%C3%B1a!3m2!1d41.391261!2d2.181256!5e0!3m2!1ses!2ses!4v1424352430941\" width=\"600\" height=\"450\" frameborder=\"0\"><\/iframe><br \/>\n<strong>Com arribar-hi:<\/strong><\/p>\n<p><strong>Metro:\u00a0<\/strong>L\u00ednia L1. Estaci\u00f3 Arc del Triomf<\/p>\n<h3><span style=\"color: #339966;\"><strong>Et pot interessar<\/strong><\/span><\/h3>\n<p><strong><em>Menjador Escola Per<\/em><em>e Vila<\/em>: <\/strong><\/p>\n<p><a href=\"https:\/\/centres.escoles.fundesplai.org\/escola-pere-vila\/menu\/\" target=\"_blank\" rel=\"noopener\"><img loading=\"lazy\" decoding=\"async\" class=\"alignnone wp-image-4247\" src=\"https:\/\/agora.xtec.cat\/escolaperevila\/wp-content\/uploads\/usu223\/2021\/10\/Presentacio-Fundesplai-1024x576.png\" alt=\"\" width=\"195\" height=\"110\" srcset=\"https:\/\/agora.xtec.cat\/escolaperevila\/wp-content\/uploads\/usu223\/2021\/10\/Presentacio-Fundesplai-1024x576.png 1024w, https:\/\/agora.xtec.cat\/escolaperevila\/wp-content\/uploads\/usu223\/2021\/10\/Presentacio-Fundesplai-300x169.png 300w, https:\/\/agora.xtec.cat\/escolaperevila\/wp-content\/uploads\/usu223\/2021\/10\/Presentacio-Fundesplai-768x432.png 768w, https:\/\/agora.xtec.cat\/escolaperevila\/wp-content\/uploads\/usu223\/2021\/10\/Presentacio-Fundesplai.png 1280w\" sizes=\"auto, (max-width: 195px) 100vw, 195px\" \/><\/a><\/p>\n<p>esplaiescola<span class=\"atwho-query\">@fundesplai.org<\/span><\/p>\n<p><em><strong>Associaci\u00f3 de fam\u00edlies d&#8217;Alum<\/strong><strong>nes<\/strong><strong>:<\/strong><\/em><\/p>\n<p><a href=\"https:\/\/agora.xtec.cat\/escolaperevila\/wp-content\/uploads\/usu223\/2024\/09\/logo-AFA-Pere-Vila.jpg\" target=\"_blank\" rel=\"noopener\"><img loading=\"lazy\" decoding=\"async\" class=\"alignnone wp-image-4866 \" src=\"https:\/\/agora.xtec.cat\/escolaperevila\/wp-content\/uploads\/usu223\/2024\/09\/logo-AFA-Pere-Vila.jpg\" alt=\"\" width=\"181\" height=\"121\" srcset=\"https:\/\/agora.xtec.cat\/escolaperevila\/wp-content\/uploads\/usu223\/2024\/09\/logo-AFA-Pere-Vila.jpg 437w, https:\/\/agora.xtec.cat\/escolaperevila\/wp-content\/uploads\/usu223\/2024\/09\/logo-AFA-Pere-Vila-300x200.jpg 300w\" sizes=\"auto, (max-width: 181px) 100vw, 181px\" \/><\/a><\/p>\n<p><a href=\"https:\/\/www.afaperevila.org\/\" target=\"_blank\" rel=\"noopener\">www.afaperevila.org<\/a><\/p>\n<p><a href=\"mailto:info@afaperevila.org\">info@afaperevila.org<\/a><\/p>\n","protected":false},"excerpt":{"rendered":"<p>Escola Pere Vila Passeig Llu\u00eds Companys, 18 08018 Barcelona Tel. 933 099417 escolaperevila@xtec.cat Com arribar-hi: Metro:\u00a0L\u00ednia L1. Estaci\u00f3 Arc del Triomf Et pot interessar Menjador Escola Pere Vila: esplaiescola@fundesplai.org Associaci\u00f3 de fam\u00edlies d&#8217;Alumnes: www.afaperevila.org info@afaperevila.org<\/p>\n","protected":false},"author":2,"featured_media":0,"parent":22,"menu_order":10,"comment_status":"closed","ping_status":"closed","template":"page-templates\/side-menu.php","meta":{"_bbp_topic_count":0,"_bbp_reply_count":0,"_bbp_total_topic_count":0,"_bbp_total_reply_count":0,"_bbp_voice_count":0,"_bbp_anonymous_reply_count":0,"_bbp_topic_count_hidden":0,"_bbp_reply_count_hidden":0,"_bbp_forum_subforum_count":0,"site-sidebar-layout":"default","site-content-layout":"","ast-site-content-layout":"","site-content-style":"default","site-sidebar-style":"default","ast-global-header-display":"","ast-banner-title-visibility":"","ast-main-header-display":"","ast-hfb-above-header-display":"","ast-hfb-below-header-display":"","ast-hfb-mobile-header-display":"","site-post-title":"","ast-breadcrumbs-content":"","ast-featured-img":"","footer-sml-layout":"","theme-transparent-header-meta":"","adv-header-id-meta":"","stick-header-meta":"","header-above-stick-meta":"","header-main-stick-meta":"","header-below-stick-meta":"","astra-migrate-meta-layouts":"default","ast-page-background-enabled":"default","ast-page-background-meta":{"desktop":{"background-color":"var(--ast-global-color-4)","background-image":"","background-repeat":"repeat","background-position":"center center","background-size":"auto","background-attachment":"scroll","background-type":"","background-media":"","overlay-type":"","overlay-color":"","overlay-opacity":"","overlay-gradient":""},"tablet":{"background-color":"","background-image":"","background-repeat":"repeat","background-position":"center center","background-size":"auto","background-attachment":"scroll","background-type":"","background-media":"","overlay-type":"","overlay-color":"","overlay-opacity":"","overlay-gradient":""},"mobile":{"background-color":"","background-image":"","background-repeat":"repeat","background-position":"center center","background-size":"auto","background-attachment":"scroll","background-type":"","background-media":"","overlay-type":"","overlay-color":"","overlay-opacity":"","overlay-gradient":""}},"ast-content-background-meta":{"desktop":{"background-color":"var(--ast-global-color-5)","background-image":"","background-repeat":"repeat","background-position":"center center","background-size":"auto","background-attachment":"scroll","background-type":"","background-media":"","overlay-type":"","overlay-color":"","overlay-opacity":"","overlay-gradient":""},"tablet":{"background-color":"var(--ast-global-color-5)","background-image":"","background-repeat":"repeat","background-position":"center center","background-size":"auto","background-attachment":"scroll","background-type":"","background-media":"","overlay-type":"","overlay-color":"","overlay-opacity":"","overlay-gradient":""},"mobile":{"background-color":"var(--ast-global-color-5)","background-image":"","background-repeat":"repeat","background-position":"center center","background-size":"auto","background-attachment":"scroll","background-type":"","background-media":"","overlay-type":"","overlay-color":"","overlay-opacity":"","overlay-gradient":""}},"footnotes":""},"class_list":["post-24","page","type-page","status-publish","hentry"],"post_mailing_queue_ids":[],"_links":{"self":[{"href":"https:\/\/agora.xtec.cat\/escolaperevila\/wp-json\/wp\/v2\/pages\/24","targetHints":{"allow":["GET"]}}],"collection":[{"href":"https:\/\/agora.xtec.cat\/escolaperevila\/wp-json\/wp\/v2\/pages"}],"about":[{"href":"https:\/\/agora.xtec.cat\/escolaperevila\/wp-json\/wp\/v2\/types\/page"}],"author":[{"embeddable":true,"href":"https:\/\/agora.xtec.cat\/escolaperevila\/wp-json\/wp\/v2\/users\/2"}],"replies":[{"embeddable":true,"href":"https:\/\/agora.xtec.cat\/escolaperevila\/wp-json\/wp\/v2\/comments?post=24"}],"version-history":[{"count":5,"href":"https:\/\/agora.xtec.cat\/escolaperevila\/wp-json\/wp\/v2\/pages\/24\/revisions"}],"predecessor-version":[{"id":4868,"href":"https:\/\/agora.xtec.cat\/escolaperevila\/wp-json\/wp\/v2\/pages\/24\/revisions\/4868"}],"up":[{"embeddable":true,"href":"https:\/\/agora.xtec.cat\/escolaperevila\/wp-json\/wp\/v2\/pages\/22"}],"wp:attachment":[{"href":"https:\/\/agora.xtec.cat\/escolaperevila\/wp-json\/wp\/v2\/media?parent=24"}],"curies":[{"name":"wp","href":"https:\/\/api.w.org\/{rel}","templated":true}]}}