{"id":22,"date":"2014-09-18T12:19:57","date_gmt":"2014-09-18T12:19:57","guid":{"rendered":"http:\/\/agora.xtec.cat\/escolaperevila\/?page_id=22"},"modified":"2015-02-21T11:39:50","modified_gmt":"2015-02-21T10:39:50","slug":"lescola","status":"publish","type":"page","link":"https:\/\/agora.xtec.cat\/escolaperevila\/lescola\/","title":{"rendered":"L&#8217;escola"},"content":{"rendered":"<p>L&#8217;escola Pere Vila, inaugurada l&#8217;any 1931, \u00e9s un <strong><a href=\"http:\/\/www.xtec.cat\/escolaperevila\/documents\/pdfCentro.pdf\">centre p\u00fablic<\/a><\/strong> de dues l\u00ednies (dos grups per nivell) d&#8217;<strong><a href=\"http:\/\/www20.gencat.cat\/portal\/site\/Educacio\/menuitem.5c6e7b7a02f4892ae244968bb0c0e1a0\/?vgnextoid=f6ec84e49d2ed110VgnVCM1000008d0c1e0aRCRD&amp;vgnextchannel=f6ec84e49d2ed110VgnVCM1000008d0c1e0aRCRD&amp;vgnextfmt=default\" target=\"_blank\">educaci\u00f3 infantil<\/a><\/strong> i <strong><a href=\"http:\/\/www20.gencat.cat\/portal\/site\/Educacio\/menuitem.bec23a5800a3d81ae244968bb0c0e1a0\/?vgnextoid=236f1fc1b7edd110VgnVCM1000008d0c1e0aRCRD&amp;vgnextchannel=236f1fc1b7edd110VgnVCM1000008d0c1e0aRCRD&amp;vgnextfmt=default\" target=\"_blank\">prim\u00e0ria<\/a><\/strong> (3-12 anys), que est\u00e0 <strong><a href=\"http:\/\/www.xtec.cat\/escolaperevila\/onsom\/onsom.htm\">ubicat<\/a><\/strong> a la frontera entre dos districtes: <a href=\"http:\/\/w3.bcn.es\/XMLServeis\/XMLHomeLinkPl\/0,4022,259065493_286492737_1,00.html\" target=\"_blank\"><strong>Ciutat Vella<\/strong><\/a> i <a href=\"http:\/\/w3.bcn.es\/XMLServeis\/XMLHomeLinkPl\/0,4022,290651641_290775860_1,00.html\" target=\"_blank\"><strong>Eixample<\/strong><\/a>.<\/p>\n<p><a href=\"http:\/\/agora.xtec.cat\/escolaperevila\/wp-content\/uploads\/usu223\/2015\/02\/escola-pere-vila.jpg\"><img loading=\"lazy\" decoding=\"async\" class=\"aligncenter size-full wp-image-168\" src=\"http:\/\/agora.xtec.cat\/escolaperevila\/wp-content\/uploads\/usu223\/2015\/02\/escola-pere-vila.jpg\" alt=\"Escola Pere Vila\" width=\"312\" height=\"167\" srcset=\"https:\/\/agora.xtec.cat\/escolaperevila\/wp-content\/uploads\/usu223\/2015\/02\/escola-pere-vila.jpg 312w, https:\/\/agora.xtec.cat\/escolaperevila\/wp-content\/uploads\/usu223\/2015\/02\/escola-pere-vila-300x160.jpg 300w\" sizes=\"auto, (max-width: 312px) 100vw, 312px\" \/><\/a><\/p>\n","protected":false},"excerpt":{"rendered":"<p>L&#8217;escola Pere Vila, inaugurada l&#8217;any 1931, \u00e9s un centre p\u00fablic de dues l\u00ednies (dos grups per nivell) d&#8217;educaci\u00f3 infantil i prim\u00e0ria (3-12 anys), que est\u00e0 ubicat a la frontera entre dos districtes: Ciutat Vella i Eixample.<\/p>\n","protected":false},"author":2,"featured_media":0,"parent":0,"menu_order":0,"comment_status":"closed","ping_status":"closed","template":"page-templates\/side-menu.php","meta":{"_bbp_topic_count":0,"_bbp_reply_count":0,"_bbp_total_topic_count":0,"_bbp_total_reply_count":0,"_bbp_voice_count":0,"_bbp_anonymous_reply_count":0,"_bbp_topic_count_hidden":0,"_bbp_reply_count_hidden":0,"_bbp_forum_subforum_count":0,"site-sidebar-layout":"default","site-content-layout":"","ast-site-content-layout":"","site-content-style":"default","site-sidebar-style":"default","ast-global-header-display":"","ast-banner-title-visibility":"","ast-main-header-display":"","ast-hfb-above-header-display":"","ast-hfb-below-header-display":"","ast-hfb-mobile-header-display":"","site-post-title":"","ast-breadcrumbs-content":"","ast-featured-img":"","footer-sml-layout":"","theme-transparent-header-meta":"","adv-header-id-meta":"","stick-header-meta":"","header-above-stick-meta":"","header-main-stick-meta":"","header-below-stick-meta":"","astra-migrate-meta-layouts":"default","ast-page-background-enabled":"default","ast-page-background-meta":{"desktop":{"background-color":"var(--ast-global-color-4)","background-image":"","background-repeat":"repeat","background-position":"center center","background-size":"auto","background-attachment":"scroll","background-type":"","background-media":"","overlay-type":"","overlay-color":"","overlay-opacity":"","overlay-gradient":""},"tablet":{"background-color":"","background-image":"","background-repeat":"repeat","background-position":"center center","background-size":"auto","background-attachment":"scroll","background-type":"","background-media":"","overlay-type":"","overlay-color":"","overlay-opacity":"","overlay-gradient":""},"mobile":{"background-color":"","background-image":"","background-repeat":"repeat","background-position":"center center","background-size":"auto","background-attachment":"scroll","background-type":"","background-media":"","overlay-type":"","overlay-color":"","overlay-opacity":"","overlay-gradient":""}},"ast-content-background-meta":{"desktop":{"background-color":"var(--ast-global-color-5)","background-image":"","background-repeat":"repeat","background-position":"center center","background-size":"auto","background-attachment":"scroll","background-type":"","background-media":"","overlay-type":"","overlay-color":"","overlay-opacity":"","overlay-gradient":""},"tablet":{"background-color":"var(--ast-global-color-5)","background-image":"","background-repeat":"repeat","background-position":"center center","background-size":"auto","background-attachment":"scroll","background-type":"","background-media":"","overlay-type":"","overlay-color":"","overlay-opacity":"","overlay-gradient":""},"mobile":{"background-color":"var(--ast-global-color-5)","background-image":"","background-repeat":"repeat","background-position":"center center","background-size":"auto","background-attachment":"scroll","background-type":"","background-media":"","overlay-type":"","overlay-color":"","overlay-opacity":"","overlay-gradient":""}},"footnotes":""},"class_list":["post-22","page","type-page","status-publish","hentry"],"post_mailing_queue_ids":[],"_links":{"self":[{"href":"https:\/\/agora.xtec.cat\/escolaperevila\/wp-json\/wp\/v2\/pages\/22","targetHints":{"allow":["GET"]}}],"collection":[{"href":"https:\/\/agora.xtec.cat\/escolaperevila\/wp-json\/wp\/v2\/pages"}],"about":[{"href":"https:\/\/agora.xtec.cat\/escolaperevila\/wp-json\/wp\/v2\/types\/page"}],"author":[{"embeddable":true,"href":"https:\/\/agora.xtec.cat\/escolaperevila\/wp-json\/wp\/v2\/users\/2"}],"replies":[{"embeddable":true,"href":"https:\/\/agora.xtec.cat\/escolaperevila\/wp-json\/wp\/v2\/comments?post=22"}],"version-history":[{"count":4,"href":"https:\/\/agora.xtec.cat\/escolaperevila\/wp-json\/wp\/v2\/pages\/22\/revisions"}],"predecessor-version":[{"id":217,"href":"https:\/\/agora.xtec.cat\/escolaperevila\/wp-json\/wp\/v2\/pages\/22\/revisions\/217"}],"wp:attachment":[{"href":"https:\/\/agora.xtec.cat\/escolaperevila\/wp-json\/wp\/v2\/media?parent=22"}],"curies":[{"name":"wp","href":"https:\/\/api.w.org\/{rel}","templated":true}]}}