{"id":558,"date":"2023-02-22T13:38:25","date_gmt":"2023-02-22T12:38:25","guid":{"rendered":"https:\/\/agora.xtec.cat\/escolapererossello\/?page_id=558"},"modified":"2026-02-09T18:50:30","modified_gmt":"2026-02-09T17:50:30","slug":"qui-som","status":"publish","type":"page","link":"https:\/\/agora.xtec.cat\/escolapererossello\/lescola\/qui-som\/","title":{"rendered":"Qui som"},"content":{"rendered":"<p class=\"CDt4Ke zfr3Q\" dir=\"ltr\">L&#8217;escola Pere Rossell\u00f3 est\u00e0 ubicada als afores del poble de Calonge. Envoltada de vinyes i muntanyes, \u00e9s una de les tres escoles p\u00fabliques que hi ha dins del mateix municipi.<\/p>\n<p class=\"CDt4Ke zfr3Q\" dir=\"ltr\">\u00c9s una escola de doble l\u00ednia. Segons el cens municipal pot haver-hi algun curs triplicat.<\/p>\n<p class=\"CDt4Ke zfr3Q\" dir=\"ltr\">Est\u00e0 formada per dos edificis, un destinat a Educaci\u00f3 Infantil i un altre a l&#8217;Educaci\u00f3 Prim\u00e0ria. Tamb\u00e9 disposem d&#8217;un barrac\u00f3 per a fer psicomotricitat.<\/p>\n<p class=\"CDt4Ke zfr3Q\" dir=\"ltr\">Disposem per a tot l&#8217;alumnat d&#8217;un total de 20 aules ordin\u00e0ries a m\u00e9s a m\u00e9s d&#8217;una aula d&#8217;inform\u00e0tica per a prim\u00e0ria i una altra per a infantil, l&#8217;aula d&#8217;angl\u00e8s, l&#8217;aula d&#8217;educaci\u00f3 especial, l&#8217;aula de m\u00fasica, 1 sala de reunions, la biblioteca, menjador, patis amb pistes de b\u00e0squet, futbito i zones enjardinades i de joc.<\/p>\n<p class=\"CDt4Ke zfr3Q\" dir=\"ltr\">Per a l&#8217;\u00e0rea d&#8217;Educaci\u00f3 f\u00edsica disposem del Pavell\u00f3 Municipal.<\/p>\n<p class=\"CDt4Ke zfr3Q\" dir=\"ltr\">El nom de la nostra escola &#8220;Pere Rossell\u00f3&#8221; ve pel calong\u00ed <span class=\" aw5Odc\"><a class=\"XqQF9c\" href=\"https:\/\/www.google.com\/url?q=https%3A%2F%2Fwww.enciclopedia.cat%2FEC-GEC-0056949.xml&amp;sa=D&amp;sntz=1&amp;usg=AOvVaw0aLSQ_KAr9YCMJtP5f6syJ\" target=\"_blank\" rel=\"noopener\"><strong>Pere Rossell\u00f3 i Blanch<\/strong><\/a><\/span> que va n\u00e9ixer el 4 de mar\u00e7 de 1897. Va desenvolupar diferents c\u00e0rrecs i va rebre diferents condecoracions dins i fora del pa\u00eds, tots relacionats amb l&#8217;educaci\u00f3. Tamb\u00e9 va escriure nombroses obres educatives.<\/p>\n<p class=\"CDt4Ke zfr3Q\" dir=\"ltr\">Va ser l&#8217;any 1979 quan l&#8217;<span class=\" aw5Odc\"><a class=\"XqQF9c\" href=\"http:\/\/www.google.com\/url?q=http%3A%2F%2Fwww.calonge.cat%2Fcatala%2FPrincipal%2FB65A4B4910004EB9A6C6DA44B1EE789E.asp&amp;sa=D&amp;sntz=1&amp;usg=AOvVaw1jK3Debp-3Bh-YnTezj_IB\" target=\"_blank\" rel=\"noopener\"><strong>Ajuntament de Calonge i Sant Antoni<\/strong><\/a><\/span> pos\u00e0 el seu nom a les escoles del municipi (quan encara estaven situades a l&#8217;edifici de l&#8217;actual Ajuntament).<\/p>\n<p class=\"CDt4Ke zfr3Q\" dir=\"ltr\">En construir-se l&#8217;actual edifici es va posar el nom d&#8217;aquest mestre i pedagog calong\u00ed, tan important en el m\u00f3n de l&#8217;educaci\u00f3.<\/p>\n<p>&nbsp;<\/p>\n<p><a href=\"https:\/\/agora.xtec.cat\/escolapererossello\/wp-content\/uploads\/usu2353\/2025\/09\/Mestres-26-27.jpg\"><img loading=\"lazy\" decoding=\"async\" class=\"wp-image-1268 aligncenter\" src=\"https:\/\/agora.xtec.cat\/escolapererossello\/wp-content\/uploads\/usu2353\/2025\/09\/Mestres-26-27-1024x768.jpg\" alt=\"\" width=\"404\" height=\"303\" srcset=\"https:\/\/agora.xtec.cat\/escolapererossello\/wp-content\/uploads\/usu2353\/2025\/09\/Mestres-26-27-1024x768.jpg 1024w, https:\/\/agora.xtec.cat\/escolapererossello\/wp-content\/uploads\/usu2353\/2025\/09\/Mestres-26-27-300x225.jpg 300w, https:\/\/agora.xtec.cat\/escolapererossello\/wp-content\/uploads\/usu2353\/2025\/09\/Mestres-26-27-768x576.jpg 768w, https:\/\/agora.xtec.cat\/escolapererossello\/wp-content\/uploads\/usu2353\/2025\/09\/Mestres-26-27-1536x1152.jpg 1536w, https:\/\/agora.xtec.cat\/escolapererossello\/wp-content\/uploads\/usu2353\/2025\/09\/Mestres-26-27-200x150.jpg 200w, https:\/\/agora.xtec.cat\/escolapererossello\/wp-content\/uploads\/usu2353\/2025\/09\/Mestres-26-27.jpg 2048w\" sizes=\"auto, (max-width: 404px) 100vw, 404px\" \/><\/a><\/p>\n<p>&nbsp;<\/p>\n<table style=\"width: 100%; border-collapse: collapse; border-style: none; border-color: #ffffff;\">\n<tbody>\n<tr>\n<td style=\"width: 100%; border-style: none; border-color: #ffffff;\"><a href=\"https:\/\/agora.xtec.cat\/escolapererossello\/wp-content\/uploads\/usu2353\/2025\/10\/Organigrama_25_26.jpg\"><img loading=\"lazy\" decoding=\"async\" class=\"size-large wp-image-1291 aligncenter\" src=\"https:\/\/agora.xtec.cat\/escolapererossello\/wp-content\/uploads\/usu2353\/2025\/10\/Organigrama_25_26.jpg\" alt=\"\" width=\"574\" height=\"813\" srcset=\"https:\/\/agora.xtec.cat\/escolapererossello\/wp-content\/uploads\/usu2353\/2025\/10\/Organigrama_25_26.jpg 574w, https:\/\/agora.xtec.cat\/escolapererossello\/wp-content\/uploads\/usu2353\/2025\/10\/Organigrama_25_26-212x300.jpg 212w\" sizes=\"auto, (max-width: 574px) 100vw, 574px\" \/><\/a><\/td>\n<\/tr>\n<\/tbody>\n<\/table>\n<table style=\"border-collapse: collapse; width: 100%;\">\n<tbody>\n<tr>\n<td style=\"width: 100%; border-color: #ffffff;\"><\/td>\n<\/tr>\n<\/tbody>\n<\/table>\n<table style=\"border-collapse: collapse; width: 100%;\">\n<tbody>\n<tr>\n<td style=\"width: 50%; border-color: #ffffff;\"><\/td>\n<td style=\"width: 50%; border-color: #ffffff;\"><\/td>\n<\/tr>\n<\/tbody>\n<\/table>\n<p>&nbsp;<\/p>\n<table style=\"border-collapse: collapse; width: 100%;\">\n<tbody>\n<tr>\n<td style=\"width: 50%; border-color: #ffffff;\"><\/td>\n<td style=\"width: 50%; border-color: #ffffff;\"><\/td>\n<\/tr>\n<\/tbody>\n<\/table>\n","protected":false},"excerpt":{"rendered":"<p>L&#8217;escola Pere Rossell\u00f3 est\u00e0 ubicada als afores del poble de Calonge. Envoltada de vinyes i muntanyes, \u00e9s una de les tres escoles p\u00fabliques que hi ha dins del mateix municipi. \u00c9s una escola de doble l\u00ednia. Segons el cens municipal pot haver-hi algun curs triplicat. Est\u00e0 formada per dos edificis, un destinat a Educaci\u00f3 Infantil [&hellip;]<\/p>\n","protected":false},"author":6,"featured_media":0,"parent":22,"menu_order":0,"comment_status":"closed","ping_status":"closed","template":"","meta":{"_bbp_topic_count":0,"_bbp_reply_count":0,"_bbp_total_topic_count":0,"_bbp_total_reply_count":0,"_bbp_voice_count":0,"_bbp_anonymous_reply_count":0,"_bbp_topic_count_hidden":0,"_bbp_reply_count_hidden":0,"_bbp_forum_subforum_count":0,"site-sidebar-layout":"default","site-content-layout":"","ast-site-content-layout":"default","site-content-style":"default","site-sidebar-style":"default","ast-global-header-display":"","ast-banner-title-visibility":"","ast-main-header-display":"","ast-hfb-above-header-display":"","ast-hfb-below-header-display":"","ast-hfb-mobile-header-display":"","site-post-title":"","ast-breadcrumbs-content":"","ast-featured-img":"","footer-sml-layout":"","theme-transparent-header-meta":"default","adv-header-id-meta":"","stick-header-meta":"","header-above-stick-meta":"","header-main-stick-meta":"","header-below-stick-meta":"","astra-migrate-meta-layouts":"set","ast-page-background-enabled":"default","ast-page-background-meta":{"desktop":{"background-color":"var(--ast-global-color-4)","background-image":"","background-repeat":"repeat","background-position":"center center","background-size":"auto","background-attachment":"scroll","background-type":"","background-media":"","overlay-type":"","overlay-color":"","overlay-opacity":"","overlay-gradient":""},"tablet":{"background-color":"","background-image":"","background-repeat":"repeat","background-position":"center center","background-size":"auto","background-attachment":"scroll","background-type":"","background-media":"","overlay-type":"","overlay-color":"","overlay-opacity":"","overlay-gradient":""},"mobile":{"background-color":"","background-image":"","background-repeat":"repeat","background-position":"center center","background-size":"auto","background-attachment":"scroll","background-type":"","background-media":"","overlay-type":"","overlay-color":"","overlay-opacity":"","overlay-gradient":""}},"ast-content-background-meta":{"desktop":{"background-color":"var(--ast-global-color-5)","background-image":"","background-repeat":"repeat","background-position":"center center","background-size":"auto","background-attachment":"scroll","background-type":"","background-media":"","overlay-type":"","overlay-color":"","overlay-opacity":"","overlay-gradient":""},"tablet":{"background-color":"var(--ast-global-color-5)","background-image":"","background-repeat":"repeat","background-position":"center center","background-size":"auto","background-attachment":"scroll","background-type":"","background-media":"","overlay-type":"","overlay-color":"","overlay-opacity":"","overlay-gradient":""},"mobile":{"background-color":"var(--ast-global-color-5)","background-image":"","background-repeat":"repeat","background-position":"center center","background-size":"auto","background-attachment":"scroll","background-type":"","background-media":"","overlay-type":"","overlay-color":"","overlay-opacity":"","overlay-gradient":""}},"footnotes":""},"class_list":["post-558","page","type-page","status-publish","hentry"],"post_mailing_queue_ids":[],"_links":{"self":[{"href":"https:\/\/agora.xtec.cat\/escolapererossello\/wp-json\/wp\/v2\/pages\/558","targetHints":{"allow":["GET"]}}],"collection":[{"href":"https:\/\/agora.xtec.cat\/escolapererossello\/wp-json\/wp\/v2\/pages"}],"about":[{"href":"https:\/\/agora.xtec.cat\/escolapererossello\/wp-json\/wp\/v2\/types\/page"}],"author":[{"embeddable":true,"href":"https:\/\/agora.xtec.cat\/escolapererossello\/wp-json\/wp\/v2\/users\/6"}],"replies":[{"embeddable":true,"href":"https:\/\/agora.xtec.cat\/escolapererossello\/wp-json\/wp\/v2\/comments?post=558"}],"version-history":[{"count":6,"href":"https:\/\/agora.xtec.cat\/escolapererossello\/wp-json\/wp\/v2\/pages\/558\/revisions"}],"predecessor-version":[{"id":1441,"href":"https:\/\/agora.xtec.cat\/escolapererossello\/wp-json\/wp\/v2\/pages\/558\/revisions\/1441"}],"up":[{"embeddable":true,"href":"https:\/\/agora.xtec.cat\/escolapererossello\/wp-json\/wp\/v2\/pages\/22"}],"wp:attachment":[{"href":"https:\/\/agora.xtec.cat\/escolapererossello\/wp-json\/wp\/v2\/media?parent=558"}],"curies":[{"name":"wp","href":"https:\/\/api.w.org\/{rel}","templated":true}]}}