{"id":84,"date":"2014-09-18T14:11:31","date_gmt":"2014-09-18T13:11:31","guid":{"rendered":"http:\/\/agora.xtec.cat\/escolapegaso\/?page_id=84"},"modified":"2025-12-07T19:17:37","modified_gmt":"2025-12-07T18:17:37","slug":"activitats-extraescolars","status":"publish","type":"page","link":"https:\/\/agora.xtec.cat\/escolapegaso\/serveis\/activitats-extraescolars\/","title":{"rendered":"Extraescolars i Casals"},"content":{"rendered":"<p style=\"text-align: justify;\">El projecte d\u2019activitats extraescolars es du a terme amb l&#8217;empresa de serveis <a href=\"https:\/\/setdaventura.com\/\">7 d&#8217;Aventura<\/a>. El projecte \u00e9s enriquidor per a tothom amb molts beneficis, ja que hem treballat conjuntament les AFAs de l\u2019Escola i de l\u2019Institut per fer&#8230; l\u2019ESCOLA ESPORTIVA I DE LLEURE PEGASO\u2013PRINCEP DE VIANA.<\/p>\n<p style=\"text-align: justify;\">Aquest projecte intenta donar continu\u00eftat a totes les activitats durant l\u2019escolaritzaci\u00f3 a l\u2019Escola i a l\u2019Institut. D\u2019aquesta manera, durant 15 anys, totes les activitats podran mantenir un mateix rumb i criteri, assegurant una necess\u00e0ria continu\u00eftat.<\/p>\n<p style=\"text-align: justify;\">A m\u00e9s d\u2019aquest nou projecte te homologades les activitats esportives amb l\u2019Ajuntament de Barcelona i els alumnes de l\u2019Escola entre els 6 i 17 anys, que compleixin els criteris, podran accedir a les beques esportives. Aix\u00f2 va ser un del objectius que vam acordar a l\u2019Assemblea.<\/p>\n<p style=\"text-align: justify;\"><span style=\"font-weight: 400;\">L\u2019empresa 7 d\u2019aventura tamb\u00e9 organitza els casals d\u2019estiu (de juny a setembre) i de dies festius (qualsevol dia festiu de lliure disposici\u00f3 o vacances) sense m\u00ednim d\u2019inscrits. Aix\u00f2 \u00e9s possible gr\u00e0cies a la col\u00b7laboraci\u00f3 de l\u2019AFA de l\u2019escola.<\/span><\/p>\n","protected":false},"excerpt":{"rendered":"<p>El projecte d\u2019activitats extraescolars es du a terme amb l&#8217;empresa de serveis 7 d&#8217;Aventura. El projecte \u00e9s enriquidor per a tothom amb molts beneficis, ja que hem treballat conjuntament les AFAs de l\u2019Escola i de l\u2019Institut per fer&#8230; l\u2019ESCOLA ESPORTIVA I DE LLEURE PEGASO\u2013PRINCEP DE VIANA. Aquest projecte intenta donar continu\u00eftat a totes les activitats [&hellip;]<\/p>\n","protected":false},"author":1,"featured_media":0,"parent":66,"menu_order":3,"comment_status":"closed","ping_status":"closed","template":"","meta":{"_bbp_topic_count":0,"_bbp_reply_count":0,"_bbp_total_topic_count":0,"_bbp_total_reply_count":0,"_bbp_voice_count":0,"_bbp_anonymous_reply_count":0,"_bbp_topic_count_hidden":0,"_bbp_reply_count_hidden":0,"_bbp_forum_subforum_count":0,"site-sidebar-layout":"default","site-content-layout":"","ast-site-content-layout":"default","site-content-style":"default","site-sidebar-style":"default","ast-global-header-display":"","ast-banner-title-visibility":"","ast-main-header-display":"","ast-hfb-above-header-display":"","ast-hfb-below-header-display":"","ast-hfb-mobile-header-display":"","site-post-title":"","ast-breadcrumbs-content":"","ast-featured-img":"","footer-sml-layout":"","theme-transparent-header-meta":"default","adv-header-id-meta":"","stick-header-meta":"","header-above-stick-meta":"","header-main-stick-meta":"","header-below-stick-meta":"","astra-migrate-meta-layouts":"set","ast-page-background-enabled":"default","ast-page-background-meta":{"desktop":{"background-color":"var(--ast-global-color-4)","background-image":"","background-repeat":"repeat","background-position":"center center","background-size":"auto","background-attachment":"scroll","background-type":"","background-media":"","overlay-type":"","overlay-color":"","overlay-opacity":"","overlay-gradient":""},"tablet":{"background-color":"","background-image":"","background-repeat":"repeat","background-position":"center center","background-size":"auto","background-attachment":"scroll","background-type":"","background-media":"","overlay-type":"","overlay-color":"","overlay-opacity":"","overlay-gradient":""},"mobile":{"background-color":"","background-image":"","background-repeat":"repeat","background-position":"center center","background-size":"auto","background-attachment":"scroll","background-type":"","background-media":"","overlay-type":"","overlay-color":"","overlay-opacity":"","overlay-gradient":""}},"ast-content-background-meta":{"desktop":{"background-color":"var(--ast-global-color-5)","background-image":"","background-repeat":"repeat","background-position":"center center","background-size":"auto","background-attachment":"scroll","background-type":"","background-media":"","overlay-type":"","overlay-color":"","overlay-opacity":"","overlay-gradient":""},"tablet":{"background-color":"var(--ast-global-color-5)","background-image":"","background-repeat":"repeat","background-position":"center center","background-size":"auto","background-attachment":"scroll","background-type":"","background-media":"","overlay-type":"","overlay-color":"","overlay-opacity":"","overlay-gradient":""},"mobile":{"background-color":"var(--ast-global-color-5)","background-image":"","background-repeat":"repeat","background-position":"center center","background-size":"auto","background-attachment":"scroll","background-type":"","background-media":"","overlay-type":"","overlay-color":"","overlay-opacity":"","overlay-gradient":""}},"footnotes":""},"class_list":["post-84","page","type-page","status-publish","hentry"],"post_mailing_queue_ids":[],"_links":{"self":[{"href":"https:\/\/agora.xtec.cat\/escolapegaso\/wp-json\/wp\/v2\/pages\/84","targetHints":{"allow":["GET"]}}],"collection":[{"href":"https:\/\/agora.xtec.cat\/escolapegaso\/wp-json\/wp\/v2\/pages"}],"about":[{"href":"https:\/\/agora.xtec.cat\/escolapegaso\/wp-json\/wp\/v2\/types\/page"}],"author":[{"embeddable":true,"href":"https:\/\/agora.xtec.cat\/escolapegaso\/wp-json\/wp\/v2\/users\/1"}],"replies":[{"embeddable":true,"href":"https:\/\/agora.xtec.cat\/escolapegaso\/wp-json\/wp\/v2\/comments?post=84"}],"version-history":[{"count":3,"href":"https:\/\/agora.xtec.cat\/escolapegaso\/wp-json\/wp\/v2\/pages\/84\/revisions"}],"predecessor-version":[{"id":1513,"href":"https:\/\/agora.xtec.cat\/escolapegaso\/wp-json\/wp\/v2\/pages\/84\/revisions\/1513"}],"up":[{"embeddable":true,"href":"https:\/\/agora.xtec.cat\/escolapegaso\/wp-json\/wp\/v2\/pages\/66"}],"wp:attachment":[{"href":"https:\/\/agora.xtec.cat\/escolapegaso\/wp-json\/wp\/v2\/media?parent=84"}],"curies":[{"name":"wp","href":"https:\/\/api.w.org\/{rel}","templated":true}]}}