{"id":607,"date":"2019-09-30T12:04:54","date_gmt":"2019-09-30T10:04:54","guid":{"rendered":"https:\/\/agora.xtec.cat\/escolapegaso\/?page_id=607"},"modified":"2025-12-07T19:26:09","modified_gmt":"2025-12-07T18:26:09","slug":"nivells","status":"publish","type":"page","link":"https:\/\/agora.xtec.cat\/escolapegaso\/nivells\/","title":{"rendered":"Blogs"},"content":{"rendered":"<p>De I3 a 6\u00e8 cada nivell t\u00e9 una p\u00e0gina pr\u00f2pia, que es creen mitjan\u00e7ant les categories.<\/p>\n<p>Les categories es defineixen des del men\u00fa de les entrades del blog. Paral\u00b7lelament als nivells tamb\u00e9 es poden definir m\u00e9s categories.<\/p>\n<p>Ja estan definides les categories: I3, I4, I5, 1r, 2n, 3r, 4t, 5\u00e8, 6\u00e8 i General<\/p>\n","protected":false},"excerpt":{"rendered":"<p>De I3 a 6\u00e8 cada nivell t\u00e9 una p\u00e0gina pr\u00f2pia, que es creen mitjan\u00e7ant les categories. Les categories es defineixen des del men\u00fa de les entrades del blog. Paral\u00b7lelament als nivells tamb\u00e9 es poden definir m\u00e9s categories. Ja estan definides les categories: I3, I4, I5, 1r, 2n, 3r, 4t, 5\u00e8, 6\u00e8 i General<\/p>\n","protected":false},"author":1,"featured_media":0,"parent":0,"menu_order":0,"comment_status":"closed","ping_status":"closed","template":"","meta":{"_bbp_topic_count":0,"_bbp_reply_count":0,"_bbp_total_topic_count":0,"_bbp_total_reply_count":0,"_bbp_voice_count":0,"_bbp_anonymous_reply_count":0,"_bbp_topic_count_hidden":0,"_bbp_reply_count_hidden":0,"_bbp_forum_subforum_count":0,"site-sidebar-layout":"no-sidebar","site-content-layout":"","ast-site-content-layout":"default","site-content-style":"default","site-sidebar-style":"default","ast-global-header-display":"","ast-banner-title-visibility":"","ast-main-header-display":"","ast-hfb-above-header-display":"","ast-hfb-below-header-display":"","ast-hfb-mobile-header-display":"","site-post-title":"","ast-breadcrumbs-content":"","ast-featured-img":"","footer-sml-layout":"","theme-transparent-header-meta":"default","adv-header-id-meta":"","stick-header-meta":"","header-above-stick-meta":"","header-main-stick-meta":"","header-below-stick-meta":"","astra-migrate-meta-layouts":"set","ast-page-background-enabled":"default","ast-page-background-meta":{"desktop":{"background-color":"var(--ast-global-color-4)","background-image":"","background-repeat":"repeat","background-position":"center center","background-size":"auto","background-attachment":"scroll","background-type":"","background-media":"","overlay-type":"","overlay-color":"","overlay-opacity":"","overlay-gradient":""},"tablet":{"background-color":"","background-image":"","background-repeat":"repeat","background-position":"center center","background-size":"auto","background-attachment":"scroll","background-type":"","background-media":"","overlay-type":"","overlay-color":"","overlay-opacity":"","overlay-gradient":""},"mobile":{"background-color":"","background-image":"","background-repeat":"repeat","background-position":"center center","background-size":"auto","background-attachment":"scroll","background-type":"","background-media":"","overlay-type":"","overlay-color":"","overlay-opacity":"","overlay-gradient":""}},"ast-content-background-meta":{"desktop":{"background-color":"var(--ast-global-color-5)","background-image":"","background-repeat":"repeat","background-position":"center center","background-size":"auto","background-attachment":"scroll","background-type":"","background-media":"","overlay-type":"","overlay-color":"","overlay-opacity":"","overlay-gradient":""},"tablet":{"background-color":"var(--ast-global-color-5)","background-image":"","background-repeat":"repeat","background-position":"center center","background-size":"auto","background-attachment":"scroll","background-type":"","background-media":"","overlay-type":"","overlay-color":"","overlay-opacity":"","overlay-gradient":""},"mobile":{"background-color":"var(--ast-global-color-5)","background-image":"","background-repeat":"repeat","background-position":"center center","background-size":"auto","background-attachment":"scroll","background-type":"","background-media":"","overlay-type":"","overlay-color":"","overlay-opacity":"","overlay-gradient":""}},"footnotes":""},"class_list":["post-607","page","type-page","status-publish","hentry"],"post_mailing_queue_ids":[],"_links":{"self":[{"href":"https:\/\/agora.xtec.cat\/escolapegaso\/wp-json\/wp\/v2\/pages\/607","targetHints":{"allow":["GET"]}}],"collection":[{"href":"https:\/\/agora.xtec.cat\/escolapegaso\/wp-json\/wp\/v2\/pages"}],"about":[{"href":"https:\/\/agora.xtec.cat\/escolapegaso\/wp-json\/wp\/v2\/types\/page"}],"author":[{"embeddable":true,"href":"https:\/\/agora.xtec.cat\/escolapegaso\/wp-json\/wp\/v2\/users\/1"}],"replies":[{"embeddable":true,"href":"https:\/\/agora.xtec.cat\/escolapegaso\/wp-json\/wp\/v2\/comments?post=607"}],"version-history":[{"count":4,"href":"https:\/\/agora.xtec.cat\/escolapegaso\/wp-json\/wp\/v2\/pages\/607\/revisions"}],"predecessor-version":[{"id":3756,"href":"https:\/\/agora.xtec.cat\/escolapegaso\/wp-json\/wp\/v2\/pages\/607\/revisions\/3756"}],"wp:attachment":[{"href":"https:\/\/agora.xtec.cat\/escolapegaso\/wp-json\/wp\/v2\/media?parent=607"}],"curies":[{"name":"wp","href":"https:\/\/api.w.org\/{rel}","templated":true}]}}