{"id":506,"date":"2019-08-31T12:33:03","date_gmt":"2019-08-31T10:33:03","guid":{"rendered":"https:\/\/agora.xtec.cat\/escolapegaso\/?page_id=506"},"modified":"2025-12-07T19:15:24","modified_gmt":"2025-12-07T18:15:24","slug":"edc","status":"publish","type":"page","link":"https:\/\/agora.xtec.cat\/escolapegaso\/projecte-educatiu\/edc\/","title":{"rendered":"Estrat\u00e8gia Digital de Centre"},"content":{"rendered":"<div id=\"fav-maincontent\" class=\"span12\">\n<div class=\"item-page\">\n<p>L\u2019<a href=\"https:\/\/projectes.xtec.cat\/edc-suport\/\"><strong>Estrat\u00e8gia Digital de Centre<\/strong><\/a>\u00a0(EDC) vol ser un document que recull totes les accions que es realitzen en aquest centre, i les que es realitzaran a mitj\u00e0 termini de cara al futur, per aconseguir la m\u00e0xima\u00a0<strong>compet\u00e8ncia digital de l\u2019alumnat, del professorat i del centre educatiu<\/strong>. Ha de tenir com a referent el\u00a0<strong>Pla d\u2019Educaci\u00f3 Digital de Catalunya<\/strong>\u00a0(PEDC), on s\u2019indica la necessitat d\u2019assolir la fita d\u2019una societat digitalment competent, fent \u00e8mfasi en l\u2019equitat i tenint en compte l\u2019evoluci\u00f3 del context social i tecnol\u00f2gic.<\/p>\n<p>A partir de la implementaci\u00f3 dels <strong>espais<\/strong> a Infantil i els <strong>tallers<\/strong> a prim\u00e0ria s&#8217;ha incrementat l&#8217;\u00fas de les eines TAC en diferents moments al llarg de la setmana (tallers de rob\u00f2tica, \u00fas generalitzat de tauletes&#8230;) totalment integrades a totes les \u00e0rees del curr\u00edculum. Disposem de tauletes, Blue-Bots i sets de Lego WeDo2 per programar. Amb la rob\u00f2tica pretenem Iniciar als alumnes en el llenguatge computacional, de manera l\u00fadica.<\/p>\n<p>A Prim\u00e0ria els alumnes tenen el seu propi correu electr\u00f2nic (dins el domini de l&#8217;escola @escolapegaso.cat) i aprenen a treballar col\u00b7laborativament en l&#8217;entorn <strong>G-Suite<\/strong>. Progressivament es van introduint diferents eines digitals i l&#8217;\u00fas de l&#8217;entorn Google i Google Classroom, una eina que a secund\u00e0ria utilitzaran.<\/p>\n<p>A partir del curs 2021-2022 es van incorporar\u00a0com a eines de treball <strong>ordinadors port\u00e0tils<\/strong> per als alumnes de 5\u00e8 i 6\u00e8, dins el Pla d&#8217;educaci\u00f3 digital de Catalunya.<\/p>\n<h4><a href=\"https:\/\/sites.google.com\/escolapegaso.cat\/edc?usp=sharing\" target=\"_blank\" rel=\"noopener\">Podeu accedir al site amb tota la informaci\u00f3 de l&#8217;EDC a trav\u00e9s d&#8217;aquest enlla\u00e7.<\/a><\/h4>\n<\/div>\n<\/div>\n","protected":false},"excerpt":{"rendered":"<p>L\u2019Estrat\u00e8gia Digital de Centre\u00a0(EDC) vol ser un document que recull totes les accions que es realitzen en aquest centre, i les que es realitzaran a mitj\u00e0 termini de cara al futur, per aconseguir la m\u00e0xima\u00a0compet\u00e8ncia digital de l\u2019alumnat, del professorat i del centre educatiu. Ha de tenir com a referent el\u00a0Pla d\u2019Educaci\u00f3 Digital de Catalunya\u00a0(PEDC), [&hellip;]<\/p>\n","protected":false},"author":1,"featured_media":0,"parent":64,"menu_order":5,"comment_status":"closed","ping_status":"closed","template":"","meta":{"_bbp_topic_count":0,"_bbp_reply_count":0,"_bbp_total_topic_count":0,"_bbp_total_reply_count":0,"_bbp_voice_count":0,"_bbp_anonymous_reply_count":0,"_bbp_topic_count_hidden":0,"_bbp_reply_count_hidden":0,"_bbp_forum_subforum_count":0,"site-sidebar-layout":"default","site-content-layout":"","ast-site-content-layout":"default","site-content-style":"default","site-sidebar-style":"default","ast-global-header-display":"","ast-banner-title-visibility":"","ast-main-header-display":"","ast-hfb-above-header-display":"","ast-hfb-below-header-display":"","ast-hfb-mobile-header-display":"","site-post-title":"","ast-breadcrumbs-content":"","ast-featured-img":"","footer-sml-layout":"","theme-transparent-header-meta":"default","adv-header-id-meta":"","stick-header-meta":"","header-above-stick-meta":"","header-main-stick-meta":"","header-below-stick-meta":"","astra-migrate-meta-layouts":"set","ast-page-background-enabled":"default","ast-page-background-meta":{"desktop":{"background-color":"var(--ast-global-color-4)","background-image":"","background-repeat":"repeat","background-position":"center center","background-size":"auto","background-attachment":"scroll","background-type":"","background-media":"","overlay-type":"","overlay-color":"","overlay-opacity":"","overlay-gradient":""},"tablet":{"background-color":"","background-image":"","background-repeat":"repeat","background-position":"center center","background-size":"auto","background-attachment":"scroll","background-type":"","background-media":"","overlay-type":"","overlay-color":"","overlay-opacity":"","overlay-gradient":""},"mobile":{"background-color":"","background-image":"","background-repeat":"repeat","background-position":"center center","background-size":"auto","background-attachment":"scroll","background-type":"","background-media":"","overlay-type":"","overlay-color":"","overlay-opacity":"","overlay-gradient":""}},"ast-content-background-meta":{"desktop":{"background-color":"var(--ast-global-color-5)","background-image":"","background-repeat":"repeat","background-position":"center center","background-size":"auto","background-attachment":"scroll","background-type":"","background-media":"","overlay-type":"","overlay-color":"","overlay-opacity":"","overlay-gradient":""},"tablet":{"background-color":"var(--ast-global-color-5)","background-image":"","background-repeat":"repeat","background-position":"center center","background-size":"auto","background-attachment":"scroll","background-type":"","background-media":"","overlay-type":"","overlay-color":"","overlay-opacity":"","overlay-gradient":""},"mobile":{"background-color":"var(--ast-global-color-5)","background-image":"","background-repeat":"repeat","background-position":"center center","background-size":"auto","background-attachment":"scroll","background-type":"","background-media":"","overlay-type":"","overlay-color":"","overlay-opacity":"","overlay-gradient":""}},"footnotes":""},"class_list":["post-506","page","type-page","status-publish","hentry"],"post_mailing_queue_ids":[],"_links":{"self":[{"href":"https:\/\/agora.xtec.cat\/escolapegaso\/wp-json\/wp\/v2\/pages\/506","targetHints":{"allow":["GET"]}}],"collection":[{"href":"https:\/\/agora.xtec.cat\/escolapegaso\/wp-json\/wp\/v2\/pages"}],"about":[{"href":"https:\/\/agora.xtec.cat\/escolapegaso\/wp-json\/wp\/v2\/types\/page"}],"author":[{"embeddable":true,"href":"https:\/\/agora.xtec.cat\/escolapegaso\/wp-json\/wp\/v2\/users\/1"}],"replies":[{"embeddable":true,"href":"https:\/\/agora.xtec.cat\/escolapegaso\/wp-json\/wp\/v2\/comments?post=506"}],"version-history":[{"count":6,"href":"https:\/\/agora.xtec.cat\/escolapegaso\/wp-json\/wp\/v2\/pages\/506\/revisions"}],"predecessor-version":[{"id":3399,"href":"https:\/\/agora.xtec.cat\/escolapegaso\/wp-json\/wp\/v2\/pages\/506\/revisions\/3399"}],"up":[{"embeddable":true,"href":"https:\/\/agora.xtec.cat\/escolapegaso\/wp-json\/wp\/v2\/pages\/64"}],"wp:attachment":[{"href":"https:\/\/agora.xtec.cat\/escolapegaso\/wp-json\/wp\/v2\/media?parent=506"}],"curies":[{"name":"wp","href":"https:\/\/api.w.org\/{rel}","templated":true}]}}