{"id":36,"date":"2014-09-18T12:33:11","date_gmt":"2014-09-18T11:33:11","guid":{"rendered":"http:\/\/agora.xtec.cat\/escolapegaso\/?page_id=36"},"modified":"2025-12-07T19:14:24","modified_gmt":"2025-12-07T18:14:24","slug":"material-escolar","status":"publish","type":"page","link":"https:\/\/agora.xtec.cat\/escolapegaso\/projecte-educatiu\/material-escolar\/","title":{"rendered":"Materials d&#8217;aprenentatge"},"content":{"rendered":"<div class=\"page-header\">\n<p>Els materials que s&#8217;utilitzen a l&#8217;escola han de ser un element m\u00e9s a tenir en compte per a dur a terme totes les propostes educatives. Els infants aprenen a partir d&#8217;est\u00edmuls o provocacions i a partir d&#8217;aqu\u00ed s&#8217;encarreguen d&#8217;explorar les seves possibilitats. Tota la comunitat educativa participem en la selecci\u00f3 i adquisici\u00f3 dels diferents materials i els tenim en compte a l&#8217;hora de planificar les activitats. Aquesta selecci\u00f3 es fa en funci\u00f3 de l&#8217;edat de l&#8217;infant i del seu proc\u00e9s maduratiu. Els materials s&#8217;organitzen en mobles, contenidors o safates de manera que l&#8217;infant hi tingui acc\u00e9s en qualsevol moment, afavorint la seva autonomia.<\/p>\n<p>Tot aquest material est\u00e0 incl\u00f2s en la quota de material i serveis anuals.<\/p>\n<p>D&#8217;aquesta manera podem trobar materials de tipologia molt diversa:<\/p>\n<ul style=\"list-style-type: disc;\">\n<li>Elements de la natura. Tant als espais interiors com als exteriors.<\/li>\n<li>Material per a la representaci\u00f3 gr\u00e0fica (colors, pintura, fang, material de rebuig&#8230;).<\/li>\n<li>Material per a la construcci\u00f3<\/li>\n<li>Materials did\u00e0ctics propis<\/li>\n<li>Instruments musicals i sonors<\/li>\n<li>Jocs de taula<\/li>\n<li>Material per al joc simb\u00f2lic (cuineta, hospital, restaurant&#8230;)<\/li>\n<li>Llibres de coneixements, contes, diccionaris&#8230; Cada aula t\u00e9 el seu espai de biblioteca a l&#8217;abast.<\/li>\n<li>Material audiovisual (pissarra digital, ordinadors, tablets, rob\u00f2tica&#8230;)<\/li>\n<li>Llibres de text (a prim\u00e0ria): La reutilitzaci\u00f3 de llibres ha estat sempre un projecte d\u2019escola. D&#8217;aquesta manera els alumnes s\u2019acostumen a compartir i respectar el material de tots i les fam\u00edlies fan una menor despesa.<\/li>\n<\/ul>\n<\/div>\n<div>\n<p><a href=\"https:\/\/drive.google.com\/file\/d\/1DjhkfV15oRsoHveqM0BN6cpKFMUgJf_U\/view?usp=sharing\" target=\"_blank\" rel=\"noopener\"><strong>Materials editorials curs 2025-2026<\/strong><\/a><\/p>\n<p>&nbsp;<\/p>\n<\/div>\n","protected":false},"excerpt":{"rendered":"<p>Els materials que s&#8217;utilitzen a l&#8217;escola han de ser un element m\u00e9s a tenir en compte per a dur a terme totes les propostes educatives. Els infants aprenen a partir d&#8217;est\u00edmuls o provocacions i a partir d&#8217;aqu\u00ed s&#8217;encarreguen d&#8217;explorar les seves possibilitats. Tota la comunitat educativa participem en la selecci\u00f3 i adquisici\u00f3 dels diferents materials [&hellip;]<\/p>\n","protected":false},"author":1,"featured_media":0,"parent":64,"menu_order":2,"comment_status":"closed","ping_status":"closed","template":"","meta":{"_bbp_topic_count":0,"_bbp_reply_count":0,"_bbp_total_topic_count":0,"_bbp_total_reply_count":0,"_bbp_voice_count":0,"_bbp_anonymous_reply_count":0,"_bbp_topic_count_hidden":0,"_bbp_reply_count_hidden":0,"_bbp_forum_subforum_count":0,"site-sidebar-layout":"default","site-content-layout":"","ast-site-content-layout":"default","site-content-style":"default","site-sidebar-style":"default","ast-global-header-display":"","ast-banner-title-visibility":"","ast-main-header-display":"","ast-hfb-above-header-display":"","ast-hfb-below-header-display":"","ast-hfb-mobile-header-display":"","site-post-title":"","ast-breadcrumbs-content":"","ast-featured-img":"","footer-sml-layout":"","theme-transparent-header-meta":"default","adv-header-id-meta":"","stick-header-meta":"","header-above-stick-meta":"","header-main-stick-meta":"","header-below-stick-meta":"","astra-migrate-meta-layouts":"set","ast-page-background-enabled":"default","ast-page-background-meta":{"desktop":{"background-color":"var(--ast-global-color-4)","background-image":"","background-repeat":"repeat","background-position":"center center","background-size":"auto","background-attachment":"scroll","background-type":"","background-media":"","overlay-type":"","overlay-color":"","overlay-opacity":"","overlay-gradient":""},"tablet":{"background-color":"","background-image":"","background-repeat":"repeat","background-position":"center center","background-size":"auto","background-attachment":"scroll","background-type":"","background-media":"","overlay-type":"","overlay-color":"","overlay-opacity":"","overlay-gradient":""},"mobile":{"background-color":"","background-image":"","background-repeat":"repeat","background-position":"center center","background-size":"auto","background-attachment":"scroll","background-type":"","background-media":"","overlay-type":"","overlay-color":"","overlay-opacity":"","overlay-gradient":""}},"ast-content-background-meta":{"desktop":{"background-color":"var(--ast-global-color-5)","background-image":"","background-repeat":"repeat","background-position":"center center","background-size":"auto","background-attachment":"scroll","background-type":"","background-media":"","overlay-type":"","overlay-color":"","overlay-opacity":"","overlay-gradient":""},"tablet":{"background-color":"var(--ast-global-color-5)","background-image":"","background-repeat":"repeat","background-position":"center center","background-size":"auto","background-attachment":"scroll","background-type":"","background-media":"","overlay-type":"","overlay-color":"","overlay-opacity":"","overlay-gradient":""},"mobile":{"background-color":"var(--ast-global-color-5)","background-image":"","background-repeat":"repeat","background-position":"center center","background-size":"auto","background-attachment":"scroll","background-type":"","background-media":"","overlay-type":"","overlay-color":"","overlay-opacity":"","overlay-gradient":""}},"footnotes":""},"class_list":["post-36","page","type-page","status-publish","hentry"],"post_mailing_queue_ids":[],"_links":{"self":[{"href":"https:\/\/agora.xtec.cat\/escolapegaso\/wp-json\/wp\/v2\/pages\/36","targetHints":{"allow":["GET"]}}],"collection":[{"href":"https:\/\/agora.xtec.cat\/escolapegaso\/wp-json\/wp\/v2\/pages"}],"about":[{"href":"https:\/\/agora.xtec.cat\/escolapegaso\/wp-json\/wp\/v2\/types\/page"}],"author":[{"embeddable":true,"href":"https:\/\/agora.xtec.cat\/escolapegaso\/wp-json\/wp\/v2\/users\/1"}],"replies":[{"embeddable":true,"href":"https:\/\/agora.xtec.cat\/escolapegaso\/wp-json\/wp\/v2\/comments?post=36"}],"version-history":[{"count":6,"href":"https:\/\/agora.xtec.cat\/escolapegaso\/wp-json\/wp\/v2\/pages\/36\/revisions"}],"predecessor-version":[{"id":3954,"href":"https:\/\/agora.xtec.cat\/escolapegaso\/wp-json\/wp\/v2\/pages\/36\/revisions\/3954"}],"up":[{"embeddable":true,"href":"https:\/\/agora.xtec.cat\/escolapegaso\/wp-json\/wp\/v2\/pages\/64"}],"wp:attachment":[{"href":"https:\/\/agora.xtec.cat\/escolapegaso\/wp-json\/wp\/v2\/media?parent=36"}],"curies":[{"name":"wp","href":"https:\/\/api.w.org\/{rel}","templated":true}]}}