{"id":30,"date":"2014-09-18T12:30:23","date_gmt":"2014-09-18T10:30:23","guid":{"rendered":"http:\/\/agora.xtec.cat\/escolapegaso\/?page_id=30"},"modified":"2025-12-07T19:13:27","modified_gmt":"2025-12-07T18:13:27","slug":"instal%c2%b7lacions","status":"publish","type":"page","link":"https:\/\/agora.xtec.cat\/escolapegaso\/lescola\/instal%c2%b7lacions\/","title":{"rendered":"Instal\u00b7lacions"},"content":{"rendered":"<p style=\"text-align: justify;\"><span style=\"font-family: inherit; font-size: 1em; font-weight: normal;\">L&#8217;escola disposa d&#8217;instal\u00b7lacions i espais amplis que garanteixen la qualitat de l&#8217;educaci\u00f3 que oferim. \u00c9s una escola gran tant per dins com per fora i aix\u00f2 permet poder disposar i jugar amb els espais disponibles en funci\u00f3 de les necessitats.<\/span><\/p>\n<div class=\"custom-sfx8\">\n<p style=\"text-align: justify;\"><span style=\"font-weight: 400;\">Les instal\u00b7lacions de l\u2019escola s\u00f3n molt \u00e0mplies i aix\u00f2 permet tenir molts espais disponibles tant interiors com exteriors. L&#8217;escola va ser pintada l&#8217;estiu del 2020 en la l\u00ednia de pintura del Consorci d&#8217;educaci\u00f3 de Barcelona que promou la pacificaci\u00f3 dels espais. Tamb\u00e9 s&#8217;han redecorat alguns espais i s&#8217;ha canviat mobiliari per a crear entorns i espais d&#8217;aprenentatge m\u00e9s tranquils. Poc a poc anem convertint l&#8217;escola en un lloc on l&#8217;est\u00e8tica jugui un paper facilitador de viv\u00e8ncies per als infants.<\/span><\/p>\n\r\n\t<div class=\"slideshow_container slideshow_container_style-light\" style=\"height: 300px; \" data-slideshow-id=\"1465\" data-style-name=\"style-light\" data-style-version=\"2.3.1\" >\r\n\r\n\t\t\t\t\t<div class=\"slideshow_loading_icon\"><\/div>\r\n\t\t\r\n\t\t<div class=\"slideshow_content\" style=\"display: none;\">\r\n\r\n\t\t\t<div class=\"slideshow_view\">\r\n\t\t\t\t<div class=\"slideshow_slide slideshow_slide_image\">\r\n\t\t\t\t\t\t\t\t\t\t\t<img src=\"https:\/\/agora.xtec.cat\/escolapegaso\/wp-content\/uploads\/usu2022\/2020\/03\/resized_PSX_20200228_202748.jpg\" alt=\"resized_PSX_20200228_202748\" width=\"2832\" height=\"1592\" \/>\r\n\t\t\t\t\t\t\t\t\t\t<div class=\"slideshow_description_box slideshow_transparent\">\r\n\t\t\t\t\t\t<div class=\"slideshow_title\">resized_PSX_20200228_202748<\/div>\t\t\t\t\t\t\t\t\t\t\t<\/div>\r\n\t\t\t\t<\/div>\r\n\r\n\t\t\t\t\t\t\r\n\t\t\t\t<div class=\"slideshow_slide slideshow_slide_image\">\r\n\t\t\t\t\t\t\t\t\t\t\t<img src=\"https:\/\/agora.xtec.cat\/escolapegaso\/wp-content\/uploads\/usu2022\/2020\/03\/resized_PSX_20200228_202954.jpg\" alt=\"resized_PSX_20200228_202954\" width=\"2832\" height=\"1592\" \/>\r\n\t\t\t\t\t\t\t\t\t\t<div class=\"slideshow_description_box slideshow_transparent\">\r\n\t\t\t\t\t\t<div class=\"slideshow_title\">resized_PSX_20200228_202954<\/div>\t\t\t\t\t\t\t\t\t\t\t<\/div>\r\n\t\t\t\t<\/div>\r\n\r\n\t\t\t\t\t\t\r\n\t\t\t\t<div class=\"slideshow_slide slideshow_slide_image\">\r\n\t\t\t\t\t\t\t\t\t\t\t<img src=\"https:\/\/agora.xtec.cat\/escolapegaso\/wp-content\/uploads\/usu2022\/2020\/03\/resized_PSX_20200228_214339.jpg\" alt=\"resized_PSX_20200228_214339\" width=\"2832\" height=\"1592\" \/>\r\n\t\t\t\t\t\t\t\t\t\t<div class=\"slideshow_description_box slideshow_transparent\">\r\n\t\t\t\t\t\t<div class=\"slideshow_title\">resized_PSX_20200228_214339<\/div>\t\t\t\t\t\t\t\t\t\t\t<\/div>\r\n\t\t\t\t<\/div>\r\n\r\n\t\t\t\t\t\t<div style=\"clear: both;\"><\/div><\/div><div class=\"slideshow_view\">\r\n\t\t\t\t<div class=\"slideshow_slide slideshow_slide_image\">\r\n\t\t\t\t\t\t\t\t\t\t\t<img src=\"https:\/\/agora.xtec.cat\/escolapegaso\/wp-content\/uploads\/usu2022\/2020\/03\/resized_PSX_20200228_214540.jpg\" alt=\"resized_PSX_20200228_214540\" width=\"2832\" height=\"1592\" \/>\r\n\t\t\t\t\t\t\t\t\t\t<div class=\"slideshow_description_box slideshow_transparent\">\r\n\t\t\t\t\t\t<div class=\"slideshow_title\">resized_PSX_20200228_214540<\/div>\t\t\t\t\t\t\t\t\t\t\t<\/div>\r\n\t\t\t\t<\/div>\r\n\r\n\t\t\t\t\t\t\r\n\t\t\t\t<div class=\"slideshow_slide slideshow_slide_image\">\r\n\t\t\t\t\t\t\t\t\t\t\t<img src=\"https:\/\/agora.xtec.cat\/escolapegaso\/wp-content\/uploads\/usu2022\/2020\/03\/resized_PSX_20200228_214626.jpg\" alt=\"resized_PSX_20200228_214626\" width=\"2832\" height=\"1592\" \/>\r\n\t\t\t\t\t\t\t\t\t\t<div class=\"slideshow_description_box slideshow_transparent\">\r\n\t\t\t\t\t\t<div class=\"slideshow_title\">resized_PSX_20200228_214626<\/div>\t\t\t\t\t\t\t\t\t\t\t<\/div>\r\n\t\t\t\t<\/div>\r\n\r\n\t\t\t\t\t\t\t<div style=\"clear: both;\"><\/div><\/div><div class=\"slideshow_view\">\t\t\t<div style=\"clear: both;\"><\/div><\/div><div class=\"slideshow_view\">\t\t\t<div style=\"clear: both;\"><\/div><\/div><div class=\"slideshow_view\">\t\t\t<div style=\"clear: both;\"><\/div><\/div><div class=\"slideshow_view\">\r\n\t\t\t\t<div class=\"slideshow_slide slideshow_slide_image\">\r\n\t\t\t\t\t\t\t\t\t\t\t<img src=\"https:\/\/agora.xtec.cat\/escolapegaso\/wp-content\/uploads\/usu2022\/2020\/03\/1.2.7.AULA-USEE-2-1024x768.jpg\" alt=\"1.2.7.AULA-USEE-2-1024x768\" width=\"1024\" height=\"768\" \/>\r\n\t\t\t\t\t\t\t\t\t\t<div class=\"slideshow_description_box slideshow_transparent\">\r\n\t\t\t\t\t\t<div class=\"slideshow_title\">1.2.7.AULA-USEE-2-1024x768<\/div>\t\t\t\t\t\t\t\t\t\t\t<\/div>\r\n\t\t\t\t<\/div>\r\n\r\n\t\t\t\t\t\t\r\n\t\t\t\t<div class=\"slideshow_slide slideshow_slide_image\">\r\n\t\t\t\t\t\t\t\t\t\t\t<img src=\"https:\/\/agora.xtec.cat\/escolapegaso\/wp-content\/uploads\/usu2022\/2020\/03\/1.2.12.HORT-1-1024x768.jpg\" alt=\"1.2.12.HORT-1-1024x768\" width=\"1024\" height=\"768\" \/>\r\n\t\t\t\t\t\t\t\t\t\t<div class=\"slideshow_description_box slideshow_transparent\">\r\n\t\t\t\t\t\t<div class=\"slideshow_title\">1.2.12.HORT-1-1024x768<\/div>\t\t\t\t\t\t\t\t\t\t\t<\/div>\r\n\t\t\t\t<\/div>\r\n\r\n\t\t\t\t\t\t\t<div style=\"clear: both;\"><\/div><\/div><div class=\"slideshow_view\">\t\t\t<div style=\"clear: both;\"><\/div><\/div><div class=\"slideshow_view\">\t\t\t<div style=\"clear: both;\"><\/div><\/div><div class=\"slideshow_view\">\t\r\n\t\t\t\t<div class=\"slideshow_slide slideshow_slide_image\">\r\n\t\t\t\t\t\t\t\t\t\t\t<img src=\"https:\/\/agora.xtec.cat\/escolapegaso\/wp-content\/uploads\/usu2022\/2020\/03\/resized_PSX_20200228_214838.jpg\" alt=\"resized_PSX_20200228_214838\" width=\"2832\" height=\"1592\" \/>\r\n\t\t\t\t\t\t\t\t\t\t<div class=\"slideshow_description_box slideshow_transparent\">\r\n\t\t\t\t\t\t<div class=\"slideshow_title\">resized_PSX_20200228_214838<\/div>\t\t\t\t\t\t\t\t\t\t\t<\/div>\r\n\t\t\t\t<\/div>\r\n\r\n\t\t\t\t\t\t\r\n\t\t\t\t<div class=\"slideshow_slide slideshow_slide_image\">\r\n\t\t\t\t\t\t\t\t\t\t\t<img src=\"https:\/\/agora.xtec.cat\/escolapegaso\/wp-content\/uploads\/usu2022\/2020\/03\/resized_PSX_20200228_214946.jpg\" alt=\"resized_PSX_20200228_214946\" width=\"2832\" height=\"1592\" \/>\r\n\t\t\t\t\t\t\t\t\t\t<div class=\"slideshow_description_box slideshow_transparent\">\r\n\t\t\t\t\t\t<div class=\"slideshow_title\">resized_PSX_20200228_214946<\/div>\t\t\t\t\t\t\t\t\t\t\t<\/div>\r\n\t\t\t\t<\/div>\r\n\r\n\t\t\t\t\t\t<div style=\"clear: both;\"><\/div><\/div><div class=\"slideshow_view\">\r\n\t\t\t\t<div class=\"slideshow_slide slideshow_slide_image\">\r\n\t\t\t\t\t\t\t\t\t\t\t<img src=\"https:\/\/agora.xtec.cat\/escolapegaso\/wp-content\/uploads\/usu2022\/2020\/03\/PANCARTA-ESCOLA-BISBIS.jpg\" alt=\"PANCARTA-ESCOLA-BISBIS\" width=\"935\" height=\"357\" \/>\r\n\t\t\t\t\t\t\t\t\t\t<div class=\"slideshow_description_box slideshow_transparent\">\r\n\t\t\t\t\t\t<div class=\"slideshow_title\">PANCARTA-ESCOLA-BISBIS<\/div>\t\t\t\t\t\t\t\t\t\t\t<\/div>\r\n\t\t\t\t<\/div>\r\n\r\n\t\t\t\t\t\t<div style=\"clear: both;\"><\/div><\/div>\r\n\t\t<\/div>\r\n\r\n\t\t<div class=\"slideshow_controlPanel slideshow_transparent\" style=\"display: none;\"><ul><li class=\"slideshow_togglePlay\" data-play-text=\"Visualitza\" data-pause-text=\"Pausa\"><\/li><\/ul><\/div>\r\n\r\n\t\t<div class=\"slideshow_button slideshow_previous slideshow_transparent\" role=\"button\" data-previous-text=\"Anterior\" style=\"display: none;\"><\/div>\r\n\t\t<div class=\"slideshow_button slideshow_next slideshow_transparent\" role=\"button\" data-next-text=\"Seg\u00fcent\" style=\"display: none;\"><\/div>\r\n\r\n\t\t<div class=\"slideshow_pagination\" style=\"display: none;\" data-go-to-text=\"V\u00e9s a la diapositiva\"><div class=\"slideshow_pagination_center\"><\/div><\/div>\r\n\r\n\t\t<!-- WordPress Slideshow Version 2.3.1 -->\r\n\r\n\t\t\t<\/div>\r\n\r\n\n<\/div>\n","protected":false},"excerpt":{"rendered":"<p>L&#8217;escola disposa d&#8217;instal\u00b7lacions i espais amplis que garanteixen la qualitat de l&#8217;educaci\u00f3 que oferim. \u00c9s una escola gran tant per dins com per fora i aix\u00f2 permet poder disposar i jugar amb els espais disponibles en funci\u00f3 de les necessitats. Les instal\u00b7lacions de l\u2019escola s\u00f3n molt \u00e0mplies i aix\u00f2 permet tenir molts espais disponibles tant [&hellip;]<\/p>\n","protected":false},"author":1,"featured_media":0,"parent":22,"menu_order":4,"comment_status":"closed","ping_status":"closed","template":"","meta":{"_bbp_topic_count":0,"_bbp_reply_count":0,"_bbp_total_topic_count":0,"_bbp_total_reply_count":0,"_bbp_voice_count":0,"_bbp_anonymous_reply_count":0,"_bbp_topic_count_hidden":0,"_bbp_reply_count_hidden":0,"_bbp_forum_subforum_count":0,"site-sidebar-layout":"default","site-content-layout":"","ast-site-content-layout":"default","site-content-style":"default","site-sidebar-style":"default","ast-global-header-display":"","ast-banner-title-visibility":"","ast-main-header-display":"","ast-hfb-above-header-display":"","ast-hfb-below-header-display":"","ast-hfb-mobile-header-display":"","site-post-title":"","ast-breadcrumbs-content":"","ast-featured-img":"","footer-sml-layout":"","theme-transparent-header-meta":"default","adv-header-id-meta":"","stick-header-meta":"","header-above-stick-meta":"","header-main-stick-meta":"","header-below-stick-meta":"","astra-migrate-meta-layouts":"set","ast-page-background-enabled":"default","ast-page-background-meta":{"desktop":{"background-color":"var(--ast-global-color-4)","background-image":"","background-repeat":"repeat","background-position":"center center","background-size":"auto","background-attachment":"scroll","background-type":"","background-media":"","overlay-type":"","overlay-color":"","overlay-opacity":"","overlay-gradient":""},"tablet":{"background-color":"","background-image":"","background-repeat":"repeat","background-position":"center center","background-size":"auto","background-attachment":"scroll","background-type":"","background-media":"","overlay-type":"","overlay-color":"","overlay-opacity":"","overlay-gradient":""},"mobile":{"background-color":"","background-image":"","background-repeat":"repeat","background-position":"center center","background-size":"auto","background-attachment":"scroll","background-type":"","background-media":"","overlay-type":"","overlay-color":"","overlay-opacity":"","overlay-gradient":""}},"ast-content-background-meta":{"desktop":{"background-color":"var(--ast-global-color-5)","background-image":"","background-repeat":"repeat","background-position":"center center","background-size":"auto","background-attachment":"scroll","background-type":"","background-media":"","overlay-type":"","overlay-color":"","overlay-opacity":"","overlay-gradient":""},"tablet":{"background-color":"var(--ast-global-color-5)","background-image":"","background-repeat":"repeat","background-position":"center center","background-size":"auto","background-attachment":"scroll","background-type":"","background-media":"","overlay-type":"","overlay-color":"","overlay-opacity":"","overlay-gradient":""},"mobile":{"background-color":"var(--ast-global-color-5)","background-image":"","background-repeat":"repeat","background-position":"center center","background-size":"auto","background-attachment":"scroll","background-type":"","background-media":"","overlay-type":"","overlay-color":"","overlay-opacity":"","overlay-gradient":""}},"footnotes":""},"class_list":["post-30","page","type-page","status-publish","hentry"],"post_mailing_queue_ids":[],"_links":{"self":[{"href":"https:\/\/agora.xtec.cat\/escolapegaso\/wp-json\/wp\/v2\/pages\/30","targetHints":{"allow":["GET"]}}],"collection":[{"href":"https:\/\/agora.xtec.cat\/escolapegaso\/wp-json\/wp\/v2\/pages"}],"about":[{"href":"https:\/\/agora.xtec.cat\/escolapegaso\/wp-json\/wp\/v2\/types\/page"}],"author":[{"embeddable":true,"href":"https:\/\/agora.xtec.cat\/escolapegaso\/wp-json\/wp\/v2\/users\/1"}],"replies":[{"embeddable":true,"href":"https:\/\/agora.xtec.cat\/escolapegaso\/wp-json\/wp\/v2\/comments?post=30"}],"version-history":[{"count":3,"href":"https:\/\/agora.xtec.cat\/escolapegaso\/wp-json\/wp\/v2\/pages\/30\/revisions"}],"predecessor-version":[{"id":2806,"href":"https:\/\/agora.xtec.cat\/escolapegaso\/wp-json\/wp\/v2\/pages\/30\/revisions\/2806"}],"up":[{"embeddable":true,"href":"https:\/\/agora.xtec.cat\/escolapegaso\/wp-json\/wp\/v2\/pages\/22"}],"wp:attachment":[{"href":"https:\/\/agora.xtec.cat\/escolapegaso\/wp-json\/wp\/v2\/media?parent=30"}],"curies":[{"name":"wp","href":"https:\/\/api.w.org\/{rel}","templated":true}]}}