{"id":28,"date":"2014-09-18T12:29:35","date_gmt":"2014-09-18T10:29:35","guid":{"rendered":"http:\/\/agora.xtec.cat\/escolapegaso\/?page_id=28"},"modified":"2025-12-19T10:34:01","modified_gmt":"2025-12-19T09:34:01","slug":"consell-escolar","status":"publish","type":"page","link":"https:\/\/agora.xtec.cat\/escolapegaso\/lescola\/consell-escolar\/","title":{"rendered":"Consell escolar"},"content":{"rendered":"<div class=\"page-header\">\n<h2>CONSELL ESCOLAR<\/h2>\n<\/div>\n<div class=\"fav-article-details\"><\/div>\n<div>\n<h3>Qu\u00e8 \u00e9s el Consell Escolar del Centre?<\/h3>\n<p>\u00c9s l&#8217;\u00f2rgan de govern del centre educatiu, ja sigui de prim\u00e0ria o secund\u00e0ria. Est\u00e0 compost per representants del personal docent, del personal d&#8217;administraci\u00f3 i serveis, dels pares i mares, de l&#8217;associaci\u00f3 de pares i mares, dels alumnes i un representant de l&#8217;Ajuntament. Els representants surten elegits per votaci\u00f3.<\/p>\n<p>Les seves funcions s\u00f3n entre altres:<\/p>\n<ul>\n<li>Aprovar la PGA i la Mem\u00f2ria anual de curs.<\/li>\n<li>Aprovar el pressupost del centre, fer-ne el seguiment i aprovar-ne la liquidaci\u00f3.<\/li>\n<li>Aprovar les NOFC.<\/li>\n<li>Promoure la conservaci\u00f3 i renovaci\u00f3 de les instal\u00b7lacions i material escolar.<\/li>\n<li>Analitzar i valorar el funcionament general del centre, l&#8217;evoluci\u00f3 del rendiment escolar.<\/li>\n<\/ul>\n<p>L&#8217;actual consell escolar (2025) est\u00e0 format per:<\/p>\n<table style=\"height: 550px; width: 56.804%;\" width=\"100%\">\n<tbody>\n<tr style=\"height: 600px;\">\n<td style=\"width: 49.3601%; height: 550px;\"><strong>Equip directiu:<\/strong><\/p>\n<p>\u00b7\u00a0\u00a0\u00a0\u00a0\u00a0\u00a0\u00a0\u00a0 Elisabet Gut\u00e9s<br \/>\n\u00b7\u00a0\u00a0\u00a0\u00a0\u00a0\u00a0\u00a0\u00a0 Anna Alucha<br \/>\n\u00b7\u00a0\u00a0\u00a0\u00a0\u00a0\u00a0\u00a0\u00a0 N\u00faria Pascual<\/p>\n<p><strong>Representants del sector de professorat:<\/strong><\/p>\n<p>\u00b7\u00a0 \u00a0 \u00a0 \u00a0 Anna Amor\u00f3s<br \/>\n<span style=\"font-family: inherit; font-size: 1em;\">\u00b7\u00a0 \u00a0 \u00a0 \u00a0 Esther Falces*<br \/>\n<\/span><span style=\"font-family: inherit; font-size: 1em;\">\u00b7\u00a0 \u00a0 \u00a0 \u00a0 Noelia Mart\u00edn<br \/>\n<\/span>\u00b7\u00a0 \u00a0 \u00a0 \u00a0\u00a0 <span style=\"font-family: inherit; font-size: 1em;\">Marta Prats<br \/>\n<\/span>\u00b7\u00a0 \u00a0 \u00a0 \u00a0 S\u00f2nia S\u00e1nchez<br \/>\n\u00b7\u00a0 \u00a0 \u00a0 \u00a0 Elias Vera<\/p>\n<p><strong>Representant del PAS:<\/strong><\/p>\n<p>\u00b7\u00a0 \u00a0 \u00a0 \u00a0Ana Au\u00f1\u00f3n<\/p>\n<p><strong>Representant del PAE:<\/strong><\/p>\n<p>\u00b7\u00a0 \u00a0 \u00a0 \u00a0Sonia \u00c1lvarez<\/p>\n<p><em>*Responsable de coeducaci\u00f3<\/em><\/td>\n<td style=\"width: 77.0465%; height: 550px;\"><strong>Representants del sector de pares i mares d&#8217;alumnes:<\/strong><\/p>\n<p>\u00b7\u00a0 \u00a0 \u00a0 \u00a0Maria Bola\u00f1o<br \/>\n\u00b7\u00a0 \u00a0 \u00a0 \u00a0Eduardo Garc\u00eda<br \/>\n\u00b7\u00a0 \u00a0 \u00a0 \u00a0Jordi Jos\u00e9<br \/>\n\u00b7\u00a0 \u00a0 \u00a0 \u00a0Lluc Millat<br \/>\n\u00b7\u00a0 \u00a0 \u00a0 \u00a0Olga Ortiz<br \/>\n\u00b7\u00a0 \u00a0 \u00a0 \u00a0Jordi Soriano<\/p>\n<p><strong>Representant de l&#8217;Ajuntament:<\/strong><\/p>\n<p>\u00b7\u00a0\u00a0\u00a0\u00a0\u00a0\u00a0\u00a0\u00a0 M Teresa Past\u00f3<\/p>\n<p><strong>Representant de l&#8217;AFA:<\/strong><\/p>\n<p>\u00b7\u00a0\u00a0\u00a0\u00a0\u00a0\u00a0\u00a0\u00a0 Yolanda Saumell<\/td>\n<\/tr>\n<\/tbody>\n<\/table>\n<p>Comissions:<\/p>\n<table style=\"width: 57.0265%; height: 391px;\">\n<tbody>\n<tr style=\"height: 120px;\">\n<td style=\"width: 49.3736%; height: 180px;\"><strong>Comissi\u00f3 de menjador:<\/strong><\/p>\n<ul>\n<li>Elisabet Gut\u00e9s<\/li>\n<li>Jordi Jos\u00e9<\/li>\n<li>Marta Prats<\/li>\n<li>N\u00faria Pascual<\/li>\n<\/ul>\n<\/td>\n<td style=\"width: 92.1944%; height: 180px;\"><strong>Comissi\u00f3 permanent:<\/strong><\/p>\n<ul>\n<li>Elisabet Gut\u00e9s<\/li>\n<li>Yolanda Saumell<\/li>\n<li>Noelia Mart\u00edn<\/li>\n<li>N\u00faria Pascual<\/li>\n<\/ul>\n<\/td>\n<\/tr>\n<tr style=\"height: 120px;\">\n<td style=\"width: 49.3736%; height: 211px;\"><strong>Comissi\u00f3 de conviv\u00e8ncia:<\/strong><\/p>\n<ul>\n<li>Elisabet Gut\u00e9s<\/li>\n<li>Eduard Garc\u00eda<\/li>\n<li>Elias Vera<\/li>\n<li>N\u00faria Pascual<\/li>\n<\/ul>\n<\/td>\n<td style=\"width: 92.1944%; height: 211px;\">\n<p style=\"text-align: justify;\"><strong>Comissi\u00f3 econ\u00f2mica:<\/strong><\/p>\n<ul>\n<li>Elisabet Gut\u00e9s<\/li>\n<li>Olga Ortiz<\/li>\n<li>Anna Amor\u00f3s<\/li>\n<li>N\u00faria Pascual<\/li>\n<\/ul>\n<\/td>\n<\/tr>\n<\/tbody>\n<\/table>\n<\/div>\n","protected":false},"excerpt":{"rendered":"<p>CONSELL ESCOLAR Qu\u00e8 \u00e9s el Consell Escolar del Centre? \u00c9s l&#8217;\u00f2rgan de govern del centre educatiu, ja sigui de prim\u00e0ria o secund\u00e0ria. Est\u00e0 compost per representants del personal docent, del personal d&#8217;administraci\u00f3 i serveis, dels pares i mares, de l&#8217;associaci\u00f3 de pares i mares, dels alumnes i un representant de l&#8217;Ajuntament. Els representants surten elegits [&hellip;]<\/p>\n","protected":false},"author":1,"featured_media":0,"parent":22,"menu_order":3,"comment_status":"closed","ping_status":"closed","template":"","meta":{"_bbp_topic_count":0,"_bbp_reply_count":0,"_bbp_total_topic_count":0,"_bbp_total_reply_count":0,"_bbp_voice_count":0,"_bbp_anonymous_reply_count":0,"_bbp_topic_count_hidden":0,"_bbp_reply_count_hidden":0,"_bbp_forum_subforum_count":0,"site-sidebar-layout":"default","site-content-layout":"","ast-site-content-layout":"default","site-content-style":"default","site-sidebar-style":"default","ast-global-header-display":"","ast-banner-title-visibility":"","ast-main-header-display":"","ast-hfb-above-header-display":"","ast-hfb-below-header-display":"","ast-hfb-mobile-header-display":"","site-post-title":"","ast-breadcrumbs-content":"","ast-featured-img":"","footer-sml-layout":"","theme-transparent-header-meta":"default","adv-header-id-meta":"","stick-header-meta":"","header-above-stick-meta":"","header-main-stick-meta":"","header-below-stick-meta":"","astra-migrate-meta-layouts":"set","ast-page-background-enabled":"default","ast-page-background-meta":{"desktop":{"background-color":"var(--ast-global-color-4)","background-image":"","background-repeat":"repeat","background-position":"center center","background-size":"auto","background-attachment":"scroll","background-type":"","background-media":"","overlay-type":"","overlay-color":"","overlay-opacity":"","overlay-gradient":""},"tablet":{"background-color":"","background-image":"","background-repeat":"repeat","background-position":"center center","background-size":"auto","background-attachment":"scroll","background-type":"","background-media":"","overlay-type":"","overlay-color":"","overlay-opacity":"","overlay-gradient":""},"mobile":{"background-color":"","background-image":"","background-repeat":"repeat","background-position":"center center","background-size":"auto","background-attachment":"scroll","background-type":"","background-media":"","overlay-type":"","overlay-color":"","overlay-opacity":"","overlay-gradient":""}},"ast-content-background-meta":{"desktop":{"background-color":"var(--ast-global-color-5)","background-image":"","background-repeat":"repeat","background-position":"center center","background-size":"auto","background-attachment":"scroll","background-type":"","background-media":"","overlay-type":"","overlay-color":"","overlay-opacity":"","overlay-gradient":""},"tablet":{"background-color":"var(--ast-global-color-5)","background-image":"","background-repeat":"repeat","background-position":"center center","background-size":"auto","background-attachment":"scroll","background-type":"","background-media":"","overlay-type":"","overlay-color":"","overlay-opacity":"","overlay-gradient":""},"mobile":{"background-color":"var(--ast-global-color-5)","background-image":"","background-repeat":"repeat","background-position":"center center","background-size":"auto","background-attachment":"scroll","background-type":"","background-media":"","overlay-type":"","overlay-color":"","overlay-opacity":"","overlay-gradient":""}},"footnotes":""},"class_list":["post-28","page","type-page","status-publish","hentry"],"post_mailing_queue_ids":[],"_links":{"self":[{"href":"https:\/\/agora.xtec.cat\/escolapegaso\/wp-json\/wp\/v2\/pages\/28","targetHints":{"allow":["GET"]}}],"collection":[{"href":"https:\/\/agora.xtec.cat\/escolapegaso\/wp-json\/wp\/v2\/pages"}],"about":[{"href":"https:\/\/agora.xtec.cat\/escolapegaso\/wp-json\/wp\/v2\/types\/page"}],"author":[{"embeddable":true,"href":"https:\/\/agora.xtec.cat\/escolapegaso\/wp-json\/wp\/v2\/users\/1"}],"replies":[{"embeddable":true,"href":"https:\/\/agora.xtec.cat\/escolapegaso\/wp-json\/wp\/v2\/comments?post=28"}],"version-history":[{"count":7,"href":"https:\/\/agora.xtec.cat\/escolapegaso\/wp-json\/wp\/v2\/pages\/28\/revisions"}],"predecessor-version":[{"id":4051,"href":"https:\/\/agora.xtec.cat\/escolapegaso\/wp-json\/wp\/v2\/pages\/28\/revisions\/4051"}],"up":[{"embeddable":true,"href":"https:\/\/agora.xtec.cat\/escolapegaso\/wp-json\/wp\/v2\/pages\/22"}],"wp:attachment":[{"href":"https:\/\/agora.xtec.cat\/escolapegaso\/wp-json\/wp\/v2\/media?parent=28"}],"curies":[{"name":"wp","href":"https:\/\/api.w.org\/{rel}","templated":true}]}}