{"id":1390,"date":"2020-03-21T19:30:29","date_gmt":"2020-03-21T18:30:29","guid":{"rendered":"https:\/\/agora.xtec.cat\/escolapegaso\/?page_id=1390"},"modified":"2025-12-07T19:16:15","modified_gmt":"2025-12-07T18:16:15","slug":"relacions-amb-lentorn","status":"publish","type":"page","link":"https:\/\/agora.xtec.cat\/escolapegaso\/projecte-educatiu\/relacions-amb-lentorn\/","title":{"rendered":"Relacions amb l&#8217;entorn"},"content":{"rendered":"<p><a href=\"https:\/\/agora.xtec.cat\/escolapegaso\/wp-content\/uploads\/usu2022\/2020\/03\/descarga-20.png\"><img loading=\"lazy\" decoding=\"async\" class=\"alignnone wp-image-1595\" src=\"https:\/\/agora.xtec.cat\/escolapegaso\/wp-content\/uploads\/usu2022\/2020\/03\/descarga-20-300x166.png\" alt=\"\" width=\"246\" height=\"136\" srcset=\"https:\/\/agora.xtec.cat\/escolapegaso\/wp-content\/uploads\/usu2022\/2020\/03\/descarga-20-300x167.png 300w, https:\/\/agora.xtec.cat\/escolapegaso\/wp-content\/uploads\/usu2022\/2020\/03\/descarga-20.png 302w\" sizes=\"auto, (max-width: 246px) 100vw, 246px\" \/><\/a><\/p>\n<p style=\"text-align: justify;\">Aquest programa del que formem part, promou el coneixement de l\u2019entorn cultural, social i hist\u00f2ric a trav\u00e9s del comer\u00e7 de proximitat, amb l\u2019objectiu de crear una cultura de consum cr\u00edtic i responsable des de ben petits. El programa ofereix a les escoles l\u2019oportunitat de con\u00e8ixer i repensar el comer\u00e7 de proximitat de la nostra ciutat i elaborar criteris per consumir de manera activa, cr\u00edtica i responsable. \u2018El comer\u00e7 i les escoles\u2019 \u00e9s una iniciativa impulsada per la Direcci\u00f3 de Comer\u00e7 de l\u2019\u00c0rea d\u2019Empresa, Cultura i Innovaci\u00f3 de l\u2019Ajuntament de Barcelona.<\/p>\n<h4>XARXES DOCENTS PER A LA MILLORA EDUCATIVA<\/h4>\n<p style=\"text-align: justify;\"><span style=\"font-weight: 400;\">Despr\u00e9s d&#8217;haver format part del Programa Xarxes per al Canvi, continuem fent xarxa participant a les Xarxes docents per a la millora educativa. Aquesta nova iniciativa t\u00e9 com a objectiu orientar els centres en la reflexi\u00f3 i el replantejament del seu prop\u00f2sit tot posant \u00e8mfasi en la millora de les compet\u00e8ncies docents.\u00a0<\/span><\/p>\n<h4><strong>ESCOLA FORMADORA<\/strong><\/h4>\n<div>\n<p>L&#8217;escola \u00e9s una escola formadora d&#8217;estudiants que volen formar part de l&#8217;educaci\u00f3 des de diferents \u00e0mbits que l&#8217;escola pot oferir.\u00a0<span style=\"font-family: inherit; font-size: 1em;\">Cada curs tenim diversos estudiants de pr\u00e0ctiques de Magisteri, com tamb\u00e9 de Pedagogia, de diferents universitats UB, UAB, URL,UNIR, UVIC&#8230;<\/span><\/p>\n<\/div>\n<div>\n<p>Tamb\u00e9 tenim estudiants en practiques d&#8217;altres especialitats: integraci\u00f3 social (TIS), CFGM d&#8217;Arts gr\u00e0fiques, CFGM d&#8217;administratiu, vetlladors&#8230;<\/p>\n<p>Sempre hem estat una escola amb \u00e0nims de formar alumnes que aprenguin que \u00e9s i com fer de mestre i tinguin l&#8217;experi\u00e8ncia d&#8217;aprendre.<\/p>\n<p>Estem en el programa de Diversificaci\u00f3 Curricular on estudiants d&#8217;Instituts propers realitzen una part de l&#8217;\u00e0mbit pr\u00e0ctic amb activitats externes al centre, en aquest cas a l&#8217;escola, realitzant tasques variades, segons el perfil de cada estudiant.<\/p>\n<p>Aix\u00ed tamb\u00e9 alumnes l&#8217;IES Pr\u00edncep de Viana (alguns exalumnes) v\u00e9nen a fer pr\u00e0ctiques dins el programa Aprenentatge i Servei..<\/p>\n<\/div>\n<h4><a href=\"https:\/\/agora.xtec.cat\/escolapegaso\/wp-content\/uploads\/usu2022\/2020\/03\/descarga-21.png\"><img loading=\"lazy\" decoding=\"async\" class=\"alignnone wp-image-1597 size-full\" src=\"https:\/\/agora.xtec.cat\/escolapegaso\/wp-content\/uploads\/usu2022\/2020\/03\/descarga-21-e1584898513932.png\" alt=\"\" width=\"259\" height=\"143\" \/><\/a><\/h4>\n<p><span style=\"font-weight: 400;\">El cam\u00ed escolar &#8211; espai amic pret\u00e9n que els nens i les nenes de la ciutat guanyin autonomia personal i qualitat de vida mentre van i v\u00e9nen sols a l&#8217;escola, passegen pel parc, van al casal o a fer esport&#8230;, promovent alhora un comprom\u00eds de participaci\u00f3 de la comunitat. El nostre cam\u00ed escolar es va inaugurar a principis del curs 18-19.<\/span><\/p>\n<p>&nbsp;<\/p>\n<p><strong>PROJECTES DE PARTICIPACI\u00d3 SOCIAL<\/strong><\/p>\n<p><span style=\"font-weight: 400;\">L\u2019escola s\u2019implica en diversos projectes de participaci\u00f3 social perqu\u00e8 d\u2019aquesta manera ens apropem per formar part de manera activa del barri i de l&#8217;entorn m\u00e9s immediat dels nostres alumnes, enriquint-nos amb cada nova participaci\u00f3.<\/span><\/p>\n<p>Juntament amb les altres escoles del barri de la Sagrera participem a la fira solid\u00e0ria Firem-nos organitzada per l&#8217;associaci\u00f3 La Sagrera es mou.<\/p>\n<p>&nbsp;<\/p>\n","protected":false},"excerpt":{"rendered":"<p>Aquest programa del que formem part, promou el coneixement de l\u2019entorn cultural, social i hist\u00f2ric a trav\u00e9s del comer\u00e7 de proximitat, amb l\u2019objectiu de crear una cultura de consum cr\u00edtic i responsable des de ben petits. El programa ofereix a les escoles l\u2019oportunitat de con\u00e8ixer i repensar el comer\u00e7 de proximitat de la nostra ciutat [&hellip;]<\/p>\n","protected":false},"author":1,"featured_media":0,"parent":64,"menu_order":12,"comment_status":"closed","ping_status":"closed","template":"","meta":{"_bbp_topic_count":0,"_bbp_reply_count":0,"_bbp_total_topic_count":0,"_bbp_total_reply_count":0,"_bbp_voice_count":0,"_bbp_anonymous_reply_count":0,"_bbp_topic_count_hidden":0,"_bbp_reply_count_hidden":0,"_bbp_forum_subforum_count":0,"site-sidebar-layout":"default","site-content-layout":"","ast-site-content-layout":"default","site-content-style":"default","site-sidebar-style":"default","ast-global-header-display":"","ast-banner-title-visibility":"","ast-main-header-display":"","ast-hfb-above-header-display":"","ast-hfb-below-header-display":"","ast-hfb-mobile-header-display":"","site-post-title":"","ast-breadcrumbs-content":"","ast-featured-img":"","footer-sml-layout":"","theme-transparent-header-meta":"default","adv-header-id-meta":"","stick-header-meta":"","header-above-stick-meta":"","header-main-stick-meta":"","header-below-stick-meta":"","astra-migrate-meta-layouts":"set","ast-page-background-enabled":"default","ast-page-background-meta":{"desktop":{"background-color":"var(--ast-global-color-4)","background-image":"","background-repeat":"repeat","background-position":"center center","background-size":"auto","background-attachment":"scroll","background-type":"","background-media":"","overlay-type":"","overlay-color":"","overlay-opacity":"","overlay-gradient":""},"tablet":{"background-color":"","background-image":"","background-repeat":"repeat","background-position":"center center","background-size":"auto","background-attachment":"scroll","background-type":"","background-media":"","overlay-type":"","overlay-color":"","overlay-opacity":"","overlay-gradient":""},"mobile":{"background-color":"","background-image":"","background-repeat":"repeat","background-position":"center center","background-size":"auto","background-attachment":"scroll","background-type":"","background-media":"","overlay-type":"","overlay-color":"","overlay-opacity":"","overlay-gradient":""}},"ast-content-background-meta":{"desktop":{"background-color":"var(--ast-global-color-5)","background-image":"","background-repeat":"repeat","background-position":"center center","background-size":"auto","background-attachment":"scroll","background-type":"","background-media":"","overlay-type":"","overlay-color":"","overlay-opacity":"","overlay-gradient":""},"tablet":{"background-color":"var(--ast-global-color-5)","background-image":"","background-repeat":"repeat","background-position":"center center","background-size":"auto","background-attachment":"scroll","background-type":"","background-media":"","overlay-type":"","overlay-color":"","overlay-opacity":"","overlay-gradient":""},"mobile":{"background-color":"var(--ast-global-color-5)","background-image":"","background-repeat":"repeat","background-position":"center center","background-size":"auto","background-attachment":"scroll","background-type":"","background-media":"","overlay-type":"","overlay-color":"","overlay-opacity":"","overlay-gradient":""}},"footnotes":""},"class_list":["post-1390","page","type-page","status-publish","hentry"],"post_mailing_queue_ids":[],"_links":{"self":[{"href":"https:\/\/agora.xtec.cat\/escolapegaso\/wp-json\/wp\/v2\/pages\/1390","targetHints":{"allow":["GET"]}}],"collection":[{"href":"https:\/\/agora.xtec.cat\/escolapegaso\/wp-json\/wp\/v2\/pages"}],"about":[{"href":"https:\/\/agora.xtec.cat\/escolapegaso\/wp-json\/wp\/v2\/types\/page"}],"author":[{"embeddable":true,"href":"https:\/\/agora.xtec.cat\/escolapegaso\/wp-json\/wp\/v2\/users\/1"}],"replies":[{"embeddable":true,"href":"https:\/\/agora.xtec.cat\/escolapegaso\/wp-json\/wp\/v2\/comments?post=1390"}],"version-history":[{"count":4,"href":"https:\/\/agora.xtec.cat\/escolapegaso\/wp-json\/wp\/v2\/pages\/1390\/revisions"}],"predecessor-version":[{"id":3965,"href":"https:\/\/agora.xtec.cat\/escolapegaso\/wp-json\/wp\/v2\/pages\/1390\/revisions\/3965"}],"up":[{"embeddable":true,"href":"https:\/\/agora.xtec.cat\/escolapegaso\/wp-json\/wp\/v2\/pages\/64"}],"wp:attachment":[{"href":"https:\/\/agora.xtec.cat\/escolapegaso\/wp-json\/wp\/v2\/media?parent=1390"}],"curies":[{"name":"wp","href":"https:\/\/api.w.org\/{rel}","templated":true}]}}