{"id":1386,"date":"2020-03-20T19:02:58","date_gmt":"2020-03-20T18:02:58","guid":{"rendered":"https:\/\/agora.xtec.cat\/escolapegaso\/?page_id=1386"},"modified":"2025-12-07T19:15:32","modified_gmt":"2025-12-07T18:15:32","slug":"ambit-cientific","status":"publish","type":"page","link":"https:\/\/agora.xtec.cat\/escolapegaso\/projecte-educatiu\/ambit-cientific\/","title":{"rendered":"\u00c0mbit cient\u00edfic i matem\u00e0tic"},"content":{"rendered":"<p><strong>PROJECTE INNOVAMAT<\/strong><\/p>\n<p>Innovamat \u00e9s una proposta que respon a la nostra manera de treballar les matem\u00e0tiques. El projecte parteix d&#8217;unes matem\u00e0tiques contextualitzades, competencials, multinivell i amb activitats variades amb el suport de material manipulatiu. Tot aix\u00f2 es complementa amb una sessi\u00f3 setmanal amb l&#8217;app (prim\u00e0ria), que a banda de motivar l&#8217;infant permet personalitzar l&#8217;aprenentatge, adaptar-se als diferents nivells dins l&#8217;aula i facilitar l&#8217;avaluaci\u00f3 i l&#8217;autoavaluaci\u00f3.<\/p>\n<p><strong>FOTOGRAFIA MATEM\u00c0TICA<\/strong><\/p>\n<p><span style=\"font-weight: 400;\">Els alumnes de 5\u00e8 participem al Concurs de Fotografia matem\u00e0tica (treball en grups) com a \u201cexcusa\u201d per treballar la geometria i\/o altres conceptes matem\u00e0tics i alhora pensar un nom suggerent (i matem\u00e0tic) per la fotografia.<\/span><\/p>\n<p>&nbsp;<\/p>\n<p><strong>PROJECTES DE RECERCA (CONGR\u00c9S DE CI\u00c8NCIA)<\/strong><\/p>\n<p><span style=\"font-weight: 400;\">Cada any l&#8217;alumnat de 3r de prim\u00e0ria participa al Congr\u00e9s de ci\u00e8ncia realitzant un projecte d\u2019investigaci\u00f3 i recerca cient\u00edfica i preparant una exposici\u00f3 oral i amb suport digital per explicar el proc\u00e9s.<\/span><\/p>\n<p>&nbsp;<\/p>\n<p><strong>AULA DE CI\u00c8NCIA<\/strong><\/p>\n<p><span style=\"font-weight: 400;\">L\u2019escola t\u00e9 una aula equipada amb material de laboratori, microscopis, lupes binoculars, imants\u2026 per a fer experiments o observacions m\u00e9s acurades.<\/span><\/p>\n","protected":false},"excerpt":{"rendered":"<p>PROJECTE INNOVAMAT Innovamat \u00e9s una proposta que respon a la nostra manera de treballar les matem\u00e0tiques. El projecte parteix d&#8217;unes matem\u00e0tiques contextualitzades, competencials, multinivell i amb activitats variades amb el suport de material manipulatiu. Tot aix\u00f2 es complementa amb una sessi\u00f3 setmanal amb l&#8217;app (prim\u00e0ria), que a banda de motivar l&#8217;infant permet personalitzar l&#8217;aprenentatge, adaptar-se [&hellip;]<\/p>\n","protected":false},"author":1,"featured_media":0,"parent":64,"menu_order":6,"comment_status":"closed","ping_status":"closed","template":"","meta":{"_bbp_topic_count":0,"_bbp_reply_count":0,"_bbp_total_topic_count":0,"_bbp_total_reply_count":0,"_bbp_voice_count":0,"_bbp_anonymous_reply_count":0,"_bbp_topic_count_hidden":0,"_bbp_reply_count_hidden":0,"_bbp_forum_subforum_count":0,"site-sidebar-layout":"default","site-content-layout":"","ast-site-content-layout":"default","site-content-style":"default","site-sidebar-style":"default","ast-global-header-display":"","ast-banner-title-visibility":"","ast-main-header-display":"","ast-hfb-above-header-display":"","ast-hfb-below-header-display":"","ast-hfb-mobile-header-display":"","site-post-title":"","ast-breadcrumbs-content":"","ast-featured-img":"","footer-sml-layout":"","theme-transparent-header-meta":"default","adv-header-id-meta":"","stick-header-meta":"","header-above-stick-meta":"","header-main-stick-meta":"","header-below-stick-meta":"","astra-migrate-meta-layouts":"set","ast-page-background-enabled":"default","ast-page-background-meta":{"desktop":{"background-color":"var(--ast-global-color-4)","background-image":"","background-repeat":"repeat","background-position":"center center","background-size":"auto","background-attachment":"scroll","background-type":"","background-media":"","overlay-type":"","overlay-color":"","overlay-opacity":"","overlay-gradient":""},"tablet":{"background-color":"","background-image":"","background-repeat":"repeat","background-position":"center center","background-size":"auto","background-attachment":"scroll","background-type":"","background-media":"","overlay-type":"","overlay-color":"","overlay-opacity":"","overlay-gradient":""},"mobile":{"background-color":"","background-image":"","background-repeat":"repeat","background-position":"center center","background-size":"auto","background-attachment":"scroll","background-type":"","background-media":"","overlay-type":"","overlay-color":"","overlay-opacity":"","overlay-gradient":""}},"ast-content-background-meta":{"desktop":{"background-color":"var(--ast-global-color-5)","background-image":"","background-repeat":"repeat","background-position":"center center","background-size":"auto","background-attachment":"scroll","background-type":"","background-media":"","overlay-type":"","overlay-color":"","overlay-opacity":"","overlay-gradient":""},"tablet":{"background-color":"var(--ast-global-color-5)","background-image":"","background-repeat":"repeat","background-position":"center center","background-size":"auto","background-attachment":"scroll","background-type":"","background-media":"","overlay-type":"","overlay-color":"","overlay-opacity":"","overlay-gradient":""},"mobile":{"background-color":"var(--ast-global-color-5)","background-image":"","background-repeat":"repeat","background-position":"center center","background-size":"auto","background-attachment":"scroll","background-type":"","background-media":"","overlay-type":"","overlay-color":"","overlay-opacity":"","overlay-gradient":""}},"footnotes":""},"class_list":["post-1386","page","type-page","status-publish","hentry"],"post_mailing_queue_ids":[],"_links":{"self":[{"href":"https:\/\/agora.xtec.cat\/escolapegaso\/wp-json\/wp\/v2\/pages\/1386","targetHints":{"allow":["GET"]}}],"collection":[{"href":"https:\/\/agora.xtec.cat\/escolapegaso\/wp-json\/wp\/v2\/pages"}],"about":[{"href":"https:\/\/agora.xtec.cat\/escolapegaso\/wp-json\/wp\/v2\/types\/page"}],"author":[{"embeddable":true,"href":"https:\/\/agora.xtec.cat\/escolapegaso\/wp-json\/wp\/v2\/users\/1"}],"replies":[{"embeddable":true,"href":"https:\/\/agora.xtec.cat\/escolapegaso\/wp-json\/wp\/v2\/comments?post=1386"}],"version-history":[{"count":4,"href":"https:\/\/agora.xtec.cat\/escolapegaso\/wp-json\/wp\/v2\/pages\/1386\/revisions"}],"predecessor-version":[{"id":3957,"href":"https:\/\/agora.xtec.cat\/escolapegaso\/wp-json\/wp\/v2\/pages\/1386\/revisions\/3957"}],"up":[{"embeddable":true,"href":"https:\/\/agora.xtec.cat\/escolapegaso\/wp-json\/wp\/v2\/pages\/64"}],"wp:attachment":[{"href":"https:\/\/agora.xtec.cat\/escolapegaso\/wp-json\/wp\/v2\/media?parent=1386"}],"curies":[{"name":"wp","href":"https:\/\/api.w.org\/{rel}","templated":true}]}}