{"id":9841,"date":"2023-10-31T13:20:21","date_gmt":"2023-10-31T12:20:21","guid":{"rendered":"https:\/\/agora.xtec.cat\/escolapauvila\/?page_id=9841"},"modified":"2024-05-07T13:40:35","modified_gmt":"2024-05-07T11:40:35","slug":"tallers-dart","status":"publish","type":"page","link":"https:\/\/agora.xtec.cat\/escolapauvila\/projecte-educatiu\/tallers-dart\/","title":{"rendered":"Tallers art\u00edstics pluriling\u00fces"},"content":{"rendered":"<p>Els tallers art\u00edstics sorgeixen amb l&#8217;objectiu de desenvolupar la capacitat art\u00edstica i expressiva dels infants a trav\u00e9s de propostes riques, estimulants i diverses, fent \u00fas de diferents lleng\u00fces. En el cas de la Comunitat de Petits i Petites el catal\u00e0 i l&#8217;angl\u00e8s i, en les Comunitats de Mitjanes i Grans el catal\u00e0, el castell\u00e0 i l&#8217;angl\u00e8s.<\/p>\n<p>Es duen a terme en diferents espais de l&#8217;escola com s\u00f3n el pati, el gimn\u00e0s, l&#8217;aula d&#8217;angl\u00e8s, l&#8217;aula de m\u00fasica&#8230; per tal d&#8217;oferir les millors condicions per afavorir el pensament creatiu.<\/p>\n<p>Ens organitzem mitjan\u00e7ant agrupacions intracomunitat (barreja d&#8217;infants dins d&#8217;una mateixa comunitat) amb la intenci\u00f3 de potenciar al m\u00e0xim les relacions entre totes les nenes i nens, fomentant, al mateix temps, valors tan necessaris com l&#8217;ajuda m\u00fatua, l&#8217;escolta, la paci\u00e8ncia i la germanor.<\/p>\n<p><a href=\"https:\/\/agora.xtec.cat\/escolapauvila\/wp-content\/uploads\/usu1565\/2023\/10\/IMG_2375.jpg\"><img loading=\"lazy\" decoding=\"async\" class=\"wp-image-9848 aligncenter\" src=\"https:\/\/agora.xtec.cat\/escolapauvila\/wp-content\/uploads\/usu1565\/2023\/10\/IMG_2375-1024x768.jpg\" alt=\"\" width=\"402\" height=\"301\" srcset=\"https:\/\/agora.xtec.cat\/escolapauvila\/wp-content\/uploads\/usu1565\/2023\/10\/IMG_2375-1024x768.jpg 1024w, https:\/\/agora.xtec.cat\/escolapauvila\/wp-content\/uploads\/usu1565\/2023\/10\/IMG_2375-300x225.jpg 300w, https:\/\/agora.xtec.cat\/escolapauvila\/wp-content\/uploads\/usu1565\/2023\/10\/IMG_2375-768x576.jpg 768w, https:\/\/agora.xtec.cat\/escolapauvila\/wp-content\/uploads\/usu1565\/2023\/10\/IMG_2375-1536x1152.jpg 1536w, https:\/\/agora.xtec.cat\/escolapauvila\/wp-content\/uploads\/usu1565\/2023\/10\/IMG_2375-200x150.jpg 200w, https:\/\/agora.xtec.cat\/escolapauvila\/wp-content\/uploads\/usu1565\/2023\/10\/IMG_2375.jpg 2016w\" sizes=\"auto, (max-width: 402px) 100vw, 402px\" \/><\/a><\/p>\n<p><a href=\"https:\/\/agora.xtec.cat\/escolapauvila\/wp-content\/uploads\/usu1565\/2023\/10\/IMG_3850-1-scaled.jpg\"><img loading=\"lazy\" decoding=\"async\" class=\"aligncenter wp-image-9855\" src=\"https:\/\/agora.xtec.cat\/escolapauvila\/wp-content\/uploads\/usu1565\/2023\/10\/IMG_3850-1-768x1024.jpg\" alt=\"\" width=\"323\" height=\"431\" srcset=\"https:\/\/agora.xtec.cat\/escolapauvila\/wp-content\/uploads\/usu1565\/2023\/10\/IMG_3850-1-768x1024.jpg 768w, https:\/\/agora.xtec.cat\/escolapauvila\/wp-content\/uploads\/usu1565\/2023\/10\/IMG_3850-1-225x300.jpg 225w, https:\/\/agora.xtec.cat\/escolapauvila\/wp-content\/uploads\/usu1565\/2023\/10\/IMG_3850-1-1152x1536.jpg 1152w, https:\/\/agora.xtec.cat\/escolapauvila\/wp-content\/uploads\/usu1565\/2023\/10\/IMG_3850-1-1536x2048.jpg 1536w, https:\/\/agora.xtec.cat\/escolapauvila\/wp-content\/uploads\/usu1565\/2023\/10\/IMG_3850-1-scaled.jpg 1920w\" sizes=\"auto, (max-width: 323px) 100vw, 323px\" \/><\/a><\/p>\n<p><a href=\"https:\/\/agora.xtec.cat\/escolapauvila\/wp-content\/uploads\/usu1565\/2023\/10\/IMG_7094.jpg\"><img loading=\"lazy\" decoding=\"async\" class=\"wp-image-9849 aligncenter\" src=\"https:\/\/agora.xtec.cat\/escolapauvila\/wp-content\/uploads\/usu1565\/2023\/10\/IMG_7094-1024x768.jpg\" alt=\"\" width=\"350\" height=\"263\" srcset=\"https:\/\/agora.xtec.cat\/escolapauvila\/wp-content\/uploads\/usu1565\/2023\/10\/IMG_7094-1024x768.jpg 1024w, https:\/\/agora.xtec.cat\/escolapauvila\/wp-content\/uploads\/usu1565\/2023\/10\/IMG_7094-300x225.jpg 300w, https:\/\/agora.xtec.cat\/escolapauvila\/wp-content\/uploads\/usu1565\/2023\/10\/IMG_7094-768x576.jpg 768w, https:\/\/agora.xtec.cat\/escolapauvila\/wp-content\/uploads\/usu1565\/2023\/10\/IMG_7094-1536x1152.jpg 1536w, https:\/\/agora.xtec.cat\/escolapauvila\/wp-content\/uploads\/usu1565\/2023\/10\/IMG_7094-200x150.jpg 200w, https:\/\/agora.xtec.cat\/escolapauvila\/wp-content\/uploads\/usu1565\/2023\/10\/IMG_7094.jpg 2016w\" sizes=\"auto, (max-width: 350px) 100vw, 350px\" \/><\/a><\/p>\n<p><a href=\"https:\/\/agora.xtec.cat\/escolapauvila\/wp-content\/uploads\/usu1565\/2023\/10\/IMG_20231018_155627.jpg\"><img loading=\"lazy\" decoding=\"async\" class=\"wp-image-9850 aligncenter\" src=\"https:\/\/agora.xtec.cat\/escolapauvila\/wp-content\/uploads\/usu1565\/2023\/10\/IMG_20231018_155627-1024x1024.jpg\" alt=\"\" width=\"343\" height=\"343\" srcset=\"https:\/\/agora.xtec.cat\/escolapauvila\/wp-content\/uploads\/usu1565\/2023\/10\/IMG_20231018_155627-1024x1024.jpg 1024w, https:\/\/agora.xtec.cat\/escolapauvila\/wp-content\/uploads\/usu1565\/2023\/10\/IMG_20231018_155627-300x300.jpg 300w, https:\/\/agora.xtec.cat\/escolapauvila\/wp-content\/uploads\/usu1565\/2023\/10\/IMG_20231018_155627-150x150.jpg 150w, https:\/\/agora.xtec.cat\/escolapauvila\/wp-content\/uploads\/usu1565\/2023\/10\/IMG_20231018_155627-768x768.jpg 768w, https:\/\/agora.xtec.cat\/escolapauvila\/wp-content\/uploads\/usu1565\/2023\/10\/IMG_20231018_155627.jpg 1500w\" sizes=\"auto, (max-width: 343px) 100vw, 343px\" \/><\/a><\/p>\n<p><a href=\"https:\/\/agora.xtec.cat\/escolapauvila\/wp-content\/uploads\/usu1565\/2023\/10\/tallers2.jpg\"><img loading=\"lazy\" decoding=\"async\" class=\"wp-image-9853 aligncenter\" src=\"https:\/\/agora.xtec.cat\/escolapauvila\/wp-content\/uploads\/usu1565\/2023\/10\/tallers2-1024x768.jpg\" alt=\"\" width=\"347\" height=\"260\" srcset=\"https:\/\/agora.xtec.cat\/escolapauvila\/wp-content\/uploads\/usu1565\/2023\/10\/tallers2-1024x768.jpg 1024w, https:\/\/agora.xtec.cat\/escolapauvila\/wp-content\/uploads\/usu1565\/2023\/10\/tallers2-300x225.jpg 300w, https:\/\/agora.xtec.cat\/escolapauvila\/wp-content\/uploads\/usu1565\/2023\/10\/tallers2-768x576.jpg 768w, https:\/\/agora.xtec.cat\/escolapauvila\/wp-content\/uploads\/usu1565\/2023\/10\/tallers2-1536x1152.jpg 1536w, https:\/\/agora.xtec.cat\/escolapauvila\/wp-content\/uploads\/usu1565\/2023\/10\/tallers2-200x150.jpg 200w, https:\/\/agora.xtec.cat\/escolapauvila\/wp-content\/uploads\/usu1565\/2023\/10\/tallers2.jpg 2000w\" sizes=\"auto, (max-width: 347px) 100vw, 347px\" \/><\/a><\/p>\n","protected":false},"excerpt":{"rendered":"<p>Els tallers art\u00edstics sorgeixen amb l&#8217;objectiu de desenvolupar la capacitat art\u00edstica i expressiva dels infants a trav\u00e9s de propostes riques, estimulants i diverses, fent \u00fas de diferents lleng\u00fces. En el cas de la Comunitat de Petits i Petites el catal\u00e0 i l&#8217;angl\u00e8s i, en les&hellip;  <a href=\"https:\/\/agora.xtec.cat\/escolapauvila\/projecte-educatiu\/tallers-dart\/\" title=\"Read Tallers art\u00edstics pluriling\u00fces\">Llegeix m\u00e9s\u00bb<\/a><\/p>\n","protected":false},"author":1,"featured_media":0,"parent":64,"menu_order":0,"comment_status":"closed","ping_status":"closed","template":"page-templates\/side-menu.php","meta":{"_bbp_topic_count":0,"_bbp_reply_count":0,"_bbp_total_topic_count":0,"_bbp_total_reply_count":0,"_bbp_voice_count":0,"_bbp_anonymous_reply_count":0,"_bbp_topic_count_hidden":0,"_bbp_reply_count_hidden":0,"_bbp_forum_subforum_count":0,"footnotes":""},"class_list":["post-9841","page","type-page","status-publish","hentry"],"post_mailing_queue_ids":[],"_links":{"self":[{"href":"https:\/\/agora.xtec.cat\/escolapauvila\/wp-json\/wp\/v2\/pages\/9841","targetHints":{"allow":["GET"]}}],"collection":[{"href":"https:\/\/agora.xtec.cat\/escolapauvila\/wp-json\/wp\/v2\/pages"}],"about":[{"href":"https:\/\/agora.xtec.cat\/escolapauvila\/wp-json\/wp\/v2\/types\/page"}],"author":[{"embeddable":true,"href":"https:\/\/agora.xtec.cat\/escolapauvila\/wp-json\/wp\/v2\/users\/1"}],"replies":[{"embeddable":true,"href":"https:\/\/agora.xtec.cat\/escolapauvila\/wp-json\/wp\/v2\/comments?post=9841"}],"version-history":[{"count":6,"href":"https:\/\/agora.xtec.cat\/escolapauvila\/wp-json\/wp\/v2\/pages\/9841\/revisions"}],"predecessor-version":[{"id":10877,"href":"https:\/\/agora.xtec.cat\/escolapauvila\/wp-json\/wp\/v2\/pages\/9841\/revisions\/10877"}],"up":[{"embeddable":true,"href":"https:\/\/agora.xtec.cat\/escolapauvila\/wp-json\/wp\/v2\/pages\/64"}],"wp:attachment":[{"href":"https:\/\/agora.xtec.cat\/escolapauvila\/wp-json\/wp\/v2\/media?parent=9841"}],"curies":[{"name":"wp","href":"https:\/\/api.w.org\/{rel}","templated":true}]}}