{"id":9238,"date":"2023-01-19T13:43:20","date_gmt":"2023-01-19T12:43:20","guid":{"rendered":"https:\/\/agora.xtec.cat\/escolapauvila\/?page_id=9238"},"modified":"2023-01-19T13:59:50","modified_gmt":"2023-01-19T12:59:50","slug":"gep","status":"publish","type":"page","link":"https:\/\/agora.xtec.cat\/escolapauvila\/projecte-educatiu\/gep\/","title":{"rendered":"GEP"},"content":{"rendered":"<p><img decoding=\"async\" class=\"aligncenter\" src=\"https:\/\/projectes.xtec.cat\/gep\/wp-content\/uploads\/usu682\/2019\/09\/gep.png\" alt=\"El projecte GEP | Generaci\u00f3 Pluriling\u00fce\" \/><\/p>\n<p>El curs 2017-2018 el Departament d&#8217;Educaci\u00f3 va iniciar el programa d\u2019innovaci\u00f3 pedag\u00f2gica <strong>Generaci\u00f3 Pluriling\u00fce (GEP)<\/strong>. La finalitat d\u2019aquest programa \u00e9s millorar la compet\u00e8ncia en lleng\u00fces estrangeres de l\u2019alumnat, afavorint el seu creixement acad\u00e8mic i posterior inserci\u00f3 laboral, i capacitant-lo per interactuar amb el m\u00f3n en diverses lleng\u00fces i de manera cr\u00edtica.<\/p>\n<p>El programa \u201c<strong>Generaci\u00f3 Pluriling\u00fce (GEP): aprendre lleng\u00fces estrangeres a trav\u00e9s de les mat\u00e8ries\u201d:<\/strong><\/p>\n<ol>\n<li>Promou l&#8217;aplicaci\u00f3 de metodologies per a l&#8217;aprenentatge integrat de continguts i llengua estrangera (AICLE).<\/li>\n<li>Fomenta el desenvolupament de projectes interdisciplinars en llengua estrangera.<\/li>\n<li>Ofereix pautes per a l&#8217;organitzaci\u00f3 educativa i el disseny curricular.<\/li>\n<\/ol>\n<p>Tot aix\u00f2, amb l&#8217;objectiu d&#8217;incrementar el grau d&#8217;exposici\u00f3 de l&#8217;alumnat a les lleng\u00fces estrangeres i d&#8217;acompanyar els centres educatius en el proc\u00e9s de desplegament i consolidaci\u00f3 del seu projecte ling\u00fc\u00edstic pluriling\u00fce.<\/p>\n<p>El <strong>marc pluriling\u00fce<\/strong> integra el domini de la llengua catalana, castellana, el domini de l\u2019angl\u00e8s, el coneixement d\u2019altres lleng\u00fces estrangeres i afermar i difondre les lleng\u00fces d\u2019origen de l\u2019alumnat nouvingut, com a riquesa personal i col.lectiva; amb les finalitats seg\u00fcents:<\/p>\n<p>\u2013\u00a0Que l\u2019alumnat sigui competent en llengua catalana i llengua castellana.<\/p>\n<p>\u2013 Contribuir al desenvolupament competencial de l\u2019alumnat.<\/p>\n<p>\u2013 Garantir l\u2019aprenentatge d\u2019una llengua estrangera, priorit\u00e0riament l\u2019angl\u00e8s.<\/p>\n<p>\u2013 Promoure canvis sist\u00e8mics: innovaci\u00f3 educativa.<\/p>\n<p>&nbsp;<\/p>\n<p>Enguany, l&#8217;escola formem part d&#8217;aquest projecte i aquest curs ens dedicarem a dissenyar el <strong>pla d&#8217;acci\u00f3<\/strong> per tal de recollir els objectius i les estrat\u00e8gies que implementarem el curs vinent.<\/p>\n","protected":false},"excerpt":{"rendered":"<p>El curs 2017-2018 el Departament d&#8217;Educaci\u00f3 va iniciar el programa d\u2019innovaci\u00f3 pedag\u00f2gica Generaci\u00f3 Pluriling\u00fce (GEP). La finalitat d\u2019aquest programa \u00e9s millorar la compet\u00e8ncia en lleng\u00fces estrangeres de l\u2019alumnat, afavorint el seu creixement acad\u00e8mic i posterior inserci\u00f3 laboral, i capacitant-lo per interactuar amb el m\u00f3n en&hellip;  <a href=\"https:\/\/agora.xtec.cat\/escolapauvila\/projecte-educatiu\/gep\/\" title=\"Read GEP\">Llegeix m\u00e9s\u00bb<\/a><\/p>\n","protected":false},"author":22,"featured_media":0,"parent":64,"menu_order":6,"comment_status":"closed","ping_status":"closed","template":"","meta":{"_bbp_topic_count":0,"_bbp_reply_count":0,"_bbp_total_topic_count":0,"_bbp_total_reply_count":0,"_bbp_voice_count":0,"_bbp_anonymous_reply_count":0,"_bbp_topic_count_hidden":0,"_bbp_reply_count_hidden":0,"_bbp_forum_subforum_count":0,"footnotes":""},"class_list":["post-9238","page","type-page","status-publish","hentry"],"post_mailing_queue_ids":[],"_links":{"self":[{"href":"https:\/\/agora.xtec.cat\/escolapauvila\/wp-json\/wp\/v2\/pages\/9238","targetHints":{"allow":["GET"]}}],"collection":[{"href":"https:\/\/agora.xtec.cat\/escolapauvila\/wp-json\/wp\/v2\/pages"}],"about":[{"href":"https:\/\/agora.xtec.cat\/escolapauvila\/wp-json\/wp\/v2\/types\/page"}],"author":[{"embeddable":true,"href":"https:\/\/agora.xtec.cat\/escolapauvila\/wp-json\/wp\/v2\/users\/22"}],"replies":[{"embeddable":true,"href":"https:\/\/agora.xtec.cat\/escolapauvila\/wp-json\/wp\/v2\/comments?post=9238"}],"version-history":[{"count":1,"href":"https:\/\/agora.xtec.cat\/escolapauvila\/wp-json\/wp\/v2\/pages\/9238\/revisions"}],"predecessor-version":[{"id":9239,"href":"https:\/\/agora.xtec.cat\/escolapauvila\/wp-json\/wp\/v2\/pages\/9238\/revisions\/9239"}],"up":[{"embeddable":true,"href":"https:\/\/agora.xtec.cat\/escolapauvila\/wp-json\/wp\/v2\/pages\/64"}],"wp:attachment":[{"href":"https:\/\/agora.xtec.cat\/escolapauvila\/wp-json\/wp\/v2\/media?parent=9238"}],"curies":[{"name":"wp","href":"https:\/\/api.w.org\/{rel}","templated":true}]}}