{"id":589,"date":"2020-02-20T09:47:18","date_gmt":"2020-02-20T08:47:18","guid":{"rendered":"https:\/\/agora.xtec.cat\/escolapauvila\/?page_id=589"},"modified":"2021-01-18T11:18:35","modified_gmt":"2021-01-18T10:18:35","slug":"assemblea","status":"publish","type":"page","link":"https:\/\/agora.xtec.cat\/escolapauvila\/projecte-educatiu\/assemblea\/","title":{"rendered":"Assemblea"},"content":{"rendered":"<p>&nbsp;<\/p>\n<p><span style=\"font-weight: 400;\">\u00c9s un moment per atendre i fomentar la cohesi\u00f3 del grup classe aix\u00ed com per\u00a0 construir aprenentatge a partir de les interaccions. En les estones d\u2019assemblea es susciten converses per iniciativa del mestre o dels alumnes. Aquestes converses parteixen dels fets del dia a dia de l\u2019aula, de les emocions i interessos dels infants, de dubtes o problemes\u2026\u00a0 Permet i fomenta l\u2019intercanvi d\u2019idees, preguntes, emocions, sentiments, viv\u00e8ncies que s\u00f3n susceptibles de generar benestar i coneixement a la totalitat dels alumnes i els\/les mestres.\u00a0 A\u00a0 l\u2019assemblea\u00a0 les\u00a0 individualitats\u00a0 es\u00a0 troben\u00a0 permetent\u00a0 descobrir,\u00a0 acceptar\u00a0 i\u00a0 valorar\u00a0 la\u00a0 diversitat. \u00c9s un espai que ens permet augmentar el coneixement que\u00a0 tenim els uns dels\u00a0 altres, gestionar les diferents actuacions dels nens i nenes, i arribar a acords. \u00c9s un espai i temps per gestionar la vida del grup com a tal, partint de la individualitat per fer evident la\u00a0 diversitat i possibilitar la generaci\u00f3 d\u2019aprenentatge.<\/span><\/p>\n<p><a href=\"https:\/\/agora.xtec.cat\/escolapauvila\/wp-content\/uploads\/usu1565\/2021\/01\/APORTEM-PROJECTES.jpg\"><img loading=\"lazy\" decoding=\"async\" class=\"alignnone size-full wp-image-3340\" src=\"https:\/\/agora.xtec.cat\/escolapauvila\/wp-content\/uploads\/usu1565\/2021\/01\/APORTEM-PROJECTES.jpg\" alt=\"\" width=\"352\" height=\"268\" \/><\/a>\u00a0<a href=\"https:\/\/agora.xtec.cat\/escolapauvila\/wp-content\/uploads\/usu1565\/2021\/01\/RESOLEM-REPTES-COL.LECTIUS.jpg\"><img loading=\"lazy\" decoding=\"async\" class=\"alignnone size-full wp-image-3343\" src=\"https:\/\/agora.xtec.cat\/escolapauvila\/wp-content\/uploads\/usu1565\/2021\/01\/RESOLEM-REPTES-COL.LECTIUS.jpg\" alt=\"\" width=\"324\" height=\"239\" srcset=\"https:\/\/agora.xtec.cat\/escolapauvila\/wp-content\/uploads\/usu1565\/2021\/01\/RESOLEM-REPTES-COL.LECTIUS.jpg 324w, https:\/\/agora.xtec.cat\/escolapauvila\/wp-content\/uploads\/usu1565\/2021\/01\/RESOLEM-REPTES-COL.LECTIUS-300x221.jpg 300w\" sizes=\"auto, (max-width: 324px) 100vw, 324px\" \/><\/a> <a href=\"https:\/\/agora.xtec.cat\/escolapauvila\/wp-content\/uploads\/usu1565\/2021\/01\/P3.jpg\"><img loading=\"lazy\" decoding=\"async\" class=\"alignnone size-full wp-image-3342\" src=\"https:\/\/agora.xtec.cat\/escolapauvila\/wp-content\/uploads\/usu1565\/2021\/01\/P3.jpg\" alt=\"\" width=\"324\" height=\"228\" srcset=\"https:\/\/agora.xtec.cat\/escolapauvila\/wp-content\/uploads\/usu1565\/2021\/01\/P3.jpg 324w, https:\/\/agora.xtec.cat\/escolapauvila\/wp-content\/uploads\/usu1565\/2021\/01\/P3-300x211.jpg 300w\" sizes=\"auto, (max-width: 324px) 100vw, 324px\" \/><\/a> <a href=\"https:\/\/agora.xtec.cat\/escolapauvila\/wp-content\/uploads\/usu1565\/2021\/01\/MOSTREM-5\u00c8.jpg\"><img loading=\"lazy\" decoding=\"async\" class=\"alignnone size-full wp-image-3341\" src=\"https:\/\/agora.xtec.cat\/escolapauvila\/wp-content\/uploads\/usu1565\/2021\/01\/MOSTREM-5\u00c8.jpg\" alt=\"\" width=\"368\" height=\"248\" srcset=\"https:\/\/agora.xtec.cat\/escolapauvila\/wp-content\/uploads\/usu1565\/2021\/01\/MOSTREM-5\u00c8.jpg 368w, https:\/\/agora.xtec.cat\/escolapauvila\/wp-content\/uploads\/usu1565\/2021\/01\/MOSTREM-5\u00c8-300x202.jpg 300w\" sizes=\"auto, (max-width: 368px) 100vw, 368px\" \/><\/a><\/p>\n<p><a href=\"https:\/\/agora.xtec.cat\/escolapauvila\/wp-content\/uploads\/usu1565\/2020\/10\/assemblea.jpg\"><img loading=\"lazy\" decoding=\"async\" class=\"wp-image-1067 size-medium aligncenter\" src=\"https:\/\/agora.xtec.cat\/escolapauvila\/wp-content\/uploads\/usu1565\/2020\/10\/assemblea-300x225.jpg\" alt=\"\" width=\"300\" height=\"225\" srcset=\"https:\/\/agora.xtec.cat\/escolapauvila\/wp-content\/uploads\/usu1565\/2020\/10\/assemblea-300x225.jpg 300w, https:\/\/agora.xtec.cat\/escolapauvila\/wp-content\/uploads\/usu1565\/2020\/10\/assemblea-768x576.jpg 768w, https:\/\/agora.xtec.cat\/escolapauvila\/wp-content\/uploads\/usu1565\/2020\/10\/assemblea-200x150.jpg 200w, https:\/\/agora.xtec.cat\/escolapauvila\/wp-content\/uploads\/usu1565\/2020\/10\/assemblea.jpg 1008w\" sizes=\"auto, (max-width: 300px) 100vw, 300px\" \/><\/a><\/p>\n","protected":false},"excerpt":{"rendered":"<p>&nbsp;<br \/>\n\u00c9s un moment per atendre i fomentar la cohesi\u00f3 del grup classe aix\u00ed com per\u00a0 construir aprenentatge a partir de les interaccions. En les estones d\u2019assemblea es susciten converses per iniciativa del mestre o dels alumnes. Aquestes converses parteixen dels fets del dia a dia&hellip;  <a href=\"https:\/\/agora.xtec.cat\/escolapauvila\/projecte-educatiu\/assemblea\/\" title=\"Read Assemblea\">Llegeix m\u00e9s\u00bb<\/a><\/p>\n","protected":false},"author":1,"featured_media":0,"parent":64,"menu_order":0,"comment_status":"closed","ping_status":"closed","template":"","meta":{"_bbp_topic_count":0,"_bbp_reply_count":0,"_bbp_total_topic_count":0,"_bbp_total_reply_count":0,"_bbp_voice_count":0,"_bbp_anonymous_reply_count":0,"_bbp_topic_count_hidden":0,"_bbp_reply_count_hidden":0,"_bbp_forum_subforum_count":0,"footnotes":""},"class_list":["post-589","page","type-page","status-publish","hentry"],"post_mailing_queue_ids":[],"_links":{"self":[{"href":"https:\/\/agora.xtec.cat\/escolapauvila\/wp-json\/wp\/v2\/pages\/589","targetHints":{"allow":["GET"]}}],"collection":[{"href":"https:\/\/agora.xtec.cat\/escolapauvila\/wp-json\/wp\/v2\/pages"}],"about":[{"href":"https:\/\/agora.xtec.cat\/escolapauvila\/wp-json\/wp\/v2\/types\/page"}],"author":[{"embeddable":true,"href":"https:\/\/agora.xtec.cat\/escolapauvila\/wp-json\/wp\/v2\/users\/1"}],"replies":[{"embeddable":true,"href":"https:\/\/agora.xtec.cat\/escolapauvila\/wp-json\/wp\/v2\/comments?post=589"}],"version-history":[{"count":4,"href":"https:\/\/agora.xtec.cat\/escolapauvila\/wp-json\/wp\/v2\/pages\/589\/revisions"}],"predecessor-version":[{"id":3346,"href":"https:\/\/agora.xtec.cat\/escolapauvila\/wp-json\/wp\/v2\/pages\/589\/revisions\/3346"}],"up":[{"embeddable":true,"href":"https:\/\/agora.xtec.cat\/escolapauvila\/wp-json\/wp\/v2\/pages\/64"}],"wp:attachment":[{"href":"https:\/\/agora.xtec.cat\/escolapauvila\/wp-json\/wp\/v2\/media?parent=589"}],"curies":[{"name":"wp","href":"https:\/\/api.w.org\/{rel}","templated":true}]}}