{"id":28,"date":"2014-09-18T12:29:35","date_gmt":"2014-09-18T11:29:35","guid":{"rendered":"http:\/\/agora.xtec.cat\/escolapauvila\/?page_id=28"},"modified":"2025-07-23T16:22:16","modified_gmt":"2025-07-23T14:22:16","slug":"consell-escolar","status":"publish","type":"page","link":"https:\/\/agora.xtec.cat\/escolapauvila\/lescola\/consell-escolar\/","title":{"rendered":"Consell escolar"},"content":{"rendered":"<p>El Consell Escolar \u00e9s un dels \u00f2rgans de representaci\u00f3 de tots els sectors de la Comunitat Educativa. Actualment, el nostre Consell Escolar est\u00e0 configurat, d&#8217;acord amb les nostres Normes d\u2019Organitzaci\u00f3 i Funcionament per:<\/p>\n<ul>\n<li>La Direcci\u00f3 de l\u2019escola que exerceix la presid\u00e8ncia: Pietat Vega.<\/li>\n<li>La Cap d\u2019estudis: D\u00e8lia Parent.<\/li>\n<li>Sis representants dels mestres: Isa Ca\u00f1abate, Sonsoles Garc\u00eda, Ernest Landa, M\u00edriam Mart\u00edn, Sergi P\u00e9rez i Marta Udina.<\/li>\n<li>Cinc representants de les fam\u00edlies: Jord\u00e0 Amunategui, Anna Artigas, Meritxell Marim\u00f3n, Xavi Mill\u00e0n i N\u00faria Vall\u00e9s.<\/li>\n<li>Un representant de l&#8217;AFA: Cristina Torrecilla.<\/li>\n<li>Una persona del sector PAS: Joan Graells.<\/li>\n<li>Una representant del PAE: Leti P\u00e9rez.<\/li>\n<li>Una representant de l\u2019Ajuntament: Pendent de confirmaci\u00f3.<\/li>\n<li>La secret\u00e0ria de l\u2019equip directiu, qui t\u00e9 veu per\u00f2 no vot: Eva Jim\u00e9nez.<\/li>\n<\/ul>\n<p>En total formen part del Consell Escolar 18 persones.<\/p>\n<p>Recordeu que podeu fer arribar propostes al s\u00ed del Consell Escolar a trav\u00e9s dels representants de cadascun dels sectors de la Comunitat Educativa.<\/p>\n<p>&nbsp;<\/p>\n<p><strong>ACORDS DEL CONSELL ESCOLAR<\/strong><\/p>\n<p>Per tal que tota la Comunitat Educativa en sigui coneixedora, fem extensiu un certificat que recull els acords presos en cadascuna de les sessions del Consell Escolar.<\/p>\n<p>CURS 2023-2024:<\/p>\n<ul>\n<li><a href=\"https:\/\/drive.google.com\/file\/d\/1WzYyCek5PIPe9ZYRm6kaAAVu-Qu1M04m\/view?usp=sharing\">Certificat del Consell Escolar 1<\/a>. 9-10-2023<\/li>\n<li><a href=\"https:\/\/drive.google.com\/file\/d\/1CdE_OAQ7oxPyWOQ7G0jbM41LXlU55S52\/view?usp=sharing\">Certificat del Consell Escolar 2.<\/a> 12-12-2023<\/li>\n<li><a href=\"https:\/\/drive.google.com\/file\/d\/1NjWQpt5NMk439ueA0EGnnYs-y9XPkcOA\/view?usp=sharing\">Certificat del Consell Escolar 3.<\/a> 29-01-2024<\/li>\n<li><a href=\"https:\/\/drive.google.com\/file\/d\/1PUuT_I8Rb4WImP99OqQqEqrYOlXgJwl4\/view?usp=sharing\">Certificat del Consell Escolar 4.<\/a> 05-03-2024<\/li>\n<li><a href=\"https:\/\/drive.google.com\/file\/d\/1d-b8i9EtXro9LKiYu12koN4ax0Pd5WqH\/view?usp=sharing\">Certificat del Consell Escolar 5.<\/a> 12-06-2024<\/li>\n<li><a href=\"https:\/\/drive.google.com\/file\/d\/1ZGRjp24q096LpoW7cylePE8P8Ab9mkV_\/view?usp=sharing\">Certificat del Consell Escolar 6.<\/a> 27-06-2024<\/li>\n<\/ul>\n<p>CURS 24-25<\/p>\n<ul>\n<li><a href=\"https:\/\/agora.xtec.cat\/escolapauvila\/wp-content\/uploads\/usu1565\/2025\/04\/Certificat_ConsellEscolar_7.pdf\">Certificat del Consell Escolar 1.\u00a0<\/a>27-11-2024<\/li>\n<li><a href=\"https:\/\/agora.xtec.cat\/escolapauvila\/wp-content\/uploads\/usu1565\/2025\/04\/Certificat_ConsellEscolar_8.pdf\">Certificat del Consell Escolar 2.<\/a> 29-01-2025<\/li>\n<li><a href=\"https:\/\/agora.xtec.cat\/escolapauvila\/wp-content\/uploads\/usu1565\/2025\/04\/Certificat_ConsellEscolar_9.pdf\">Certificat del Consell Escolar 3.<\/a> 27-03-2025<\/li>\n<li><a href=\"https:\/\/drive.google.com\/file\/d\/1Bo9L4eTa5C71qXlVAgIaIv61UIT-5d6K\/view?usp=sharing\">Certificat del Consell Escolar 4<\/a>\u00a0 16-06-2025<\/li>\n<\/ul>\n","protected":false},"excerpt":{"rendered":"<p>El Consell Escolar \u00e9s un dels \u00f2rgans de representaci\u00f3 de tots els sectors de la Comunitat Educativa. Actualment, el nostre Consell Escolar est\u00e0 configurat, d&#8217;acord amb les nostres Normes d\u2019Organitzaci\u00f3 i Funcionament per:<\/p>\n<ul>\n<li>La Direcci\u00f3 de l\u2019escola que exerceix la presid\u00e8ncia: Pietat Vega.<\/li>\n<li>La Cap d\u2019estudis: D\u00e8lia&hellip;  <a href=\"https:\/\/agora.xtec.cat\/escolapauvila\/lescola\/consell-escolar\/\" title=\"Read Consell escolar\">Llegeix m\u00e9s\u00bb<\/a><br \/>\n","protected":false},"author":1,"featured_media":0,"parent":22,"menu_order":30,"comment_status":"closed","ping_status":"closed","template":"page-templates\/side-menu.php","meta":{"_bbp_topic_count":0,"_bbp_reply_count":0,"_bbp_total_topic_count":0,"_bbp_total_reply_count":0,"_bbp_voice_count":0,"_bbp_anonymous_reply_count":0,"_bbp_topic_count_hidden":0,"_bbp_reply_count_hidden":0,"_bbp_forum_subforum_count":0,"footnotes":""},"class_list":["post-28","page","type-page","status-publish","hentry"],"post_mailing_queue_ids":[],"_links":{"self":[{"href":"https:\/\/agora.xtec.cat\/escolapauvila\/wp-json\/wp\/v2\/pages\/28","targetHints":{"allow":["GET"]}}],"collection":[{"href":"https:\/\/agora.xtec.cat\/escolapauvila\/wp-json\/wp\/v2\/pages"}],"about":[{"href":"https:\/\/agora.xtec.cat\/escolapauvila\/wp-json\/wp\/v2\/types\/page"}],"author":[{"embeddable":true,"href":"https:\/\/agora.xtec.cat\/escolapauvila\/wp-json\/wp\/v2\/users\/1"}],"replies":[{"embeddable":true,"href":"https:\/\/agora.xtec.cat\/escolapauvila\/wp-json\/wp\/v2\/comments?post=28"}],"version-history":[{"count":7,"href":"https:\/\/agora.xtec.cat\/escolapauvila\/wp-json\/wp\/v2\/pages\/28\/revisions"}],"predecessor-version":[{"id":11781,"href":"https:\/\/agora.xtec.cat\/escolapauvila\/wp-json\/wp\/v2\/pages\/28\/revisions\/11781"}],"up":[{"embeddable":true,"href":"https:\/\/agora.xtec.cat\/escolapauvila\/wp-json\/wp\/v2\/pages\/22"}],"wp:attachment":[{"href":"https:\/\/agora.xtec.cat\/escolapauvila\/wp-json\/wp\/v2\/media?parent=28"}],"curies":[{"name":"wp","href":"https:\/\/api.w.org\/{rel}","templated":true}]}}