{"id":22,"date":"2014-09-18T12:19:57","date_gmt":"2014-09-18T11:19:57","guid":{"rendered":"http:\/\/agora.xtec.cat\/escolapauvila\/?page_id=22"},"modified":"2020-03-15T18:21:04","modified_gmt":"2020-03-15T17:21:04","slug":"lescola","status":"publish","type":"page","link":"https:\/\/agora.xtec.cat\/escolapauvila\/lescola\/","title":{"rendered":"L&#8217;escola"},"content":{"rendered":"<p>L\u2019escola Pau Vila est\u00e0 situada al poble d\u2019Esparreguera, al carrer Ripoll\u00e8s 13-15, al barri de la Plana.<\/p>\n<p>Esparreguera \u00e9s un poble de la comarca del Baix Llobregat; comarca que est\u00e0 situada al marge esquerre del riu Llobregat, entre les poblacions d\u2019<i>Olesa de Montserrat<\/i>\u00a0(est),\u00a0<i>Abrera<\/i>\u00a0(sud),\u00a0<i>Collbat\u00f3<\/i>\u00a0(nord) i els\u00a0<i>Hostalets de Pierola<\/i> (oest), amb una poblaci\u00f3 d&#8217;uns 22.500 habitants. L\u2019escola va ser constru\u00efda al 1980, el barri on est\u00e0 ubicada \u00e9s un barri de cases unifamiliars. Aquest va ser constru\u00eft per tal de donar resposta a l\u2019explosi\u00f3 demogr\u00e0fica d\u2019Esparreguera en aquell temps.<\/p>\n<p>El projecte educatiu de l\u2019escola Pau Vila es defineix com un projecte d\u2019escola p\u00fablica i catalana que pret\u00e9n proporcionar a tot l&#8217;alumnat les compet\u00e8ncies que els permeti assegurar el seu desenvolupament personal i social, en un marc de creixement de la seva autonomia i de respecte a les llibertats fonamentals, educant en els valors de la llibertat, la toler\u00e0ncia i el respecte a les difer\u00e8ncies individuals i socials.<\/p>\n<p><span style=\"font-weight: 400;\">El principal tret d\u2019identitat del Pau Vila \u00e9s la convicci\u00f3 que el protagonista de l\u2019aprenentatge \u00e9s <\/span><span style=\"font-weight: 400;\">el\/la nen\/a.<\/span><span style=\"font-weight: 400;\"> Aix\u00f2 significa donar<\/span><span style=\"font-weight: 400;\">-li<\/span><span style=\"font-weight: 400;\"> realment aquest paper, potenciant la seva autonomia en la decisi\u00f3 i actuaci\u00f3 de tots els marcs on es realitza el seu aprenentatge.<\/span> <span style=\"font-weight: 400;\">Aquesta idea implica, tamb\u00e9, que el nen\/a ha d\u2019elaborar i construir els seus aprenentatges en interacci\u00f3 constant amb els seus companys i companyes, els diferents continguts, els adults que l\u2019acompanyen i l\u2019entorn.<\/span><\/p>\n<p><span style=\"font-weight: 400;\">Estem organitzats en <strong>tres comunitats<\/strong>:<\/span><\/p>\n<p><span style=\"font-weight: 400;\">Comunitat dels Petits i Petites. Inclou els\/les alumnes d&#8217;Educaci\u00f3 Infantil de tres anys (EI3)\u00a0 fins a Educaci\u00f3 Infantil de cinc anys i els adults d&#8217;atenci\u00f3 educativa que acompanyen els infants d&#8217;aquelles franges d&#8217;edat.\u00a0<\/span><\/p>\n<p><span style=\"font-weight: 400;\">Comunitat dels Mitjans: Inclou els\/les alumnes d&#8217;Educaci\u00f3 Prim\u00e0ria de 1r a 3r de Prim\u00e0ria i els adults d&#8217;atenci\u00f3 educativa que acompanyen els infants d&#8217;aquelles franges d\u2019edat.\u00a0<\/span><\/p>\n<p><span style=\"font-weight: 400;\">Comunitat dels grans. Inclou els\/les alumnes d&#8217;Educaci\u00f3 Prim\u00e0ria de 4t a 6\u00e8 de Prim\u00e0ria i els adults d&#8217;atenci\u00f3 educativa que acompanyen els infants d&#8217;aquelles franges d\u2019edat.\u00a0<\/span><\/p>\n<p><span style=\"font-weight: 400;\">Els trets d\u2019identitat de la nostra escola parlen de la Individualitat, la Diversitat i l&#8217;Aprenentatge, tots ells principis rectors de l&#8217;activitat de l&#8217;escola, embolcallats de l&#8217;Educaci\u00f3 Emocional i l&#8217;Escola Inclusiva.\u00a0<\/span><\/p>\n<p>A la pestanya <strong>Projectes d&#8217;Escola<\/strong>, pots consultar les l\u00ednies metodol\u00f2giques que concreten el nostre Projecte Educatiu de Centre (<strong>PEC Pau Vila<\/strong>).<\/p>\n<p>&nbsp;<\/p>\n","protected":false},"excerpt":{"rendered":"<p>L\u2019escola Pau Vila est\u00e0 situada al poble d\u2019Esparreguera, al carrer Ripoll\u00e8s 13-15, al barri de la Plana.<br \/>\nEsparreguera \u00e9s un poble de la comarca del Baix Llobregat; comarca que est\u00e0 situada al marge esquerre del riu Llobregat, entre les poblacions d\u2019Olesa de Montserrat\u00a0(est),\u00a0Abrera\u00a0(sud),\u00a0Collbat\u00f3\u00a0(nord) i els\u00a0Hostalets de&hellip;  <a href=\"https:\/\/agora.xtec.cat\/escolapauvila\/lescola\/\" title=\"Read L&#8217;escola\">Llegeix m\u00e9s\u00bb<\/a><\/p>\n","protected":false},"author":1,"featured_media":0,"parent":0,"menu_order":0,"comment_status":"closed","ping_status":"closed","template":"page-templates\/side-menu.php","meta":{"_bbp_topic_count":0,"_bbp_reply_count":0,"_bbp_total_topic_count":0,"_bbp_total_reply_count":0,"_bbp_voice_count":0,"_bbp_anonymous_reply_count":0,"_bbp_topic_count_hidden":0,"_bbp_reply_count_hidden":0,"_bbp_forum_subforum_count":0,"footnotes":""},"class_list":["post-22","page","type-page","status-publish","hentry"],"post_mailing_queue_ids":[],"_links":{"self":[{"href":"https:\/\/agora.xtec.cat\/escolapauvila\/wp-json\/wp\/v2\/pages\/22","targetHints":{"allow":["GET"]}}],"collection":[{"href":"https:\/\/agora.xtec.cat\/escolapauvila\/wp-json\/wp\/v2\/pages"}],"about":[{"href":"https:\/\/agora.xtec.cat\/escolapauvila\/wp-json\/wp\/v2\/types\/page"}],"author":[{"embeddable":true,"href":"https:\/\/agora.xtec.cat\/escolapauvila\/wp-json\/wp\/v2\/users\/1"}],"replies":[{"embeddable":true,"href":"https:\/\/agora.xtec.cat\/escolapauvila\/wp-json\/wp\/v2\/comments?post=22"}],"version-history":[{"count":2,"href":"https:\/\/agora.xtec.cat\/escolapauvila\/wp-json\/wp\/v2\/pages\/22\/revisions"}],"predecessor-version":[{"id":1168,"href":"https:\/\/agora.xtec.cat\/escolapauvila\/wp-json\/wp\/v2\/pages\/22\/revisions\/1168"}],"wp:attachment":[{"href":"https:\/\/agora.xtec.cat\/escolapauvila\/wp-json\/wp\/v2\/media?parent=22"}],"curies":[{"name":"wp","href":"https:\/\/api.w.org\/{rel}","templated":true}]}}