{"id":1362,"date":"2020-10-27T22:18:25","date_gmt":"2020-10-27T21:18:25","guid":{"rendered":"https:\/\/agora.xtec.cat\/escolapauvila\/?page_id=1362"},"modified":"2020-10-27T22:37:19","modified_gmt":"2020-10-27T21:37:19","slug":"projecte-enxaneta","status":"publish","type":"page","link":"https:\/\/agora.xtec.cat\/escolapauvila\/projecte-educatiu\/projecte-enxaneta\/","title":{"rendered":"Projecte Enxaneta"},"content":{"rendered":"<p style=\"font-weight: 400;\"><strong>EL PROJECTE<\/strong><\/p>\n<p style=\"font-weight: 400;\">El projecte Enxaneta_Esparreguera promogut per l\u2019Ajuntament d\u2019Esparreguera i els centres escolars Roques Blaves i Pau Vila i amb la supervisi\u00f3 de la Universitat de Vic (UVic) pret\u00e9n acostar i donar a con\u00e8ixer a les fam\u00edlies i els seus fills\/es la cultura escolar pr\u00f2pia dels centres educatius. Mitjan\u00e7ant la figura de la mentoria personalitzada i la participaci\u00f3 directa de pares i mares, es treballen les compet\u00e8ncies b\u00e0siques dels infants a trav\u00e9s de formats com els jocs, interessos dels infants, etc. En resum, augmentar les seves expectatives de futur i minorar els retards d\u2019aprenentatge.<\/p>\n<p style=\"font-weight: 400;\"><img loading=\"lazy\" decoding=\"async\" class=\"wp-image-1363 size-medium aligncenter\" src=\"https:\/\/agora.xtec.cat\/escolapauvila\/wp-content\/uploads\/usu1565\/2020\/10\/DB8B3DB0-C495-44E0-B761-1337C8F1E7BF-226x300.png\" alt=\"logotip\" width=\"226\" height=\"300\" srcset=\"https:\/\/agora.xtec.cat\/escolapauvila\/wp-content\/uploads\/usu1565\/2020\/10\/DB8B3DB0-C495-44E0-B761-1337C8F1E7BF-226x300.png 226w, https:\/\/agora.xtec.cat\/escolapauvila\/wp-content\/uploads\/usu1565\/2020\/10\/DB8B3DB0-C495-44E0-B761-1337C8F1E7BF.png 364w\" sizes=\"auto, (max-width: 226px) 100vw, 226px\" \/><\/p>\n<p style=\"font-weight: 400;\"><strong>OBJECTIUS<\/strong><\/p>\n<p style=\"font-weight: 400;\">Els objectius s\u00f3n:<\/p>\n<ul>\n<li style=\"font-weight: 400;\">\u00a0Contribuir a la millora dels resultats acad\u00e8mics de l\u2019alumnat del programa a trav\u00e9s de la millora de les seves compet\u00e8ncies b\u00e0siques.<\/li>\n<li style=\"font-weight: 400;\">Donar suport a les fam\u00edlies per tal que siguin elles les que acompanyin els seus fills o filles en l\u2019escolaritat de manera aut\u00f2noma.<\/li>\n<li style=\"font-weight: 400;\">Potenciar les relacions fam\u00edlia-escola-entorn mitjan\u00e7ant la participaci\u00f3 de tots els actors del territori en un projecte que doni resposta global a les necessitats de l\u2019alumnat, i aix\u00ed prevenir l\u2019abandonament prematur dels alumnes i afavorir el vincle amb l\u2019entorn escolar.<\/li>\n<\/ul>\n<p style=\"font-weight: 400;\">\u00a0<strong>A QUI VA ADRE\u00c7AT<\/strong><\/p>\n<p style=\"font-weight: 400;\">A l\u2019alumnat dels centres educatius de prim\u00e0ria de 1r i 2n de curs, amb possibilitats de 3r.<\/p>\n<p style=\"font-weight: 400;\"><strong>DURADA<\/strong><\/p>\n<p style=\"font-weight: 400;\">Les fam\u00edlies es comprometen a participar en el projecte durant tot un curs escolar.<\/p>\n<p style=\"font-weight: 400;\"><strong>DESCRIPCI\u00d3<\/strong><\/p>\n<p style=\"font-weight: 400;\">Durant el curs escolar, els mentors\/es i infants, es veuran per millorar les seves compet\u00e8ncies, mitjan\u00e7ant el joc i centres d\u2019inter\u00e8s, i al mateix temps es treballar\u00e0 amb les fam\u00edlies per acompanyar i millorar el vincle entre escola i alumnat, alhora que es contribueix a fer con\u00e8ixer els recursos educatius i socioculturals de l\u2019entorn.<\/p>\n<p style=\"font-weight: 400;\">Compta amb la figura del mentor\/a qui condueix sessions amb les fam\u00edlies, amb les fam\u00edlies i nens i nenes i una altra amb l\u2019alumnat per parelles.<\/p>\n<p>\u00a0<iframe loading=\"lazy\" src=\"https:\/\/www.youtube.com\/embed\/PnW9eArdTrQ?controls=0\" width=\"560\" height=\"315\" frameborder=\"0\"><\/iframe><\/p>\n","protected":false},"excerpt":{"rendered":"<p>EL PROJECTE<br \/>\nEl projecte Enxaneta_Esparreguera promogut per l\u2019Ajuntament d\u2019Esparreguera i els centres escolars Roques Blaves i Pau Vila i amb la supervisi\u00f3 de la Universitat de Vic (UVic) pret\u00e9n acostar i donar a con\u00e8ixer a les fam\u00edlies i els seus fills\/es la cultura escolar pr\u00f2pia dels&hellip;  <a href=\"https:\/\/agora.xtec.cat\/escolapauvila\/projecte-educatiu\/projecte-enxaneta\/\" title=\"Read Projecte Enxaneta\">Llegeix m\u00e9s\u00bb<\/a><\/p>\n","protected":false},"author":1,"featured_media":0,"parent":64,"menu_order":0,"comment_status":"closed","ping_status":"closed","template":"","meta":{"_bbp_topic_count":0,"_bbp_reply_count":0,"_bbp_total_topic_count":0,"_bbp_total_reply_count":0,"_bbp_voice_count":0,"_bbp_anonymous_reply_count":0,"_bbp_topic_count_hidden":0,"_bbp_reply_count_hidden":0,"_bbp_forum_subforum_count":0,"footnotes":""},"class_list":["post-1362","page","type-page","status-publish","hentry"],"post_mailing_queue_ids":[],"_links":{"self":[{"href":"https:\/\/agora.xtec.cat\/escolapauvila\/wp-json\/wp\/v2\/pages\/1362","targetHints":{"allow":["GET"]}}],"collection":[{"href":"https:\/\/agora.xtec.cat\/escolapauvila\/wp-json\/wp\/v2\/pages"}],"about":[{"href":"https:\/\/agora.xtec.cat\/escolapauvila\/wp-json\/wp\/v2\/types\/page"}],"author":[{"embeddable":true,"href":"https:\/\/agora.xtec.cat\/escolapauvila\/wp-json\/wp\/v2\/users\/1"}],"replies":[{"embeddable":true,"href":"https:\/\/agora.xtec.cat\/escolapauvila\/wp-json\/wp\/v2\/comments?post=1362"}],"version-history":[{"count":3,"href":"https:\/\/agora.xtec.cat\/escolapauvila\/wp-json\/wp\/v2\/pages\/1362\/revisions"}],"predecessor-version":[{"id":1368,"href":"https:\/\/agora.xtec.cat\/escolapauvila\/wp-json\/wp\/v2\/pages\/1362\/revisions\/1368"}],"up":[{"embeddable":true,"href":"https:\/\/agora.xtec.cat\/escolapauvila\/wp-json\/wp\/v2\/pages\/64"}],"wp:attachment":[{"href":"https:\/\/agora.xtec.cat\/escolapauvila\/wp-json\/wp\/v2\/media?parent=1362"}],"curies":[{"name":"wp","href":"https:\/\/api.w.org\/{rel}","templated":true}]}}