{"id":10051,"date":"2023-12-01T11:42:20","date_gmt":"2023-12-01T10:42:20","guid":{"rendered":"https:\/\/agora.xtec.cat\/escolapauvila\/?page_id=10051"},"modified":"2024-02-23T13:03:01","modified_gmt":"2024-02-23T12:03:01","slug":"eix-descola","status":"publish","type":"page","link":"https:\/\/agora.xtec.cat\/escolapauvila\/eix-descola\/","title":{"rendered":"Eix d&#8217;escola"},"content":{"rendered":"<p style=\"text-align: justify;\"><img loading=\"lazy\" decoding=\"async\" class=\"size-medium wp-image-10361 aligncenter\" src=\"https:\/\/agora.xtec.cat\/escolapauvila\/wp-content\/uploads\/usu1565\/2024\/02\/Creixem-Cuidant-Logo-Marc-Negre-300x210.jpg\" alt=\"\" width=\"300\" height=\"210\" srcset=\"https:\/\/agora.xtec.cat\/escolapauvila\/wp-content\/uploads\/usu1565\/2024\/02\/Creixem-Cuidant-Logo-Marc-Negre-300x210.jpg 300w, https:\/\/agora.xtec.cat\/escolapauvila\/wp-content\/uploads\/usu1565\/2024\/02\/Creixem-Cuidant-Logo-Marc-Negre.jpg 337w\" sizes=\"auto, (max-width: 300px) 100vw, 300px\" \/>Aquest curs l&#8217;eix transversal d\u2019escola t\u00e9 per t\u00edtol: <span style=\"color: #f56767;\"><strong>\u201cCreixem cuidant\u201d. <\/strong><\/span>La finalitat de l\u2019eix \u00e9s fer conscients als infants i a la Comunitat Educativa de la xarxa existent per cuidar tant a l&#8217;\u00e0mbit m\u00e9s proper, com seria l\u2019aula\/escola i la xarxa local, fins arribar a la internacional o mundial, en funci\u00f3 de les possibilitats dels infants de cada Comunitat. L\u2019eix no t\u00e9 intenci\u00f3 de quedar-se en el coneixement, sin\u00f3 que vol anar m\u00e9s enll\u00e0, implicant activament la Comunitat Educativa del Pau Vila en la cura, sumant-nos a accions concretes i projectes per ajudar, col\u00b7laborar&#8230; I fins i tot, dissenyant-ne de nous.<\/p>\n<p>&nbsp;<\/p>\n","protected":false},"excerpt":{"rendered":"<p>Aquest curs l&#8217;eix transversal d\u2019escola t\u00e9 per t\u00edtol: \u201cCreixem cuidant\u201d. La finalitat de l\u2019eix \u00e9s fer conscients als infants i a la Comunitat Educativa de la xarxa existent per cuidar tant a l&#8217;\u00e0mbit m\u00e9s proper, com seria l\u2019aula\/escola i la xarxa local, fins arribar a&hellip;  <a href=\"https:\/\/agora.xtec.cat\/escolapauvila\/eix-descola\/\" title=\"Read Eix d&#8217;escola\">Llegeix m\u00e9s\u00bb<\/a><\/p>\n","protected":false},"author":1,"featured_media":0,"parent":0,"menu_order":0,"comment_status":"closed","ping_status":"closed","template":"","meta":{"_bbp_topic_count":0,"_bbp_reply_count":0,"_bbp_total_topic_count":0,"_bbp_total_reply_count":0,"_bbp_voice_count":0,"_bbp_anonymous_reply_count":0,"_bbp_topic_count_hidden":0,"_bbp_reply_count_hidden":0,"_bbp_forum_subforum_count":0,"footnotes":""},"class_list":["post-10051","page","type-page","status-publish","hentry"],"post_mailing_queue_ids":[],"_links":{"self":[{"href":"https:\/\/agora.xtec.cat\/escolapauvila\/wp-json\/wp\/v2\/pages\/10051","targetHints":{"allow":["GET"]}}],"collection":[{"href":"https:\/\/agora.xtec.cat\/escolapauvila\/wp-json\/wp\/v2\/pages"}],"about":[{"href":"https:\/\/agora.xtec.cat\/escolapauvila\/wp-json\/wp\/v2\/types\/page"}],"author":[{"embeddable":true,"href":"https:\/\/agora.xtec.cat\/escolapauvila\/wp-json\/wp\/v2\/users\/1"}],"replies":[{"embeddable":true,"href":"https:\/\/agora.xtec.cat\/escolapauvila\/wp-json\/wp\/v2\/comments?post=10051"}],"version-history":[{"count":3,"href":"https:\/\/agora.xtec.cat\/escolapauvila\/wp-json\/wp\/v2\/pages\/10051\/revisions"}],"predecessor-version":[{"id":10362,"href":"https:\/\/agora.xtec.cat\/escolapauvila\/wp-json\/wp\/v2\/pages\/10051\/revisions\/10362"}],"wp:attachment":[{"href":"https:\/\/agora.xtec.cat\/escolapauvila\/wp-json\/wp\/v2\/media?parent=10051"}],"curies":[{"name":"wp","href":"https:\/\/api.w.org\/{rel}","templated":true}]}}