{"id":647,"date":"2021-11-12T16:13:32","date_gmt":"2021-11-12T15:13:32","guid":{"rendered":"https:\/\/agora.xtec.cat\/escolapaudelclos\/?page_id=647"},"modified":"2021-11-12T16:18:08","modified_gmt":"2021-11-12T15:18:08","slug":"secretaria","status":"publish","type":"page","link":"https:\/\/agora.xtec.cat\/escolapaudelclos\/secretaria\/","title":{"rendered":"Secretaria"},"content":{"rendered":"<p>Accedeix als documents m\u00e9s destacats.<\/p>\n<table style=\"width: 99.7727%; border-collapse: collapse; height: 202px;\" border=\"2\">\n<tbody>\n<tr style=\"height: 87px;\">\n<td style=\"width: 293.009px; height: 87px;\"><a href=\"https:\/\/drive.google.com\/file\/d\/1rDG0MANincio1KGSCpEGuQKo_V868VsP\/view?usp=sharing\">AUTORITZACI\u00d3 DRETS D&#8217;IMATGE<\/a><\/td>\n<td style=\"width: 293.009px; height: 87px;\"><a href=\"https:\/\/drive.google.com\/file\/d\/1MZeCeSW1as7WYMau2EpXhmjl6BjYhQD9\/view?usp=sharing\">AUTORITZACI\u00d3 DE RECOLLIDA ALTERNATIVA<\/a><\/td>\n<td style=\"width: 293.009px; height: 87px;\"><a href=\"https:\/\/drive.google.com\/file\/d\/1nSHBKbB5bucKIPxAOFHrOjcu2mqM885p\/view?usp=sharing\">AUTORITZACI\u00d3 SORTIDA<\/a><\/td>\n<\/tr>\n<tr style=\"height: 115px;\">\n<td style=\"width: 293.009px; height: 115px;\"><a href=\"https:\/\/drive.google.com\/file\/d\/12j-F-gKX_HUWjckCsVcwbVY92ZoflFSj\/view?usp=sharing\">OPCI\u00d3 RELIGI\u00d3\/VALORS SOCIALS I C\u00cdVICS<\/a><\/td>\n<td style=\"width: 293.009px; height: 115px;\">DECLARACI\u00d3 RESPONSABLE (Covid&#8217;19)<\/p>\n<p><a href=\"https:\/\/drive.google.com\/file\/d\/1Q3l3NnHK8m3R4vcwBnHuhKwb2u0ZedJL\/view?usp=sharing\">Infantil<\/a><\/p>\n<p><a href=\"https:\/\/drive.google.com\/file\/d\/1LdAwHWWU2tFAfpGMvzr0iloL1Qk-dK5U\/view?usp=sharing\">Prim\u00e0ria<\/a><\/td>\n<td style=\"width: 293.009px; height: 115px;\"><a href=\"https:\/\/drive.google.com\/file\/d\/1ePFckSdGtZ5NN-7MAso4LSKwxtiE1sZ9\/view?usp=sharing\">SOL\u00b7LICITUD BAIXA PER TRASLLAT DE CENTRE<\/a><\/td>\n<\/tr>\n<\/tbody>\n<\/table>\n","protected":false},"excerpt":{"rendered":"<p>Accedeix als documents m\u00e9s destacats. AUTORITZACI\u00d3 DRETS D&#8217;IMATGE AUTORITZACI\u00d3 DE RECOLLIDA ALTERNATIVA AUTORITZACI\u00d3 SORTIDA OPCI\u00d3 RELIGI\u00d3\/VALORS SOCIALS I C\u00cdVICS DECLARACI\u00d3 RESPONSABLE (Covid&#8217;19) Infantil Prim\u00e0ria SOL\u00b7LICITUD BAIXA PER TRASLLAT DE CENTRE<\/p>\n","protected":false},"author":1,"featured_media":0,"parent":0,"menu_order":0,"comment_status":"closed","ping_status":"closed","template":"","meta":{"_bbp_topic_count":0,"_bbp_reply_count":0,"_bbp_total_topic_count":0,"_bbp_total_reply_count":0,"_bbp_voice_count":0,"_bbp_anonymous_reply_count":0,"_bbp_topic_count_hidden":0,"_bbp_reply_count_hidden":0,"_bbp_forum_subforum_count":0,"site-sidebar-layout":"default","site-content-layout":"","ast-site-content-layout":"","site-content-style":"default","site-sidebar-style":"default","ast-global-header-display":"","ast-banner-title-visibility":"","ast-main-header-display":"","ast-hfb-above-header-display":"","ast-hfb-below-header-display":"","ast-hfb-mobile-header-display":"","site-post-title":"","ast-breadcrumbs-content":"","ast-featured-img":"","footer-sml-layout":"","theme-transparent-header-meta":"","adv-header-id-meta":"","stick-header-meta":"","header-above-stick-meta":"","header-main-stick-meta":"","header-below-stick-meta":"","astra-migrate-meta-layouts":"default","ast-page-background-enabled":"default","ast-page-background-meta":{"desktop":{"background-color":"var(--ast-global-color-4)","background-image":"","background-repeat":"repeat","background-position":"center center","background-size":"auto","background-attachment":"scroll","background-type":"","background-media":"","overlay-type":"","overlay-color":"","overlay-opacity":"","overlay-gradient":""},"tablet":{"background-color":"","background-image":"","background-repeat":"repeat","background-position":"center center","background-size":"auto","background-attachment":"scroll","background-type":"","background-media":"","overlay-type":"","overlay-color":"","overlay-opacity":"","overlay-gradient":""},"mobile":{"background-color":"","background-image":"","background-repeat":"repeat","background-position":"center center","background-size":"auto","background-attachment":"scroll","background-type":"","background-media":"","overlay-type":"","overlay-color":"","overlay-opacity":"","overlay-gradient":""}},"ast-content-background-meta":{"desktop":{"background-color":"var(--ast-global-color-5)","background-image":"","background-repeat":"repeat","background-position":"center center","background-size":"auto","background-attachment":"scroll","background-type":"","background-media":"","overlay-type":"","overlay-color":"","overlay-opacity":"","overlay-gradient":""},"tablet":{"background-color":"var(--ast-global-color-5)","background-image":"","background-repeat":"repeat","background-position":"center center","background-size":"auto","background-attachment":"scroll","background-type":"","background-media":"","overlay-type":"","overlay-color":"","overlay-opacity":"","overlay-gradient":""},"mobile":{"background-color":"var(--ast-global-color-5)","background-image":"","background-repeat":"repeat","background-position":"center center","background-size":"auto","background-attachment":"scroll","background-type":"","background-media":"","overlay-type":"","overlay-color":"","overlay-opacity":"","overlay-gradient":""}},"footnotes":""},"class_list":["post-647","page","type-page","status-publish","hentry"],"post_mailing_queue_ids":[],"_links":{"self":[{"href":"https:\/\/agora.xtec.cat\/escolapaudelclos\/wp-json\/wp\/v2\/pages\/647","targetHints":{"allow":["GET"]}}],"collection":[{"href":"https:\/\/agora.xtec.cat\/escolapaudelclos\/wp-json\/wp\/v2\/pages"}],"about":[{"href":"https:\/\/agora.xtec.cat\/escolapaudelclos\/wp-json\/wp\/v2\/types\/page"}],"author":[{"embeddable":true,"href":"https:\/\/agora.xtec.cat\/escolapaudelclos\/wp-json\/wp\/v2\/users\/1"}],"replies":[{"embeddable":true,"href":"https:\/\/agora.xtec.cat\/escolapaudelclos\/wp-json\/wp\/v2\/comments?post=647"}],"version-history":[{"count":2,"href":"https:\/\/agora.xtec.cat\/escolapaudelclos\/wp-json\/wp\/v2\/pages\/647\/revisions"}],"predecessor-version":[{"id":650,"href":"https:\/\/agora.xtec.cat\/escolapaudelclos\/wp-json\/wp\/v2\/pages\/647\/revisions\/650"}],"wp:attachment":[{"href":"https:\/\/agora.xtec.cat\/escolapaudelclos\/wp-json\/wp\/v2\/media?parent=647"}],"curies":[{"name":"wp","href":"https:\/\/api.w.org\/{rel}","templated":true}]}}