{"id":519,"date":"2021-09-30T13:06:48","date_gmt":"2021-09-30T11:06:48","guid":{"rendered":"https:\/\/agora.xtec.cat\/escolapaudelclos\/?page_id=519"},"modified":"2025-11-07T09:41:35","modified_gmt":"2025-11-07T08:41:35","slug":"umpa","status":"publish","type":"page","link":"https:\/\/agora.xtec.cat\/escolapaudelclos\/umpa\/","title":{"rendered":"Informacions destacades"},"content":{"rendered":"<p dir=\"ltr\">Benvolgudes fam\u00edlies de l&#8217;escola Pau Delcl\u00f2s,<\/p>\n<p dir=\"ltr\">La informaci\u00f3 completa sobre l\u2019UMPA la teniu al d\u00edptic adjunt.<\/p>\n<p dir=\"ltr\">Beneficis de ser socis:<\/p>\n<ul>\n<li dir=\"ltr\">\n<p dir=\"ltr\">Dret a participar en el casal d&#8217;estiu.<\/p>\n<\/li>\n<li dir=\"ltr\">\n<p dir=\"ltr\">Dret a participar en el programa de reutilitzaci\u00f3 de llibres, que s&#8217;ofereix per als cursos de 3r a 6\u00e8.<\/p>\n<\/li>\n<li dir=\"ltr\">\n<p dir=\"ltr\">Dret a participar a les activitats extraescolars del curs 2021-2022.<\/p>\n<\/li>\n<li dir=\"ltr\">\n<p dir=\"ltr\">2 entrades gratu\u00eftes per al festival de Nadal.<\/p>\n<\/li>\n<li dir=\"ltr\">\n<p dir=\"ltr\">Descompte en les activitats de final de curs.<\/p>\n<\/li>\n<li dir=\"ltr\">\n<p dir=\"ltr\">Les fam\u00edlies poden entrar a col\u00b7laborar\u00a0 i participar en les festes que es celebren dins de la escola per a tots els nens (castanyada, carnaval, etc).<\/p>\n<\/li>\n<\/ul>\n<p dir=\"ltr\"><i><u>NO\u00a0es pot participar en el casal d\u2019estiu, el programa de reutilitzaci\u00f3 de llibres o en les activitats extraescolars, si la fam\u00edlia no es s\u00f2cia de l\u2019UMPA.<\/u><\/i><\/p>\n<p dir=\"ltr\">Per fer-se soci s\u2019ha d\u2019omplir la <a href=\"https:\/\/docs.google.com\/forms\/d\/e\/1FAIpQLSdpwWJKy3QM64LvJ9mq60O2ZhCgvVkiGWxobNrhwFFLq8wpnA\/viewform\" target=\"_blank\" rel=\"noopener\">fitxa d\u2019inscripci\u00f3<\/a> i fer el pagament de la quota de 30\u20ac per\u00a0 fam\u00edlia (no per nen\/a).<\/p>\n<ul>\n<li>&#8211; El pagament es pot fer per\u00a0Dinantia<\/li>\n<li dir=\"ltr\">\n<p dir=\"ltr\">&#8211; Transfer\u00e8ncia banc\u00e0ria al n\u00famero de compte<\/p>\n<p>ES71 0081 0164 0300 0136 3647 posant com a concepte el nom i el curs del nen\/nens, i enviant el justificant a <a href=\"mailto:umpa@escolapaudelclos.cat\" target=\"_blank\" rel=\"noopener\">umpa@escolapaudelclos.cat<\/a><\/li>\n<\/ul>\n<p><a href=\"https:\/\/drive.google.com\/file\/d\/1DseL3dp75FocHTfZODQaD4YPIEd83Tjl\/view?usp=sharing\">D\u00cdPTIC UMPA ESCOLA PAU DELCL\u00d2S<\/a><\/p>\n","protected":false},"excerpt":{"rendered":"<p>Benvolgudes fam\u00edlies de l&#8217;escola Pau Delcl\u00f2s, La informaci\u00f3 completa sobre l\u2019UMPA la teniu al d\u00edptic adjunt. Beneficis de ser socis: Dret a participar en el casal d&#8217;estiu. Dret a participar en el programa de reutilitzaci\u00f3 de llibres, que s&#8217;ofereix per als cursos de 3r a 6\u00e8. Dret a participar a les activitats extraescolars del curs [&hellip;]<\/p>\n","protected":false},"author":1,"featured_media":0,"parent":0,"menu_order":0,"comment_status":"closed","ping_status":"closed","template":"","meta":{"_bbp_topic_count":0,"_bbp_reply_count":0,"_bbp_total_topic_count":0,"_bbp_total_reply_count":0,"_bbp_voice_count":0,"_bbp_anonymous_reply_count":0,"_bbp_topic_count_hidden":0,"_bbp_reply_count_hidden":0,"_bbp_forum_subforum_count":0,"site-sidebar-layout":"default","site-content-layout":"","ast-site-content-layout":"","site-content-style":"default","site-sidebar-style":"default","ast-global-header-display":"","ast-banner-title-visibility":"","ast-main-header-display":"","ast-hfb-above-header-display":"","ast-hfb-below-header-display":"","ast-hfb-mobile-header-display":"","site-post-title":"","ast-breadcrumbs-content":"","ast-featured-img":"","footer-sml-layout":"","theme-transparent-header-meta":"","adv-header-id-meta":"","stick-header-meta":"","header-above-stick-meta":"","header-main-stick-meta":"","header-below-stick-meta":"","astra-migrate-meta-layouts":"default","ast-page-background-enabled":"default","ast-page-background-meta":{"desktop":{"background-color":"var(--ast-global-color-4)","background-image":"","background-repeat":"repeat","background-position":"center center","background-size":"auto","background-attachment":"scroll","background-type":"","background-media":"","overlay-type":"","overlay-color":"","overlay-opacity":"","overlay-gradient":""},"tablet":{"background-color":"","background-image":"","background-repeat":"repeat","background-position":"center center","background-size":"auto","background-attachment":"scroll","background-type":"","background-media":"","overlay-type":"","overlay-color":"","overlay-opacity":"","overlay-gradient":""},"mobile":{"background-color":"","background-image":"","background-repeat":"repeat","background-position":"center center","background-size":"auto","background-attachment":"scroll","background-type":"","background-media":"","overlay-type":"","overlay-color":"","overlay-opacity":"","overlay-gradient":""}},"ast-content-background-meta":{"desktop":{"background-color":"var(--ast-global-color-5)","background-image":"","background-repeat":"repeat","background-position":"center center","background-size":"auto","background-attachment":"scroll","background-type":"","background-media":"","overlay-type":"","overlay-color":"","overlay-opacity":"","overlay-gradient":""},"tablet":{"background-color":"var(--ast-global-color-5)","background-image":"","background-repeat":"repeat","background-position":"center center","background-size":"auto","background-attachment":"scroll","background-type":"","background-media":"","overlay-type":"","overlay-color":"","overlay-opacity":"","overlay-gradient":""},"mobile":{"background-color":"var(--ast-global-color-5)","background-image":"","background-repeat":"repeat","background-position":"center center","background-size":"auto","background-attachment":"scroll","background-type":"","background-media":"","overlay-type":"","overlay-color":"","overlay-opacity":"","overlay-gradient":""}},"footnotes":""},"class_list":["post-519","page","type-page","status-publish","hentry"],"post_mailing_queue_ids":[],"_links":{"self":[{"href":"https:\/\/agora.xtec.cat\/escolapaudelclos\/wp-json\/wp\/v2\/pages\/519","targetHints":{"allow":["GET"]}}],"collection":[{"href":"https:\/\/agora.xtec.cat\/escolapaudelclos\/wp-json\/wp\/v2\/pages"}],"about":[{"href":"https:\/\/agora.xtec.cat\/escolapaudelclos\/wp-json\/wp\/v2\/types\/page"}],"author":[{"embeddable":true,"href":"https:\/\/agora.xtec.cat\/escolapaudelclos\/wp-json\/wp\/v2\/users\/1"}],"replies":[{"embeddable":true,"href":"https:\/\/agora.xtec.cat\/escolapaudelclos\/wp-json\/wp\/v2\/comments?post=519"}],"version-history":[{"count":5,"href":"https:\/\/agora.xtec.cat\/escolapaudelclos\/wp-json\/wp\/v2\/pages\/519\/revisions"}],"predecessor-version":[{"id":3761,"href":"https:\/\/agora.xtec.cat\/escolapaudelclos\/wp-json\/wp\/v2\/pages\/519\/revisions\/3761"}],"wp:attachment":[{"href":"https:\/\/agora.xtec.cat\/escolapaudelclos\/wp-json\/wp\/v2\/media?parent=519"}],"curies":[{"name":"wp","href":"https:\/\/api.w.org\/{rel}","templated":true}]}}