{"id":36,"date":"2014-09-18T12:33:11","date_gmt":"2014-09-18T11:33:11","guid":{"rendered":"http:\/\/agora.xtec.cat\/escolapaudelclos\/?page_id=36"},"modified":"2025-07-01T13:08:07","modified_gmt":"2025-07-01T11:08:07","slug":"material-escolar","status":"publish","type":"page","link":"https:\/\/agora.xtec.cat\/escolapaudelclos\/lescola\/material-escolar\/","title":{"rendered":"Material escolar"},"content":{"rendered":"<div dir=\"ltr\">\n<p><u>L&#8217;<\/u><u>import del material escolar per aquest curs 2025-26 \u00e9s de 55 \u20ac a educaci\u00f3 infantil i 50\u20ac a educaci\u00f3 prim\u00e0ria.<\/u><\/p>\n<p>La liquidaci\u00f3 d&#8217;aquest import s&#8217;haur\u00e0 de fer abans del 30 de setembre,\u00a0 escollint una de les seg\u00fcents opcions:<\/p>\n<p>&#8211;\u00a0<u>App\u00a0<\/u><u>Dinantia<\/u><\/p>\n<p>&#8211; O b\u00e9\u00a0<u>mitjan\u00e7ant transfer\u00e8ncia bancar\u00e0ria al compte corrent ES79 2100 1327 5102 0011 8324<\/u>,<\/p>\n<p>En ambd\u00f3s casos \u00e9s molt important que indiqueu el CONCEPTE, el NOM DE LA NEN\/A I EL CURS.<\/p>\n<p>&nbsp;<\/p>\n<p>&nbsp;<\/p>\n<p>&nbsp;<\/p>\n<\/div>\n<div class=\"yj6qo\"><\/div>\n<div class=\"adL\" dir=\"ltr\"><\/div>\n","protected":false},"excerpt":{"rendered":"<p>L&#8217;import del material escolar per aquest curs 2025-26 \u00e9s de 55 \u20ac a educaci\u00f3 infantil i 50\u20ac a educaci\u00f3 prim\u00e0ria. La liquidaci\u00f3 d&#8217;aquest import s&#8217;haur\u00e0 de fer abans del 30 de setembre,\u00a0 escollint una de les seg\u00fcents opcions: &#8211;\u00a0App\u00a0Dinantia &#8211; O b\u00e9\u00a0mitjan\u00e7ant transfer\u00e8ncia bancar\u00e0ria al compte corrent ES79 2100 1327 5102 0011 8324, En ambd\u00f3s [&hellip;]<\/p>\n","protected":false},"author":1,"featured_media":0,"parent":22,"menu_order":70,"comment_status":"closed","ping_status":"closed","template":"page-templates\/side-menu.php","meta":{"_bbp_topic_count":0,"_bbp_reply_count":0,"_bbp_total_topic_count":0,"_bbp_total_reply_count":0,"_bbp_voice_count":0,"_bbp_anonymous_reply_count":0,"_bbp_topic_count_hidden":0,"_bbp_reply_count_hidden":0,"_bbp_forum_subforum_count":0,"site-sidebar-layout":"default","site-content-layout":"","ast-site-content-layout":"","site-content-style":"default","site-sidebar-style":"default","ast-global-header-display":"","ast-banner-title-visibility":"","ast-main-header-display":"","ast-hfb-above-header-display":"","ast-hfb-below-header-display":"","ast-hfb-mobile-header-display":"","site-post-title":"","ast-breadcrumbs-content":"","ast-featured-img":"","footer-sml-layout":"","theme-transparent-header-meta":"","adv-header-id-meta":"","stick-header-meta":"","header-above-stick-meta":"","header-main-stick-meta":"","header-below-stick-meta":"","astra-migrate-meta-layouts":"default","ast-page-background-enabled":"default","ast-page-background-meta":{"desktop":{"background-color":"var(--ast-global-color-4)","background-image":"","background-repeat":"repeat","background-position":"center center","background-size":"auto","background-attachment":"scroll","background-type":"","background-media":"","overlay-type":"","overlay-color":"","overlay-opacity":"","overlay-gradient":""},"tablet":{"background-color":"","background-image":"","background-repeat":"repeat","background-position":"center center","background-size":"auto","background-attachment":"scroll","background-type":"","background-media":"","overlay-type":"","overlay-color":"","overlay-opacity":"","overlay-gradient":""},"mobile":{"background-color":"","background-image":"","background-repeat":"repeat","background-position":"center center","background-size":"auto","background-attachment":"scroll","background-type":"","background-media":"","overlay-type":"","overlay-color":"","overlay-opacity":"","overlay-gradient":""}},"ast-content-background-meta":{"desktop":{"background-color":"var(--ast-global-color-5)","background-image":"","background-repeat":"repeat","background-position":"center center","background-size":"auto","background-attachment":"scroll","background-type":"","background-media":"","overlay-type":"","overlay-color":"","overlay-opacity":"","overlay-gradient":""},"tablet":{"background-color":"var(--ast-global-color-5)","background-image":"","background-repeat":"repeat","background-position":"center center","background-size":"auto","background-attachment":"scroll","background-type":"","background-media":"","overlay-type":"","overlay-color":"","overlay-opacity":"","overlay-gradient":""},"mobile":{"background-color":"var(--ast-global-color-5)","background-image":"","background-repeat":"repeat","background-position":"center center","background-size":"auto","background-attachment":"scroll","background-type":"","background-media":"","overlay-type":"","overlay-color":"","overlay-opacity":"","overlay-gradient":""}},"footnotes":""},"class_list":["post-36","page","type-page","status-publish","hentry"],"post_mailing_queue_ids":[],"_links":{"self":[{"href":"https:\/\/agora.xtec.cat\/escolapaudelclos\/wp-json\/wp\/v2\/pages\/36","targetHints":{"allow":["GET"]}}],"collection":[{"href":"https:\/\/agora.xtec.cat\/escolapaudelclos\/wp-json\/wp\/v2\/pages"}],"about":[{"href":"https:\/\/agora.xtec.cat\/escolapaudelclos\/wp-json\/wp\/v2\/types\/page"}],"author":[{"embeddable":true,"href":"https:\/\/agora.xtec.cat\/escolapaudelclos\/wp-json\/wp\/v2\/users\/1"}],"replies":[{"embeddable":true,"href":"https:\/\/agora.xtec.cat\/escolapaudelclos\/wp-json\/wp\/v2\/comments?post=36"}],"version-history":[{"count":4,"href":"https:\/\/agora.xtec.cat\/escolapaudelclos\/wp-json\/wp\/v2\/pages\/36\/revisions"}],"predecessor-version":[{"id":3497,"href":"https:\/\/agora.xtec.cat\/escolapaudelclos\/wp-json\/wp\/v2\/pages\/36\/revisions\/3497"}],"up":[{"embeddable":true,"href":"https:\/\/agora.xtec.cat\/escolapaudelclos\/wp-json\/wp\/v2\/pages\/22"}],"wp:attachment":[{"href":"https:\/\/agora.xtec.cat\/escolapaudelclos\/wp-json\/wp\/v2\/media?parent=36"}],"curies":[{"name":"wp","href":"https:\/\/api.w.org\/{rel}","templated":true}]}}