{"id":2905,"date":"2024-11-07T12:15:44","date_gmt":"2024-11-07T11:15:44","guid":{"rendered":"https:\/\/agora.xtec.cat\/escolapaudelclos\/?page_id=2905"},"modified":"2024-11-08T08:58:08","modified_gmt":"2024-11-08T07:58:08","slug":"toolkit-dia","status":"publish","type":"page","link":"https:\/\/agora.xtec.cat\/escolapaudelclos\/estrategia-digital-de-centre\/toolkit-dia\/","title":{"rendered":"Toolkit d&#8217;IA"},"content":{"rendered":"<p>Un <strong><em>toolkit<\/em><\/strong> \u00e9s un recull de recursos i eines sobre un tema concret. En aquest cas, el<strong> <em>toolkit<\/em> d&#8217;intel\u00b7lig\u00e8ncia artificial de l&#8217;Escola Pau Delcl\u00f2s<\/strong> \u00e9s una col\u00b7lecci\u00f3 d&#8217;eines d&#8217;IA que el professorat del centre va explorar i considerar \u00fatil dins del marc del projecte <strong><em>AI Skills Lab<\/em><\/strong>, en el qual vam participar durant el passat curs 2023-2024.<\/p>\n<p>Aquesta guia pr\u00e0ctica est\u00e0 pensada perqu\u00e8 tot el professorat pugui integrar aquestes eines en la seva pr\u00e0ctica di\u00e0ria, amb l&#8217;objectiu que esdevingui un recurs habitual per enriquir l&#8217;ensenyament i l&#8217;experi\u00e8ncia d&#8217;aprenentatge del nostre alumnat.<\/p>\n<p>Podeu visualitzar-lo clicant a la seg\u00fcent imatge:<\/p>\n<p style=\"text-align: center;\"><a href=\"https:\/\/drive.google.com\/file\/d\/1FV7lpXbTz9BIbLu0u8JBTcp9PN7RGecs\/view?usp=sharing\" target=\"_blank\" rel=\"noopener\"><img loading=\"lazy\" decoding=\"async\" class=\"alignnone wp-image-2911 \" src=\"https:\/\/agora.xtec.cat\/escolapaudelclos\/wp-content\/uploads\/usu2656\/2024\/11\/pngtree-mouse-hand-click-image_2281134.jpg\" alt=\"\" width=\"625\" height=\"281\" srcset=\"https:\/\/agora.xtec.cat\/escolapaudelclos\/wp-content\/uploads\/usu2656\/2024\/11\/pngtree-mouse-hand-click-image_2281134.jpg 745w, https:\/\/agora.xtec.cat\/escolapaudelclos\/wp-content\/uploads\/usu2656\/2024\/11\/pngtree-mouse-hand-click-image_2281134-300x135.jpg 300w\" sizes=\"auto, (max-width: 625px) 100vw, 625px\" \/><\/a><\/p>\n","protected":false},"excerpt":{"rendered":"<p>Un toolkit \u00e9s un recull de recursos i eines sobre un tema concret. En aquest cas, el toolkit d&#8217;intel\u00b7lig\u00e8ncia artificial de l&#8217;Escola Pau Delcl\u00f2s \u00e9s una col\u00b7lecci\u00f3 d&#8217;eines d&#8217;IA que el professorat del centre va explorar i considerar \u00fatil dins del marc del projecte AI Skills Lab, en el qual vam participar durant el passat [&hellip;]<\/p>\n","protected":false},"author":1,"featured_media":0,"parent":1374,"menu_order":0,"comment_status":"closed","ping_status":"closed","template":"","meta":{"_bbp_topic_count":0,"_bbp_reply_count":0,"_bbp_total_topic_count":0,"_bbp_total_reply_count":0,"_bbp_voice_count":0,"_bbp_anonymous_reply_count":0,"_bbp_topic_count_hidden":0,"_bbp_reply_count_hidden":0,"_bbp_forum_subforum_count":0,"site-sidebar-layout":"default","site-content-layout":"","ast-site-content-layout":"","site-content-style":"default","site-sidebar-style":"default","ast-global-header-display":"","ast-banner-title-visibility":"","ast-main-header-display":"","ast-hfb-above-header-display":"","ast-hfb-below-header-display":"","ast-hfb-mobile-header-display":"","site-post-title":"","ast-breadcrumbs-content":"","ast-featured-img":"","footer-sml-layout":"","theme-transparent-header-meta":"","adv-header-id-meta":"","stick-header-meta":"","header-above-stick-meta":"","header-main-stick-meta":"","header-below-stick-meta":"","astra-migrate-meta-layouts":"default","ast-page-background-enabled":"default","ast-page-background-meta":{"desktop":{"background-color":"var(--ast-global-color-4)","background-image":"","background-repeat":"repeat","background-position":"center center","background-size":"auto","background-attachment":"scroll","background-type":"","background-media":"","overlay-type":"","overlay-color":"","overlay-opacity":"","overlay-gradient":""},"tablet":{"background-color":"","background-image":"","background-repeat":"repeat","background-position":"center center","background-size":"auto","background-attachment":"scroll","background-type":"","background-media":"","overlay-type":"","overlay-color":"","overlay-opacity":"","overlay-gradient":""},"mobile":{"background-color":"","background-image":"","background-repeat":"repeat","background-position":"center center","background-size":"auto","background-attachment":"scroll","background-type":"","background-media":"","overlay-type":"","overlay-color":"","overlay-opacity":"","overlay-gradient":""}},"ast-content-background-meta":{"desktop":{"background-color":"var(--ast-global-color-5)","background-image":"","background-repeat":"repeat","background-position":"center center","background-size":"auto","background-attachment":"scroll","background-type":"","background-media":"","overlay-type":"","overlay-color":"","overlay-opacity":"","overlay-gradient":""},"tablet":{"background-color":"var(--ast-global-color-5)","background-image":"","background-repeat":"repeat","background-position":"center center","background-size":"auto","background-attachment":"scroll","background-type":"","background-media":"","overlay-type":"","overlay-color":"","overlay-opacity":"","overlay-gradient":""},"mobile":{"background-color":"var(--ast-global-color-5)","background-image":"","background-repeat":"repeat","background-position":"center center","background-size":"auto","background-attachment":"scroll","background-type":"","background-media":"","overlay-type":"","overlay-color":"","overlay-opacity":"","overlay-gradient":""}},"footnotes":""},"class_list":["post-2905","page","type-page","status-publish","hentry"],"post_mailing_queue_ids":[],"_links":{"self":[{"href":"https:\/\/agora.xtec.cat\/escolapaudelclos\/wp-json\/wp\/v2\/pages\/2905","targetHints":{"allow":["GET"]}}],"collection":[{"href":"https:\/\/agora.xtec.cat\/escolapaudelclos\/wp-json\/wp\/v2\/pages"}],"about":[{"href":"https:\/\/agora.xtec.cat\/escolapaudelclos\/wp-json\/wp\/v2\/types\/page"}],"author":[{"embeddable":true,"href":"https:\/\/agora.xtec.cat\/escolapaudelclos\/wp-json\/wp\/v2\/users\/1"}],"replies":[{"embeddable":true,"href":"https:\/\/agora.xtec.cat\/escolapaudelclos\/wp-json\/wp\/v2\/comments?post=2905"}],"version-history":[{"count":6,"href":"https:\/\/agora.xtec.cat\/escolapaudelclos\/wp-json\/wp\/v2\/pages\/2905\/revisions"}],"predecessor-version":[{"id":2910,"href":"https:\/\/agora.xtec.cat\/escolapaudelclos\/wp-json\/wp\/v2\/pages\/2905\/revisions\/2910"}],"up":[{"embeddable":true,"href":"https:\/\/agora.xtec.cat\/escolapaudelclos\/wp-json\/wp\/v2\/pages\/1374"}],"wp:attachment":[{"href":"https:\/\/agora.xtec.cat\/escolapaudelclos\/wp-json\/wp\/v2\/media?parent=2905"}],"curies":[{"name":"wp","href":"https:\/\/api.w.org\/{rel}","templated":true}]}}