{"id":1584,"date":"2022-07-05T14:03:21","date_gmt":"2022-07-05T12:03:21","guid":{"rendered":"https:\/\/agora.xtec.cat\/escolapaudelclos\/?page_id=1584"},"modified":"2026-02-06T09:33:47","modified_gmt":"2026-02-06T08:33:47","slug":"fotos-de-lescola","status":"publish","type":"page","link":"https:\/\/agora.xtec.cat\/escolapaudelclos\/fotos-de-lescola\/","title":{"rendered":"FOTOS DE L&#8217;ESCOLA"},"content":{"rendered":"<p>En els seg\u00fcents enlla\u00e7os podr\u00e0s accedir a les fotos dels diferents nivells del <strong>curs 25-26.<\/strong><\/p>\n<table style=\"border-collapse: collapse; width: 100%; height: 96px;\">\n<tbody>\n<tr style=\"height: 32px;\">\n<td style=\"width: 33.3333%; border-color: #1e38ba; height: 32px;\"><a href=\"https:\/\/agora.xtec.cat\/escolapaudelclos\/fotos-de-lescola\/fotos-i3\/\">FOTOS I3<\/a><\/td>\n<td style=\"width: 33.3333%; border-color: #1e38ba; height: 32px;\"><a href=\"https:\/\/agora.xtec.cat\/escolapaudelclos\/fotos-de-lescola\/fotos-de-p4\/\">FOTOS I4<\/a><\/td>\n<td style=\"width: 33.3333%; border-color: #1e38ba; height: 32px;\"><a href=\"https:\/\/agora.xtec.cat\/escolapaudelclos\/fotos-de-lescola\/fotos-de-p5\/\">FOTOS I5<\/a><\/td>\n<\/tr>\n<tr style=\"height: 32px;\">\n<td style=\"width: 33.3333%; border-color: #1e38ba; height: 32px;\"><a href=\"https:\/\/agora.xtec.cat\/escolapaudelclos\/fotos-de-lescola\/fotos-de-1r\/\">FOTOS 1r<\/a><\/td>\n<td style=\"width: 33.3333%; border-color: #1e38ba; height: 32px;\"><a href=\"https:\/\/agora.xtec.cat\/escolapaudelclos\/fotos-de-lescola\/fotos-de-2n\/\">FOTOS 2n<\/a><\/td>\n<td style=\"width: 33.3333%; border-color: #1e38ba; height: 32px;\"><a href=\"https:\/\/agora.xtec.cat\/escolapaudelclos\/fotos-de-lescola\/fotos-de-3r\/\">FOTOS 3r<\/a><\/td>\n<\/tr>\n<tr style=\"height: 32px;\">\n<td style=\"width: 33.3333%; border-color: #1e38ba; height: 32px;\"><a href=\"https:\/\/agora.xtec.cat\/escolapaudelclos\/fotos-de-lescola\/fotos-de-4t\/\">FOTOS 4t<\/a><\/td>\n<td style=\"width: 33.3333%; border-color: #1e38ba; height: 32px;\"><a href=\"https:\/\/agora.xtec.cat\/escolapaudelclos\/fotos-de-lescola\/fotos-de-5e\/\">FOTOS 5\u00e8<\/a><\/td>\n<td style=\"width: 33.3333%; border-color: #1e38ba; height: 32px;\"><a href=\"https:\/\/agora.xtec.cat\/escolapaudelclos\/fotos-de-lescola\/fotos-de-6e\/\">FOTOS 6\u00e8<\/a><\/td>\n<\/tr>\n<\/tbody>\n<\/table>\n<table style=\"border-collapse: collapse; width: 15.5684%; height: 25px;\">\n<tbody>\n<tr>\n<td style=\"width: 100%;\"><a href=\"https:\/\/agora.xtec.cat\/escolapaudelclos\/fotos-de-lescola\/promocio-24-25\/\" rel=\"noopener\">PROMOCI\u00d3 24-25<\/a><\/td>\n<\/tr>\n<\/tbody>\n<\/table>\n<table style=\"border-collapse: collapse; width: 15.5911%; height: 21px;\">\n<tbody>\n<tr>\n<td style=\"width: 100%;\"><a href=\"https:\/\/agora.xtec.cat\/escolapaudelclos\/fotos-de-lescola\/promocio-23-24\/\" rel=\"noopener\">PROMOCI\u00d3 23-24<\/a><\/td>\n<\/tr>\n<\/tbody>\n<\/table>\n<table style=\"border-collapse: collapse; width: 15.5911%; height: 21px;\">\n<tbody>\n<tr>\n<td style=\"width: 100%;\"><a href=\"https:\/\/agora.xtec.cat\/escolapaudelclos\/fotos-de-lescola\/promocio-22-23\/\" rel=\"noopener\">PROMOCI\u00d3 22-23<\/a><\/td>\n<\/tr>\n<\/tbody>\n<\/table>\n<table style=\"border-collapse: collapse; width: 15.5911%; height: 21px;\">\n<tbody>\n<tr>\n<td style=\"width: 100%;\"><a href=\"https:\/\/agora.xtec.cat\/escolapaudelclos\/fotos-promocio-21-22\/\">PROMOCI\u00d3 21-22<\/a><\/td>\n<\/tr>\n<\/tbody>\n<\/table>\n","protected":false},"excerpt":{"rendered":"<p>En els seg\u00fcents enlla\u00e7os podr\u00e0s accedir a les fotos dels diferents nivells del curs 25-26. FOTOS I3 FOTOS I4 FOTOS I5 FOTOS 1r FOTOS 2n FOTOS 3r FOTOS 4t FOTOS 5\u00e8 FOTOS 6\u00e8 PROMOCI\u00d3 24-25 PROMOCI\u00d3 23-24 PROMOCI\u00d3 22-23 PROMOCI\u00d3 21-22<\/p>\n","protected":false},"author":1,"featured_media":0,"parent":0,"menu_order":0,"comment_status":"closed","ping_status":"closed","template":"","meta":{"_bbp_topic_count":0,"_bbp_reply_count":0,"_bbp_total_topic_count":0,"_bbp_total_reply_count":0,"_bbp_voice_count":0,"_bbp_anonymous_reply_count":0,"_bbp_topic_count_hidden":0,"_bbp_reply_count_hidden":0,"_bbp_forum_subforum_count":0,"site-sidebar-layout":"default","site-content-layout":"","ast-site-content-layout":"","site-content-style":"default","site-sidebar-style":"default","ast-global-header-display":"","ast-banner-title-visibility":"","ast-main-header-display":"","ast-hfb-above-header-display":"","ast-hfb-below-header-display":"","ast-hfb-mobile-header-display":"","site-post-title":"","ast-breadcrumbs-content":"","ast-featured-img":"","footer-sml-layout":"","theme-transparent-header-meta":"","adv-header-id-meta":"","stick-header-meta":"","header-above-stick-meta":"","header-main-stick-meta":"","header-below-stick-meta":"","astra-migrate-meta-layouts":"default","ast-page-background-enabled":"default","ast-page-background-meta":{"desktop":{"background-color":"var(--ast-global-color-4)","background-image":"","background-repeat":"repeat","background-position":"center center","background-size":"auto","background-attachment":"scroll","background-type":"","background-media":"","overlay-type":"","overlay-color":"","overlay-opacity":"","overlay-gradient":""},"tablet":{"background-color":"","background-image":"","background-repeat":"repeat","background-position":"center center","background-size":"auto","background-attachment":"scroll","background-type":"","background-media":"","overlay-type":"","overlay-color":"","overlay-opacity":"","overlay-gradient":""},"mobile":{"background-color":"","background-image":"","background-repeat":"repeat","background-position":"center center","background-size":"auto","background-attachment":"scroll","background-type":"","background-media":"","overlay-type":"","overlay-color":"","overlay-opacity":"","overlay-gradient":""}},"ast-content-background-meta":{"desktop":{"background-color":"var(--ast-global-color-5)","background-image":"","background-repeat":"repeat","background-position":"center center","background-size":"auto","background-attachment":"scroll","background-type":"","background-media":"","overlay-type":"","overlay-color":"","overlay-opacity":"","overlay-gradient":""},"tablet":{"background-color":"var(--ast-global-color-5)","background-image":"","background-repeat":"repeat","background-position":"center center","background-size":"auto","background-attachment":"scroll","background-type":"","background-media":"","overlay-type":"","overlay-color":"","overlay-opacity":"","overlay-gradient":""},"mobile":{"background-color":"var(--ast-global-color-5)","background-image":"","background-repeat":"repeat","background-position":"center center","background-size":"auto","background-attachment":"scroll","background-type":"","background-media":"","overlay-type":"","overlay-color":"","overlay-opacity":"","overlay-gradient":""}},"footnotes":""},"class_list":["post-1584","page","type-page","status-publish","hentry"],"post_mailing_queue_ids":[],"_links":{"self":[{"href":"https:\/\/agora.xtec.cat\/escolapaudelclos\/wp-json\/wp\/v2\/pages\/1584","targetHints":{"allow":["GET"]}}],"collection":[{"href":"https:\/\/agora.xtec.cat\/escolapaudelclos\/wp-json\/wp\/v2\/pages"}],"about":[{"href":"https:\/\/agora.xtec.cat\/escolapaudelclos\/wp-json\/wp\/v2\/types\/page"}],"author":[{"embeddable":true,"href":"https:\/\/agora.xtec.cat\/escolapaudelclos\/wp-json\/wp\/v2\/users\/1"}],"replies":[{"embeddable":true,"href":"https:\/\/agora.xtec.cat\/escolapaudelclos\/wp-json\/wp\/v2\/comments?post=1584"}],"version-history":[{"count":6,"href":"https:\/\/agora.xtec.cat\/escolapaudelclos\/wp-json\/wp\/v2\/pages\/1584\/revisions"}],"predecessor-version":[{"id":4072,"href":"https:\/\/agora.xtec.cat\/escolapaudelclos\/wp-json\/wp\/v2\/pages\/1584\/revisions\/4072"}],"wp:attachment":[{"href":"https:\/\/agora.xtec.cat\/escolapaudelclos\/wp-json\/wp\/v2\/media?parent=1584"}],"curies":[{"name":"wp","href":"https:\/\/api.w.org\/{rel}","templated":true}]}}