{"id":71,"date":"2014-09-18T12:44:56","date_gmt":"2014-09-18T11:44:56","guid":{"rendered":"http:\/\/agora.xtec.cat\/escolapauclaris\/?page_id=71"},"modified":"2022-02-16T10:57:55","modified_gmt":"2022-02-16T09:57:55","slug":"serveis-digitals","status":"publish","type":"page","link":"https:\/\/agora.xtec.cat\/escolapauclaris\/serveis\/serveis-digitals\/","title":{"rendered":"Sortides a l&#8217;entorn m\u00e9s proper"},"content":{"rendered":"<p style=\"text-align: justify;\">A l\u2019escola creiem que l\u2019aprenentatge ha de ser actiu, vivencial i engrescador. Donem molta import\u00e0ncia a les sortides i col\u00f2nies escolars (des de EI &#8211; 3 anys fins a sis\u00e8 de prim\u00e0ria).<\/p>\n<p style=\"text-align: justify;\">L\u2019objectiu d\u2019aquestes sortides, a m\u00e9s de con\u00e8ixer l\u2019entorn est\u00e0 sempre relacionat amb el treball de les compet\u00e8ncies i els projectes que es treballen durant el curs. La realitat que ens envolta ens proporciona els elements complementaris a la tasca educativa di\u00e0ria i moltes vegades \u00e9s el punt de partida de projectes comuns de cicle i\/o d\u2019escola.<\/p>\n<p style=\"text-align: justify;\">M\u00e9s a m\u00e9s, cada cicle, organitzar\u00e0 una sortida a la Comarca totalment gratu\u00efta.<\/p>\n<p style=\"text-align: justify;\">Aquesta sortida gratu\u00efta a l&#8217;educaci\u00f3 Infantil es fa a la neu, a l&#8217;Estaci\u00f3 d&#8217;Esqu\u00ed N\u00f2rdic de Sant Joan de l&#8217;Erm. Als altres cicles varia cada curs.<\/p>\n<p>M\u00e9s a m\u00e9s, a l&#8217;educaci\u00f3 infantil es fan sortides per la ciutat i en el seu entorn m\u00e9s proper, setmanalment.<\/p>\n","protected":false},"excerpt":{"rendered":"<p>A l\u2019escola creiem que l\u2019aprenentatge ha de ser actiu, vivencial i engrescador. Donem molta import\u00e0ncia a les sortides i col\u00f2nies escolars (des de EI &#8211; 3 anys fins a sis\u00e8 de prim\u00e0ria).<br \/>\nL\u2019objectiu d\u2019aquestes sortides, a m\u00e9s de con\u00e8ixer l\u2019entorn est\u00e0 sempre relacionat amb el treball&hellip;  <a href=\"https:\/\/agora.xtec.cat\/escolapauclaris\/serveis\/serveis-digitals\/\" title=\"Read Sortides a l&#8217;entorn m\u00e9s proper\">Llegeix m\u00e9s\u00bb<\/a><\/p>\n","protected":false},"author":1,"featured_media":0,"parent":66,"menu_order":10,"comment_status":"closed","ping_status":"closed","template":"page-templates\/side-menu.php","meta":{"_bbp_topic_count":0,"_bbp_reply_count":0,"_bbp_total_topic_count":0,"_bbp_total_reply_count":0,"_bbp_voice_count":0,"_bbp_anonymous_reply_count":0,"_bbp_topic_count_hidden":0,"_bbp_reply_count_hidden":0,"_bbp_forum_subforum_count":0,"footnotes":""},"class_list":["post-71","page","type-page","status-publish","hentry"],"post_mailing_queue_ids":[],"_links":{"self":[{"href":"https:\/\/agora.xtec.cat\/escolapauclaris\/wp-json\/wp\/v2\/pages\/71","targetHints":{"allow":["GET"]}}],"collection":[{"href":"https:\/\/agora.xtec.cat\/escolapauclaris\/wp-json\/wp\/v2\/pages"}],"about":[{"href":"https:\/\/agora.xtec.cat\/escolapauclaris\/wp-json\/wp\/v2\/types\/page"}],"author":[{"embeddable":true,"href":"https:\/\/agora.xtec.cat\/escolapauclaris\/wp-json\/wp\/v2\/users\/1"}],"replies":[{"embeddable":true,"href":"https:\/\/agora.xtec.cat\/escolapauclaris\/wp-json\/wp\/v2\/comments?post=71"}],"version-history":[{"count":4,"href":"https:\/\/agora.xtec.cat\/escolapauclaris\/wp-json\/wp\/v2\/pages\/71\/revisions"}],"predecessor-version":[{"id":2668,"href":"https:\/\/agora.xtec.cat\/escolapauclaris\/wp-json\/wp\/v2\/pages\/71\/revisions\/2668"}],"up":[{"embeddable":true,"href":"https:\/\/agora.xtec.cat\/escolapauclaris\/wp-json\/wp\/v2\/pages\/66"}],"wp:attachment":[{"href":"https:\/\/agora.xtec.cat\/escolapauclaris\/wp-json\/wp\/v2\/media?parent=71"}],"curies":[{"name":"wp","href":"https:\/\/api.w.org\/{rel}","templated":true}]}}