{"id":613,"date":"2018-02-20T10:52:09","date_gmt":"2018-02-20T09:52:09","guid":{"rendered":"http:\/\/agora.xtec.cat\/escolapauclaris\/?page_id=613"},"modified":"2023-02-23T15:50:36","modified_gmt":"2023-02-23T14:50:36","slug":"tallers","status":"publish","type":"page","link":"https:\/\/agora.xtec.cat\/escolapauclaris\/infants\/tallers\/","title":{"rendered":"Tallers"},"content":{"rendered":"<p style=\"text-align: justify;\">Constitueixen una oportunitat per treballar noves propostes de materials o d\u2019activitats.<br \/>\nEls tallers responen a demandes o necessitats detectades i es plantegen com a ACTIVITATS a trav\u00e9s de materials o accions m\u00e9s organitzades.<\/p>\n<p style=\"text-align: justify;\">Es treballaran SEMPRE des d\u2019un enfocament manipulatiu i experimental.<\/p>\n<p style=\"text-align: justify;\">Els tallers, canvien i s\u00f3n diferents cada curs, en funci\u00f3 de les caracter\u00edstiques, interessos i inquietuds dels grups. Alguns exemples de tallers:<\/p>\n<ul style=\"list-style-type: disc;\">\n<li style=\"text-align: justify;\">Taller de teatre<\/li>\n<li style=\"text-align: justify;\">Taller d&#8217;angl\u00e8s<\/li>\n<li style=\"text-align: justify;\">Taller de rob\u00f2tica<\/li>\n<li style=\"text-align: justify;\">Taller d&#8217;art<\/li>\n<li style=\"text-align: justify;\">Taller de mates i rialles<\/li>\n<li>Taller de lectoescriptura<\/li>\n<li>Taller escriptura creativa<\/li>\n<li>Taller d&#8217;emprenedoria<\/li>\n<li style=\"text-align: justify;\">Taller d\u2019experimentaci\u00f3 i elements naturals (experimentaci\u00f3 i formulaci\u00f3 d\u2019hip\u00f2tesis)<\/li>\n<li style=\"text-align: justify;\">Taller de programaci\u00f3 i pensament computacional<\/li>\n<\/ul>\n","protected":false},"excerpt":{"rendered":"<p>Constitueixen una oportunitat per treballar noves propostes de materials o d\u2019activitats.<br \/>\nEls tallers responen a demandes o necessitats detectades i es plantegen com a ACTIVITATS a trav\u00e9s de materials o accions m\u00e9s organitzades.<br \/>\nEs treballaran SEMPRE des d\u2019un enfocament manipulatiu i experimental.<br \/>\nEls tallers, canvien i s\u00f3n diferents&hellip;  <a href=\"https:\/\/agora.xtec.cat\/escolapauclaris\/infants\/tallers\/\" title=\"Read Tallers\">Llegeix m\u00e9s\u00bb<\/a><\/p>\n","protected":false},"author":1,"featured_media":0,"parent":590,"menu_order":6,"comment_status":"closed","ping_status":"closed","template":"page-templates\/side-menu.php","meta":{"_bbp_topic_count":0,"_bbp_reply_count":0,"_bbp_total_topic_count":0,"_bbp_total_reply_count":0,"_bbp_voice_count":0,"_bbp_anonymous_reply_count":0,"_bbp_topic_count_hidden":0,"_bbp_reply_count_hidden":0,"_bbp_forum_subforum_count":0,"footnotes":""},"class_list":["post-613","page","type-page","status-publish","hentry"],"post_mailing_queue_ids":[],"_links":{"self":[{"href":"https:\/\/agora.xtec.cat\/escolapauclaris\/wp-json\/wp\/v2\/pages\/613","targetHints":{"allow":["GET"]}}],"collection":[{"href":"https:\/\/agora.xtec.cat\/escolapauclaris\/wp-json\/wp\/v2\/pages"}],"about":[{"href":"https:\/\/agora.xtec.cat\/escolapauclaris\/wp-json\/wp\/v2\/types\/page"}],"author":[{"embeddable":true,"href":"https:\/\/agora.xtec.cat\/escolapauclaris\/wp-json\/wp\/v2\/users\/1"}],"replies":[{"embeddable":true,"href":"https:\/\/agora.xtec.cat\/escolapauclaris\/wp-json\/wp\/v2\/comments?post=613"}],"version-history":[{"count":3,"href":"https:\/\/agora.xtec.cat\/escolapauclaris\/wp-json\/wp\/v2\/pages\/613\/revisions"}],"predecessor-version":[{"id":3860,"href":"https:\/\/agora.xtec.cat\/escolapauclaris\/wp-json\/wp\/v2\/pages\/613\/revisions\/3860"}],"up":[{"embeddable":true,"href":"https:\/\/agora.xtec.cat\/escolapauclaris\/wp-json\/wp\/v2\/pages\/590"}],"wp:attachment":[{"href":"https:\/\/agora.xtec.cat\/escolapauclaris\/wp-json\/wp\/v2\/media?parent=613"}],"curies":[{"name":"wp","href":"https:\/\/api.w.org\/{rel}","templated":true}]}}