{"id":605,"date":"2018-02-20T10:49:52","date_gmt":"2018-02-20T09:49:52","guid":{"rendered":"http:\/\/agora.xtec.cat\/escolapauclaris\/?page_id=605"},"modified":"2018-03-12T12:59:39","modified_gmt":"2018-03-12T11:59:39","slug":"acompanyament-emocional","status":"publish","type":"page","link":"https:\/\/agora.xtec.cat\/escolapauclaris\/infants\/acompanyament-emocional\/","title":{"rendered":"Acompanyament emocional"},"content":{"rendered":"<p style=\"text-align: justify;\">A la nostra escola l\u2019acompanyament est\u00e0 basat en un sentiment d&#8217;amor, de cura, de respecte per a l\u2019infant i per la seva ess\u00e8ncia.<\/p>\n<p style=\"text-align: justify;\">Per acompanyar els nostres infants \u00e9s imprescindible ser i estar en l&#8217;aqu\u00ed i en l\u2019ara. El m\u00e9s present possible en una actitud d&#8217;obertura emocional en una actitud d\u2019escolta. Un adult \u201csuficientment present\u201d al seu costat per a ser escoltat, respectat i reconegut.<\/p>\n<p style=\"text-align: justify;\">Els infants viuen l&#8217;aqu\u00ed i l&#8217;ara de manera natural i espont\u00e0nia. Viuen en connexi\u00f3 directa amb els seus estats emocionals, amb el seu cos, amb el seu moviment, el seu plaer i el seu displaer. Si un infant ha estat respectat no perdr\u00e0 aquesta connexi\u00f3 innata amb les seves pr\u00f2pies necessitats vitals\u2026. I si ha estat escoltat i respectat tamb\u00e9 ser\u00e0 capa\u00e7 d&#8217;identificar com es sent a cada moment i podr\u00e0 resoldre els seus conflictes d\u2019una manera assertiva.<\/p>\n","protected":false},"excerpt":{"rendered":"<p>A la nostra escola l\u2019acompanyament est\u00e0 basat en un sentiment d&#8217;amor, de cura, de respecte per a l\u2019infant i per la seva ess\u00e8ncia.<br \/>\nPer acompanyar els nostres infants \u00e9s imprescindible ser i estar en l&#8217;aqu\u00ed i en l\u2019ara. El m\u00e9s present possible en una actitud d&#8217;obertura&hellip;  <a href=\"https:\/\/agora.xtec.cat\/escolapauclaris\/infants\/acompanyament-emocional\/\" title=\"Read Acompanyament emocional\">Llegeix m\u00e9s\u00bb<\/a><\/p>\n","protected":false},"author":1,"featured_media":0,"parent":590,"menu_order":2,"comment_status":"closed","ping_status":"closed","template":"page-templates\/side-menu.php","meta":{"_bbp_topic_count":0,"_bbp_reply_count":0,"_bbp_total_topic_count":0,"_bbp_total_reply_count":0,"_bbp_voice_count":0,"_bbp_anonymous_reply_count":0,"_bbp_topic_count_hidden":0,"_bbp_reply_count_hidden":0,"_bbp_forum_subforum_count":0,"footnotes":""},"class_list":["post-605","page","type-page","status-publish","hentry"],"post_mailing_queue_ids":[],"_links":{"self":[{"href":"https:\/\/agora.xtec.cat\/escolapauclaris\/wp-json\/wp\/v2\/pages\/605","targetHints":{"allow":["GET"]}}],"collection":[{"href":"https:\/\/agora.xtec.cat\/escolapauclaris\/wp-json\/wp\/v2\/pages"}],"about":[{"href":"https:\/\/agora.xtec.cat\/escolapauclaris\/wp-json\/wp\/v2\/types\/page"}],"author":[{"embeddable":true,"href":"https:\/\/agora.xtec.cat\/escolapauclaris\/wp-json\/wp\/v2\/users\/1"}],"replies":[{"embeddable":true,"href":"https:\/\/agora.xtec.cat\/escolapauclaris\/wp-json\/wp\/v2\/comments?post=605"}],"version-history":[{"count":2,"href":"https:\/\/agora.xtec.cat\/escolapauclaris\/wp-json\/wp\/v2\/pages\/605\/revisions"}],"predecessor-version":[{"id":1045,"href":"https:\/\/agora.xtec.cat\/escolapauclaris\/wp-json\/wp\/v2\/pages\/605\/revisions\/1045"}],"up":[{"embeddable":true,"href":"https:\/\/agora.xtec.cat\/escolapauclaris\/wp-json\/wp\/v2\/pages\/590"}],"wp:attachment":[{"href":"https:\/\/agora.xtec.cat\/escolapauclaris\/wp-json\/wp\/v2\/media?parent=605"}],"curies":[{"name":"wp","href":"https:\/\/api.w.org\/{rel}","templated":true}]}}