{"id":603,"date":"2018-02-20T10:49:32","date_gmt":"2018-02-20T09:49:32","guid":{"rendered":"http:\/\/agora.xtec.cat\/escolapauclaris\/?page_id=603"},"modified":"2018-03-12T12:58:57","modified_gmt":"2018-03-12T11:58:57","slug":"la-nostra-mirada-envers-linfant","status":"publish","type":"page","link":"https:\/\/agora.xtec.cat\/escolapauclaris\/infants\/la-nostra-mirada-envers-linfant\/","title":{"rendered":"La nostra mirada envers l&#8217;infant"},"content":{"rendered":"<p style=\"text-align: justify;\">L\u2019infant \u00e9s un \u00e9sser curi\u00f3s per naturalesa.<\/p>\n<p style=\"text-align: justify;\">L\u2019escola ha de ser un lloc on els nostres nens i nenes vulguin anar, un lloc on se sentin feli\u00e7os.<\/p>\n<p style=\"text-align: justify;\">Si ens fem nostres les idees de Loris Malaguzzi sobre el concepte d&#8217;infant, veiem l\u2019infant com una persona capa\u00e7, que t\u00e9 mil i un llenguatges, un infant amb moltes possibilitats, amb ganes d\u2019experimentar, de con\u00e8ixer, de cr\u00e9ixer, de sentir-se estimat, d\u2019estimar, de viure; un infant per naturalesa alegre, comunicatiu, expressiu, positiu, creatiu&#8230;<\/p>\n<p style=\"text-align: justify;\">Hem de ser capa\u00e7os d\u2019escoltar-los, observar-los, entendre\u2019ls. La nostra missi\u00f3 \u00e9s donar-los-hi eines per a ser adults feli\u00e7os, amb una vida plena.<\/p>\n","protected":false},"excerpt":{"rendered":"<p>L\u2019infant \u00e9s un \u00e9sser curi\u00f3s per naturalesa.<br \/>\nL\u2019escola ha de ser un lloc on els nostres nens i nenes vulguin anar, un lloc on se sentin feli\u00e7os.<br \/>\nSi ens fem nostres les idees de Loris Malaguzzi sobre el concepte d&#8217;infant, veiem l\u2019infant com una persona capa\u00e7, que&hellip;  <a href=\"https:\/\/agora.xtec.cat\/escolapauclaris\/infants\/la-nostra-mirada-envers-linfant\/\" title=\"Read La nostra mirada envers l&#8217;infant\">Llegeix m\u00e9s\u00bb<\/a><\/p>\n","protected":false},"author":1,"featured_media":0,"parent":590,"menu_order":1,"comment_status":"closed","ping_status":"closed","template":"page-templates\/side-menu.php","meta":{"_bbp_topic_count":0,"_bbp_reply_count":0,"_bbp_total_topic_count":0,"_bbp_total_reply_count":0,"_bbp_voice_count":0,"_bbp_anonymous_reply_count":0,"_bbp_topic_count_hidden":0,"_bbp_reply_count_hidden":0,"_bbp_forum_subforum_count":0,"footnotes":""},"class_list":["post-603","page","type-page","status-publish","hentry"],"post_mailing_queue_ids":[],"_links":{"self":[{"href":"https:\/\/agora.xtec.cat\/escolapauclaris\/wp-json\/wp\/v2\/pages\/603","targetHints":{"allow":["GET"]}}],"collection":[{"href":"https:\/\/agora.xtec.cat\/escolapauclaris\/wp-json\/wp\/v2\/pages"}],"about":[{"href":"https:\/\/agora.xtec.cat\/escolapauclaris\/wp-json\/wp\/v2\/types\/page"}],"author":[{"embeddable":true,"href":"https:\/\/agora.xtec.cat\/escolapauclaris\/wp-json\/wp\/v2\/users\/1"}],"replies":[{"embeddable":true,"href":"https:\/\/agora.xtec.cat\/escolapauclaris\/wp-json\/wp\/v2\/comments?post=603"}],"version-history":[{"count":3,"href":"https:\/\/agora.xtec.cat\/escolapauclaris\/wp-json\/wp\/v2\/pages\/603\/revisions"}],"predecessor-version":[{"id":1044,"href":"https:\/\/agora.xtec.cat\/escolapauclaris\/wp-json\/wp\/v2\/pages\/603\/revisions\/1044"}],"up":[{"embeddable":true,"href":"https:\/\/agora.xtec.cat\/escolapauclaris\/wp-json\/wp\/v2\/pages\/590"}],"wp:attachment":[{"href":"https:\/\/agora.xtec.cat\/escolapauclaris\/wp-json\/wp\/v2\/media?parent=603"}],"curies":[{"name":"wp","href":"https:\/\/api.w.org\/{rel}","templated":true}]}}