{"id":2669,"date":"2022-02-16T11:39:29","date_gmt":"2022-02-16T10:39:29","guid":{"rendered":"https:\/\/agora.xtec.cat\/escolapauclaris\/?page_id=2669"},"modified":"2023-02-23T10:42:08","modified_gmt":"2023-02-23T09:42:08","slug":"pla-tac","status":"publish","type":"page","link":"https:\/\/agora.xtec.cat\/escolapauclaris\/pla-tac\/","title":{"rendered":"Estrat\u00e8gia Digital de Centre"},"content":{"rendered":"<p dir=\"ltr\">El <a href=\"https:\/\/educacio.gencat.cat\/ca\/departament\/linies-estrategiques\/pla-educacio-digital\/\">Pla d&#8217;educaci\u00f3 digital de Catalunya 2020-2023<\/a> t\u00e9 per objectiu contribuir al desenvolupament de les compet\u00e8ncies digitals que els ciutadans i les ciutadanes necessiten per viure i treballar en una societat immersa en constants transformacions i canvis.<\/p>\n<p dir=\"ltr\">Per tal d&#8217;assolir aquest objectiu \u00e9s necessari assegurar la connectivitat dels centres educatius i proporcionar els equipaments necessaris a alumnes i docents. \u00c9s en aquesta l\u00ednia que el Pla recull com a objectiu espec\u00edfic:<\/p>\n<p dir=\"ltr\"><strong>Objectiu espec\u00edfic 1:<\/strong> Garantir que l&#8217;alumnat, els docents i els centres comptin amb les infraestructures i l&#8217;equipament digital necessari per assegurar el correcte desenvolupament de les activitats d&#8217;ensenyament i aprenentatge.<\/p>\n<p dir=\"ltr\">En el marc del Pla d&#8217;educaci\u00f3 digital de Catalunya, el Projecte d&#8217;acceleraci\u00f3 de la transformaci\u00f3 digital desplega les intervencions referides a connectivitats, equipaments d&#8217;alumnat i equipaments del professorat als centres que es comen\u00e7aran a executar a partir del mes de novembre. Aquest desplegament s&#8217;esglaonar\u00e0 al llarg dels tres cursos del pla.<\/p>\n<p dir=\"ltr\"><strong>QU\u00c8 \u00c9S L&#8217;EDC?<\/strong><\/p>\n<p dir=\"ltr\">\u00c9s el conjunt d&#8217;actuacions d&#8217;un centre que fan possible que docents, alumnat i centre assoleixin la compet\u00e8ncia digital.<\/p>\n<p dir=\"ltr\"><strong>Qui la duu a terme?<\/strong> Est\u00e0 liderada per l&#8217;equip de direcci\u00f3, s&#8217;elabora des de la Comissi\u00f3 Digital i s&#8217;implementa per a tot el professorat.<\/p>\n<p dir=\"ltr\"><strong>A qui afecta?<\/strong> Ens afecta a tothom: centre, docents, alumnat i fam\u00edlies.<\/p>\n<p><iframe loading=\"lazy\" title=\"Estrat\u00e8gia digital de centre\" width=\"500\" height=\"281\" src=\"https:\/\/www.youtube.com\/embed\/uS5UUZIYLPQ?feature=oembed\" frameborder=\"0\" allow=\"accelerometer; autoplay; clipboard-write; encrypted-media; gyroscope; picture-in-picture; web-share\" referrerpolicy=\"strict-origin-when-cross-origin\" allowfullscreen><\/iframe><\/p>\n<p>&nbsp;<\/p>\n<p>A continuaci\u00f3 podeu accedir al nostre google Site sobre l&#8217;Estrat\u00e8gia Digital de Centre on teniu recollit tota la informaci\u00f3:<\/p>\n<p><a href=\"https:\/\/sites.google.com\/xtec.cat\/escola-pau-claris\/pla-deducaci%C3%B3-digital-de-catalunya-2020-2023\/cultura-digital\">SITE_ESTRAT\u00c8GIA DIGITAL DE CENTRE<\/a><\/p>\n<p>&nbsp;<\/p>\n<p>&nbsp;<\/p>\n<p>&nbsp;<\/p>\n","protected":false},"excerpt":{"rendered":"<p>El <a href=\"https:\/\/educacio.gencat.cat\/ca\/departament\/linies-estrategiques\/pla-educacio-digital\/\">Pla d&#8217;educaci\u00f3 digital de Catalunya 2020-2023<\/a> t\u00e9 per objectiu contribuir al desenvolupament de les compet\u00e8ncies digitals que els ciutadans i les ciutadanes necessiten per viure i treballar en una societat immersa en constants transformacions i canvis.<br \/>\nPer tal d&#8217;assolir aquest objectiu \u00e9s necessari assegurar&hellip;  <a href=\"https:\/\/agora.xtec.cat\/escolapauclaris\/pla-tac\/\" title=\"Read Estrat\u00e8gia Digital de Centre\">Llegeix m\u00e9s\u00bb<\/a><\/p>\n","protected":false},"author":1,"featured_media":0,"parent":0,"menu_order":0,"comment_status":"closed","ping_status":"closed","template":"page-templates\/side-menu.php","meta":{"_bbp_topic_count":0,"_bbp_reply_count":0,"_bbp_total_topic_count":0,"_bbp_total_reply_count":0,"_bbp_voice_count":0,"_bbp_anonymous_reply_count":0,"_bbp_topic_count_hidden":0,"_bbp_reply_count_hidden":0,"_bbp_forum_subforum_count":0,"footnotes":""},"class_list":["post-2669","page","type-page","status-publish","hentry"],"post_mailing_queue_ids":[],"_links":{"self":[{"href":"https:\/\/agora.xtec.cat\/escolapauclaris\/wp-json\/wp\/v2\/pages\/2669","targetHints":{"allow":["GET"]}}],"collection":[{"href":"https:\/\/agora.xtec.cat\/escolapauclaris\/wp-json\/wp\/v2\/pages"}],"about":[{"href":"https:\/\/agora.xtec.cat\/escolapauclaris\/wp-json\/wp\/v2\/types\/page"}],"author":[{"embeddable":true,"href":"https:\/\/agora.xtec.cat\/escolapauclaris\/wp-json\/wp\/v2\/users\/1"}],"replies":[{"embeddable":true,"href":"https:\/\/agora.xtec.cat\/escolapauclaris\/wp-json\/wp\/v2\/comments?post=2669"}],"version-history":[{"count":3,"href":"https:\/\/agora.xtec.cat\/escolapauclaris\/wp-json\/wp\/v2\/pages\/2669\/revisions"}],"predecessor-version":[{"id":3823,"href":"https:\/\/agora.xtec.cat\/escolapauclaris\/wp-json\/wp\/v2\/pages\/2669\/revisions\/3823"}],"wp:attachment":[{"href":"https:\/\/agora.xtec.cat\/escolapauclaris\/wp-json\/wp\/v2\/media?parent=2669"}],"curies":[{"name":"wp","href":"https:\/\/api.w.org\/{rel}","templated":true}]}}