{"id":2465,"date":"2021-12-20T15:44:40","date_gmt":"2021-12-20T14:44:40","guid":{"rendered":"https:\/\/agora.xtec.cat\/escolapauclaris\/?page_id=2465"},"modified":"2022-04-29T09:52:36","modified_gmt":"2022-04-29T07:52:36","slug":"projecte-hort-i-mercat","status":"publish","type":"page","link":"https:\/\/agora.xtec.cat\/escolapauclaris\/atencio-a-la-diversitat\/projecte-hort-i-mercat\/","title":{"rendered":"Projecte Hort i Mercat"},"content":{"rendered":"<p><a href=\"https:\/\/agora.xtec.cat\/escolapauclaris\/wp-content\/uploads\/usu1794\/2021\/12\/20141013084921_000011.jpg\"><img loading=\"lazy\" decoding=\"async\" class=\"wp-image-2469 aligncenter\" src=\"https:\/\/agora.xtec.cat\/escolapauclaris\/wp-content\/uploads\/usu1794\/2021\/12\/20141013084921_000011.jpg\" alt=\"\" width=\"340\" height=\"278\" srcset=\"https:\/\/agora.xtec.cat\/escolapauclaris\/wp-content\/uploads\/usu1794\/2021\/12\/20141013084921_000011.jpg 750w, https:\/\/agora.xtec.cat\/escolapauclaris\/wp-content\/uploads\/usu1794\/2021\/12\/20141013084921_000011-300x245.jpg 300w\" sizes=\"auto, (max-width: 340px) 100vw, 340px\" \/><\/a><\/p>\n<p style=\"text-align: justify;\"><span style=\"font-weight: 400;\">Des del SIEI <\/span><span style=\"font-weight: 400;\">volem\u00a0 impulsar el treball de dos projectes multidisciplinars i paral\u00b7lels, dissenyats per alguns infants amb\u00a0 NEE de l\u2019escola. <\/span><\/p>\n<p style=\"text-align: justify;\"><span style=\"font-weight: 400;\">Aquests dos projectes estan pensats per\u00a0<\/span><span style=\"font-weight: 400;\">treballar molts aspectes acad\u00e8mics i curriculars d&#8217;una manera molt m\u00e9s din\u00e0mica i divertida, i a la vegada, seguir potenciant l&#8217;autonomia en la vida di\u00e0ria dels infants.<\/span><\/p>\n<p style=\"text-align: justify;\"><span style=\"font-weight: 400;\">La nostra finalitat \u00e9s que els infants esdevinguin protagonistes del seu propi proc\u00e9s d\u2019aprenentatge i que a trav\u00e9s de l\u2019experimentaci\u00f3 i la manipulaci\u00f3 aprenguin<\/span><span style=\"font-weight: 400;\"> a gestionar-se en moltes situacions i aspectes del seu voltant.\u00a0<\/span><\/p>\n<p style=\"text-align: justify;\"><span style=\"font-weight: 400;\">\u00c9s per aquest motiu que creiem que la dinamitzaci\u00f3 d&#8217;aquests dos projectes t\u00e9 grans potencialitats perqu\u00e8 l&#8217;infant, no nom\u00e9s vegi els resultats <em>in situ<\/em> sin\u00f3 que tamb\u00e9 davant de les dificultats que se li puguin presentar, pugui fer servir els conceptes curriculars per treballar en la seva resoluci\u00f3.\u00a0<\/span><\/p>\n<p style=\"text-align: justify;\">Els objectius que ens plantegem en la realitzaci\u00f3 d&#8217;aquests projectes s\u00f3n:<\/p>\n<ol style=\"text-align: justify;\">\n<li style=\"font-weight: 400;\" aria-level=\"1\"><span style=\"font-weight: 400;\">Potenciar l\u2019autonomia.<\/span><\/li>\n<li style=\"font-weight: 400;\" aria-level=\"1\"><span style=\"font-weight: 400;\">Distingir entre els diferents conceptes d\u2019espai \u2013 temps.<\/span><\/li>\n<li style=\"font-weight: 400;\" aria-level=\"1\"><span style=\"font-weight: 400;\">Identificar i recon\u00e8ixer fruites i verdures del nostre entorn.\u00a0<\/span><\/li>\n<li style=\"font-weight: 400;\" aria-level=\"1\"><span style=\"font-weight: 400;\">Saber utilitzar els diferents materials per a la consecuci\u00f3 de la seva autonomia.<\/span><\/li>\n<\/ol>\n<p style=\"text-align: justify;\">A m\u00e9s a m\u00e9s com a objectius espec\u00edfics:<\/p>\n<p><b>HORT<\/b><\/p>\n<ol>\n<li style=\"font-weight: 400;\" aria-level=\"1\"><span style=\"font-weight: 400;\">Seq\u00fcenciar les diferents estacions de l\u2019any.<\/span><\/li>\n<li style=\"font-weight: 400;\" aria-level=\"1\"><span style=\"font-weight: 400;\">Identificar les diferents fruites i verdures que hi ha a l\u2019hort.<\/span><\/li>\n<li style=\"font-weight: 400;\" aria-level=\"1\"><span style=\"font-weight: 400;\">Classificar les fruites i verdures segons les estacions de l\u2019any.\u00a0<\/span><\/li>\n<li style=\"font-weight: 400;\" aria-level=\"1\"><span style=\"font-weight: 400;\">Potenciar l\u2019autonomia en les activitats relacionades a l\u2019hort.\u00a0<\/span><\/li>\n<li style=\"font-weight: 400;\" aria-level=\"1\"><span style=\"font-weight: 400;\">Emprar correctament les eines per a la gesti\u00f3 de l\u2019hort.\u00a0<\/span><\/li>\n<li style=\"font-weight: 400;\" aria-level=\"1\"><span style=\"font-weight: 400;\">Seq\u00fcenciar el proc\u00e9s de vida de les plantes segons l\u2019estaci\u00f3.<\/span><\/li>\n<\/ol>\n<p><b>MERCAT<\/b><\/p>\n<ol>\n<li style=\"font-weight: 400;\" aria-level=\"1\"><span style=\"font-weight: 400;\">Potenciar l\u2019autonomia amb activitats b\u00e0siques de la vida quotidiana.\u00a0<\/span><\/li>\n<li style=\"font-weight: 400;\" aria-level=\"1\"><span style=\"font-weight: 400;\">Iniciar-se en la utilitzaci\u00f3 dels euros.\u00a0<\/span><\/li>\n<li style=\"font-weight: 400;\" aria-level=\"1\"><span style=\"font-weight: 400;\">Diferenciar entre moneda i bitllet.\u00a0<\/span><\/li>\n<li style=\"font-weight: 400;\" aria-level=\"1\"><span style=\"font-weight: 400;\">Treballar aspectes de comunicaci\u00f3 oral i di\u00e0leg.\u00a0<\/span><\/li>\n<li style=\"font-weight: 400;\" aria-level=\"1\"><span style=\"font-weight: 400;\">Practicar la lectoescriptura mitjan\u00e7ant l\u2019elaboraci\u00f3 de llistats, receptes&#8230;<\/span><\/li>\n<li style=\"font-weight: 400;\" aria-level=\"1\"><span style=\"font-weight: 400;\">Prendre consci\u00e8ncia de l\u2019espai- temps.<\/span><\/li>\n<li style=\"font-weight: 400;\" aria-level=\"1\"><span style=\"font-weight: 400;\">Adquirir compet\u00e8ncies per a la resoluci\u00f3 de conflictes.<\/span><\/li>\n<li style=\"font-weight: 400;\" aria-level=\"1\"><span style=\"font-weight: 400;\">Identificar els diferents productes que hi ha al mercat.<\/span><\/li>\n<\/ol>\n<p>&nbsp;<\/p>\n<p>Per anar seguint les diferents activitats i\/o sortides que anem fent, cliqueu als seg\u00fcents enlla\u00e7os:<\/p>\n<p><a href=\"https:\/\/agora.xtec.cat\/escolapauclaris\/general\/cuidem-el-nostre-hort\/\">Cuidem el nostre Hort<\/a><\/p>\n<p><a href=\"https:\/\/agora.xtec.cat\/escolapauclaris\/general\/un-dia-mes-en-les-aventures-del-mercat\/\">Un dia m\u00e9s en les aventures del Mercat<\/a><\/p>\n<p><a href=\"https:\/\/agora.xtec.cat\/escolapauclaris\/general\/comprem-al-mercat\/\">Comprem al mercat<\/a><\/p>\n<p><a href=\"https:\/\/agora.xtec.cat\/escolapauclaris\/general\/anem-al-mercat\/\">Anem al mercat!<\/a><\/p>\n<p><a href=\"https:\/\/agora.xtec.cat\/escolapauclaris\/general\/descobrim-les-parades-i-botigues-del-mercat\/\">Descobrim les parades i botigues del Mercat<\/a><\/p>\n<p><a href=\"https:\/\/agora.xtec.cat\/escolapauclaris\/general\/plantem-els-alls\/\">Plantem els alls!<\/a><\/p>\n<p><a href=\"https:\/\/agora.xtec.cat\/escolapauclaris\/general\/fem-lentrepa\/\">Fem l\u2019entrep\u00e0!<\/a><\/p>\n<p><a href=\"https:\/\/agora.xtec.cat\/escolapauclaris\/general\/fem-suc-de-taronja\/\">Fem suc de taronja<\/a><\/p>\n<p><a href=\"https:\/\/agora.xtec.cat\/escolapauclaris\/general\/fem-macedonia\/\">Fem maced\u00f2nia<\/a><\/p>\n","protected":false},"excerpt":{"rendered":"<p><a href=\"https:\/\/agora.xtec.cat\/escolapauclaris\/wp-content\/uploads\/usu1794\/2021\/12\/20141013084921_000011.jpg\"><\/a><br \/>\nDes del SIEI volem\u00a0 impulsar el treball de dos projectes multidisciplinars i paral\u00b7lels, dissenyats per alguns infants amb\u00a0 NEE de l\u2019escola.<br \/>\nAquests dos projectes estan pensats per\u00a0treballar molts aspectes acad\u00e8mics i curriculars d&#8217;una manera molt m\u00e9s din\u00e0mica i divertida, i a la vegada, seguir&hellip;  <a href=\"https:\/\/agora.xtec.cat\/escolapauclaris\/atencio-a-la-diversitat\/projecte-hort-i-mercat\/\" title=\"Read Projecte Hort i Mercat\">Llegeix m\u00e9s\u00bb<\/a><\/p>\n","protected":false},"author":1,"featured_media":0,"parent":2377,"menu_order":0,"comment_status":"closed","ping_status":"closed","template":"page-templates\/side-menu.php","meta":{"_bbp_topic_count":0,"_bbp_reply_count":0,"_bbp_total_topic_count":0,"_bbp_total_reply_count":0,"_bbp_voice_count":0,"_bbp_anonymous_reply_count":0,"_bbp_topic_count_hidden":0,"_bbp_reply_count_hidden":0,"_bbp_forum_subforum_count":0,"footnotes":""},"class_list":["post-2465","page","type-page","status-publish","hentry"],"post_mailing_queue_ids":[],"_links":{"self":[{"href":"https:\/\/agora.xtec.cat\/escolapauclaris\/wp-json\/wp\/v2\/pages\/2465","targetHints":{"allow":["GET"]}}],"collection":[{"href":"https:\/\/agora.xtec.cat\/escolapauclaris\/wp-json\/wp\/v2\/pages"}],"about":[{"href":"https:\/\/agora.xtec.cat\/escolapauclaris\/wp-json\/wp\/v2\/types\/page"}],"author":[{"embeddable":true,"href":"https:\/\/agora.xtec.cat\/escolapauclaris\/wp-json\/wp\/v2\/users\/1"}],"replies":[{"embeddable":true,"href":"https:\/\/agora.xtec.cat\/escolapauclaris\/wp-json\/wp\/v2\/comments?post=2465"}],"version-history":[{"count":4,"href":"https:\/\/agora.xtec.cat\/escolapauclaris\/wp-json\/wp\/v2\/pages\/2465\/revisions"}],"predecessor-version":[{"id":3017,"href":"https:\/\/agora.xtec.cat\/escolapauclaris\/wp-json\/wp\/v2\/pages\/2465\/revisions\/3017"}],"up":[{"embeddable":true,"href":"https:\/\/agora.xtec.cat\/escolapauclaris\/wp-json\/wp\/v2\/pages\/2377"}],"wp:attachment":[{"href":"https:\/\/agora.xtec.cat\/escolapauclaris\/wp-json\/wp\/v2\/media?parent=2465"}],"curies":[{"name":"wp","href":"https:\/\/api.w.org\/{rel}","templated":true}]}}