{"id":2387,"date":"2021-12-13T16:23:42","date_gmt":"2021-12-13T15:23:42","guid":{"rendered":"https:\/\/agora.xtec.cat\/escolapauclaris\/?page_id=2387"},"modified":"2023-02-03T16:20:16","modified_gmt":"2023-02-03T15:20:16","slug":"pla-dinclusio-2","status":"publish","type":"page","link":"https:\/\/agora.xtec.cat\/escolapauclaris\/atencio-a-la-diversitat\/pla-dinclusio-2\/","title":{"rendered":"Pla d&#8217;inclusi\u00f3"},"content":{"rendered":"<p style=\"text-align: justify;\"><span style=\"font-weight: 400;\">La <\/span><b>finalitat<\/b><span style=\"font-weight: 400;\"> d&#8217;aquest pla \u00e9s esdevenir el marc des del qual es pret\u00e9n donar resposta a la diversitat de tot l\u2019alumnat de la nostra escola i, especialment, als alumnes que presenten Necessitats Espec\u00edfiques de Suport Educatiu. Tamb\u00e9 pret\u00e9n ser un instrument \u00fatil per a la planificaci\u00f3 de les mesures i suports atenent a la diversitat. Per aquest motiu, ens centrem en elaborar pautes de treball consensuades, revisables i efectives, establint procediments, protocols d\u2019actuaci\u00f3 i directrius de treball i optimitzant els recursos.\u00a0<\/span><\/p>\n<p style=\"text-align: justify;\">Els objectius s\u00f3n:<\/p>\n<ol>\n<li style=\"font-weight: 400;\" aria-level=\"1\"><span style=\"font-weight: 400;\">Garantir el desenvolupament m\u00e0xim de les potencialitats de tot el nostre alumnat.\u00a0<\/span><\/li>\n<li style=\"font-weight: 400;\" aria-level=\"1\"><span style=\"font-weight: 400;\">Desenvolupar mesures i suports de diferents intensitats que permetin flexibilitzar el context d\u2019aprenentatge.<\/span><\/li>\n<li style=\"font-weight: 400;\" aria-level=\"1\"><span style=\"font-weight: 400;\">Oferir als alumnes propostes diversificades i personalitzades.<\/span><\/li>\n<li style=\"font-weight: 400;\" aria-level=\"1\"><span style=\"font-weight: 400;\">Treballar de manera interdisciplinar en xarxa.\u00a0<\/span><\/li>\n<li style=\"font-weight: 400;\" aria-level=\"1\"><span style=\"font-weight: 400;\">Vetllar per la inclusi\u00f3 i la comunitat educativa.<\/span><\/li>\n<li style=\"font-weight: 400;\" aria-level=\"1\"><span style=\"font-weight: 400;\">Fer seguiment i acompanyament de la resposta educativa del centre.<\/span><\/li>\n<\/ol>\n<p>&#8220;La educaci\u00f3 no canvia el m\u00f3n: canvia a les persones que canviaran el m\u00f3n&#8221;<\/p>\n","protected":false},"excerpt":{"rendered":"<p>La finalitat d&#8217;aquest pla \u00e9s esdevenir el marc des del qual es pret\u00e9n donar resposta a la diversitat de tot l\u2019alumnat de la nostra escola i, especialment, als alumnes que presenten Necessitats Espec\u00edfiques de Suport Educatiu. Tamb\u00e9 pret\u00e9n ser un instrument \u00fatil per a la&hellip;  <a href=\"https:\/\/agora.xtec.cat\/escolapauclaris\/atencio-a-la-diversitat\/pla-dinclusio-2\/\" title=\"Read Pla d&#8217;inclusi\u00f3\">Llegeix m\u00e9s\u00bb<\/a><\/p>\n","protected":false},"author":1,"featured_media":0,"parent":2377,"menu_order":0,"comment_status":"closed","ping_status":"closed","template":"page-templates\/side-menu.php","meta":{"_bbp_topic_count":0,"_bbp_reply_count":0,"_bbp_total_topic_count":0,"_bbp_total_reply_count":0,"_bbp_voice_count":0,"_bbp_anonymous_reply_count":0,"_bbp_topic_count_hidden":0,"_bbp_reply_count_hidden":0,"_bbp_forum_subforum_count":0,"footnotes":""},"class_list":["post-2387","page","type-page","status-publish","hentry"],"post_mailing_queue_ids":[],"_links":{"self":[{"href":"https:\/\/agora.xtec.cat\/escolapauclaris\/wp-json\/wp\/v2\/pages\/2387","targetHints":{"allow":["GET"]}}],"collection":[{"href":"https:\/\/agora.xtec.cat\/escolapauclaris\/wp-json\/wp\/v2\/pages"}],"about":[{"href":"https:\/\/agora.xtec.cat\/escolapauclaris\/wp-json\/wp\/v2\/types\/page"}],"author":[{"embeddable":true,"href":"https:\/\/agora.xtec.cat\/escolapauclaris\/wp-json\/wp\/v2\/users\/1"}],"replies":[{"embeddable":true,"href":"https:\/\/agora.xtec.cat\/escolapauclaris\/wp-json\/wp\/v2\/comments?post=2387"}],"version-history":[{"count":4,"href":"https:\/\/agora.xtec.cat\/escolapauclaris\/wp-json\/wp\/v2\/pages\/2387\/revisions"}],"predecessor-version":[{"id":2471,"href":"https:\/\/agora.xtec.cat\/escolapauclaris\/wp-json\/wp\/v2\/pages\/2387\/revisions\/2471"}],"up":[{"embeddable":true,"href":"https:\/\/agora.xtec.cat\/escolapauclaris\/wp-json\/wp\/v2\/pages\/2377"}],"wp:attachment":[{"href":"https:\/\/agora.xtec.cat\/escolapauclaris\/wp-json\/wp\/v2\/media?parent=2387"}],"curies":[{"name":"wp","href":"https:\/\/api.w.org\/{rel}","templated":true}]}}