{"id":2382,"date":"2021-12-13T16:21:51","date_gmt":"2021-12-13T15:21:51","guid":{"rendered":"https:\/\/agora.xtec.cat\/escolapauclaris\/?page_id=2382"},"modified":"2021-12-17T16:26:19","modified_gmt":"2021-12-17T15:26:19","slug":"eap","status":"publish","type":"page","link":"https:\/\/agora.xtec.cat\/escolapauclaris\/atencio-a-la-diversitat\/eap\/","title":{"rendered":"EAP"},"content":{"rendered":"<p style=\"text-align: justify;\">L&#8217;equip psicopedag\u00f2gic, esta format per la Sandra que \u00e9s la psicopedagoga de l&#8217;escola i la S\u00edlvia que \u00e9s la treballadora social. Tamb\u00e9 disposem d&#8217;assessorament per part de la fisioterapeuta de l&#8217;EAP, la Bet.<br \/>\nD&#8217;altra banda, comptem amb la intervenci\u00f3 del CREDA, amb la Cristina, la nostra logopeda.<\/p>\n<p style=\"text-align: justify;\">\n","protected":false},"excerpt":{"rendered":"<p>L&#8217;equip psicopedag\u00f2gic, esta format per la Sandra que \u00e9s la psicopedagoga de l&#8217;escola i la S\u00edlvia que \u00e9s la treballadora social. Tamb\u00e9 disposem d&#8217;assessorament per part de la fisioterapeuta de l&#8217;EAP, la Bet.<br \/>\nD&#8217;altra banda, comptem amb la intervenci\u00f3 del CREDA, amb la Cristina, la nostra&hellip;  <a href=\"https:\/\/agora.xtec.cat\/escolapauclaris\/atencio-a-la-diversitat\/eap\/\" title=\"Read EAP\">Llegeix m\u00e9s\u00bb<\/a><\/p>\n","protected":false},"author":1,"featured_media":0,"parent":2377,"menu_order":0,"comment_status":"closed","ping_status":"closed","template":"page-templates\/side-menu.php","meta":{"_bbp_topic_count":0,"_bbp_reply_count":0,"_bbp_total_topic_count":0,"_bbp_total_reply_count":0,"_bbp_voice_count":0,"_bbp_anonymous_reply_count":0,"_bbp_topic_count_hidden":0,"_bbp_reply_count_hidden":0,"_bbp_forum_subforum_count":0,"footnotes":""},"class_list":["post-2382","page","type-page","status-publish","hentry"],"post_mailing_queue_ids":[],"_links":{"self":[{"href":"https:\/\/agora.xtec.cat\/escolapauclaris\/wp-json\/wp\/v2\/pages\/2382","targetHints":{"allow":["GET"]}}],"collection":[{"href":"https:\/\/agora.xtec.cat\/escolapauclaris\/wp-json\/wp\/v2\/pages"}],"about":[{"href":"https:\/\/agora.xtec.cat\/escolapauclaris\/wp-json\/wp\/v2\/types\/page"}],"author":[{"embeddable":true,"href":"https:\/\/agora.xtec.cat\/escolapauclaris\/wp-json\/wp\/v2\/users\/1"}],"replies":[{"embeddable":true,"href":"https:\/\/agora.xtec.cat\/escolapauclaris\/wp-json\/wp\/v2\/comments?post=2382"}],"version-history":[{"count":2,"href":"https:\/\/agora.xtec.cat\/escolapauclaris\/wp-json\/wp\/v2\/pages\/2382\/revisions"}],"predecessor-version":[{"id":2417,"href":"https:\/\/agora.xtec.cat\/escolapauclaris\/wp-json\/wp\/v2\/pages\/2382\/revisions\/2417"}],"up":[{"embeddable":true,"href":"https:\/\/agora.xtec.cat\/escolapauclaris\/wp-json\/wp\/v2\/pages\/2377"}],"wp:attachment":[{"href":"https:\/\/agora.xtec.cat\/escolapauclaris\/wp-json\/wp\/v2\/media?parent=2382"}],"curies":[{"name":"wp","href":"https:\/\/api.w.org\/{rel}","templated":true}]}}