{"id":2379,"date":"2021-12-13T16:21:08","date_gmt":"2021-12-13T15:21:08","guid":{"rendered":"https:\/\/agora.xtec.cat\/escolapauclaris\/?page_id=2379"},"modified":"2022-06-28T13:57:57","modified_gmt":"2022-06-28T11:57:57","slug":"pla-dinclusio","status":"publish","type":"page","link":"https:\/\/agora.xtec.cat\/escolapauclaris\/atencio-a-la-diversitat\/pla-dinclusio\/","title":{"rendered":"SIEI (Suport Intensiu d&#8217;Escolaritzaci\u00f3 Inclusiva)"},"content":{"rendered":"<p style=\"text-align: justify;\">La nostra escola disposa d\u2019un projecte educatiu de centre que fomenta i garanteix una atenci\u00f3 educativa inclusiva i de qualitat per a tot l\u2019alumnat.<\/p>\n<p style=\"text-align: justify;\">L\u2019acci\u00f3 educativa es fonamenta en el reconeixement i en la valoraci\u00f3 de les diferents caracter\u00edstiques i necessitats d\u2019aprenentatge i socialitzaci\u00f3 dels i les alumnes, mantenint en tot moment altes expectatives d\u2019\u00e8xit per a tots ells i elles.<\/p>\n<p style=\"text-align: justify;\">Dissenyem entorns d\u2019aprenentatge flexibles i oberts perqu\u00e8 entenem que els infants presenten moltes difer\u00e8ncies en les seves motivacions, interessos, capacitats, aptituds i ritmes d\u2019aprenentatges. En aquest sentit, personalitzar l\u2019aprenentatge oferint\u00a0 m\u00faltiples maneres de presentar la informaci\u00f3 i de comprendre i expressar el coneixement.<\/p>\n<p style=\"text-align: justify;\">Prioritzem el fet d\u2019actuar de manera proactiva i preventiva i intentem fer una detecci\u00f3 preco\u00e7 de les necessitats dels i les alumnes per tal de poder-hi intervenir amb la m\u00e0xima celeritat possible.<\/p>\n<p style=\"text-align: justify;\">Per tal de continuar avan\u00e7ant cap a un model de sistema educatiu inclusiu, creiem que s\u2019ha d\u2019impulsar, incorporar i visibilitzar el treball per a la coeducaci\u00f3 i la perspectiva de g\u00e8nere. Fomentant l\u2019educaci\u00f3 afectiva i sexual basada en els principis dels drets humans per tal de contribuir a la millora social.<\/p>\n<p style=\"text-align: justify;\">Per a dur-ho a terme tenim molt en compte la promoci\u00f3 de la coeducaci\u00f3 en les diferents etapes educatives plantejant diverses activitats per treballar la igualtat de g\u00e8nere, interrelacions personals, cura dels altres i el respecte tenint en compte la diversitat sexual i afectiva, la identitat de g\u00e8nere i els diferents models de fam\u00edlia que conformen la nostra comunitat educativa.<\/p>\n<p style=\"text-align: justify;\">Vetllem perqu\u00e8 els i les professionals del centre puguin detectar actituds de rebuig o discriminaci\u00f3 (des d\u2019una actitud de toler\u00e0ncia zero), treballant-los des del respecte, el di\u00e0leg i la comprensi\u00f3.<\/p>\n<p style=\"text-align: justify;\">Aquest curs 2021 &#8211; 2022 hem iniciat dos projectes des del SIEI de l&#8217;escola. Aquests els podeu trobar detallats en el seg\u00fcent enlla\u00e7:<\/p>\n<p><a href=\"https:\/\/agora.xtec.cat\/escolapauclaris\/atencio-a-la-diversitat\/pla-dinclusio\/projecte-hort-i-mercat\/\">Projecte Hort i Mercat<\/a><\/p>\n<p><a href=\"https:\/\/agora.xtec.cat\/escolapauclaris\/general\/tea-accessible\/\">TEA Accessible<\/a><\/p>\n<p>&nbsp;<\/p>\n<p>&nbsp;<\/p>\n","protected":false},"excerpt":{"rendered":"<p>La nostra escola disposa d\u2019un projecte educatiu de centre que fomenta i garanteix una atenci\u00f3 educativa inclusiva i de qualitat per a tot l\u2019alumnat.<br \/>\nL\u2019acci\u00f3 educativa es fonamenta en el reconeixement i en la valoraci\u00f3 de les diferents caracter\u00edstiques i necessitats d\u2019aprenentatge i socialitzaci\u00f3 dels i&hellip;  <a href=\"https:\/\/agora.xtec.cat\/escolapauclaris\/atencio-a-la-diversitat\/pla-dinclusio\/\" title=\"Read SIEI (Suport Intensiu d&#8217;Escolaritzaci\u00f3 Inclusiva)\">Llegeix m\u00e9s\u00bb<\/a><\/p>\n","protected":false},"author":1,"featured_media":0,"parent":2377,"menu_order":0,"comment_status":"closed","ping_status":"closed","template":"page-templates\/side-menu.php","meta":{"_bbp_topic_count":0,"_bbp_reply_count":0,"_bbp_total_topic_count":0,"_bbp_total_reply_count":0,"_bbp_voice_count":0,"_bbp_anonymous_reply_count":0,"_bbp_topic_count_hidden":0,"_bbp_reply_count_hidden":0,"_bbp_forum_subforum_count":0,"footnotes":""},"class_list":["post-2379","page","type-page","status-publish","hentry"],"post_mailing_queue_ids":[],"_links":{"self":[{"href":"https:\/\/agora.xtec.cat\/escolapauclaris\/wp-json\/wp\/v2\/pages\/2379","targetHints":{"allow":["GET"]}}],"collection":[{"href":"https:\/\/agora.xtec.cat\/escolapauclaris\/wp-json\/wp\/v2\/pages"}],"about":[{"href":"https:\/\/agora.xtec.cat\/escolapauclaris\/wp-json\/wp\/v2\/types\/page"}],"author":[{"embeddable":true,"href":"https:\/\/agora.xtec.cat\/escolapauclaris\/wp-json\/wp\/v2\/users\/1"}],"replies":[{"embeddable":true,"href":"https:\/\/agora.xtec.cat\/escolapauclaris\/wp-json\/wp\/v2\/comments?post=2379"}],"version-history":[{"count":3,"href":"https:\/\/agora.xtec.cat\/escolapauclaris\/wp-json\/wp\/v2\/pages\/2379\/revisions"}],"predecessor-version":[{"id":3282,"href":"https:\/\/agora.xtec.cat\/escolapauclaris\/wp-json\/wp\/v2\/pages\/2379\/revisions\/3282"}],"up":[{"embeddable":true,"href":"https:\/\/agora.xtec.cat\/escolapauclaris\/wp-json\/wp\/v2\/pages\/2377"}],"wp:attachment":[{"href":"https:\/\/agora.xtec.cat\/escolapauclaris\/wp-json\/wp\/v2\/media?parent=2379"}],"curies":[{"name":"wp","href":"https:\/\/api.w.org\/{rel}","templated":true}]}}