{"id":2341,"date":"2021-12-13T16:03:19","date_gmt":"2021-12-13T15:03:19","guid":{"rendered":"https:\/\/agora.xtec.cat\/escolapauclaris\/?page_id=2341"},"modified":"2024-10-04T14:30:57","modified_gmt":"2024-10-04T12:30:57","slug":"com-som","status":"publish","type":"page","link":"https:\/\/agora.xtec.cat\/escolapauclaris\/lescola\/com-som\/","title":{"rendered":"COM SOM?"},"content":{"rendered":"<p><strong>QUINA \u00c9S LA NOSTRA MISSI\u00d3?<\/strong><\/p>\n<p>Som una escola p\u00fablica, oberta, laica, inclusiva, participativa, vinculada al medi i respectuosa amb els ritmes i processos del infants. Una escola que d\u00f3na a l\u2019educaci\u00f3 una funci\u00f3 social dirigida al desenvolupament integral de les persones per assolir una vida plena i a l\u2019adquisici\u00f3 de compet\u00e8ncies necess\u00e0ries per a desenvolupar-se en un m\u00f3n canviant, complex, dins d\u2019un marc que potenci\u00ef l\u2019autoaprenentatge i el gust d\u2019aprendre a aprendre, aprendre a con\u00e8ixer, a fer, a conviure i a ser.<\/p>\n<p><strong>QUINA \u00c9S LA NOSTRA VISI\u00d3?<\/strong><\/p>\n<p>Volem aconseguir l\u2019atenci\u00f3 inclusiva de la diversitat, l\u2019obertura de l\u2019escola a les fam\u00edlies i la formaci\u00f3 de la comunitat educativa que acompanyi els processos d\u2019innovaci\u00f3 i de canvi del centre, basats en una metodologia de treball viva i activa que vetlli per les singularitats dels infants i desenvolupi les seves intel\u00b7lig\u00e8ncies i potencialitats.<\/p>\n<p><strong>QUINS S\u00d3N ELS NOSTRES VALORS?<\/strong><\/p>\n<p>Som una escola centrada en les persones, en la integraci\u00f3 de les compet\u00e8ncies i capacitats per a la vida. Una escola que genera contextos personals i comunitaris rics i complexes, basats en les idees dels nostres infants com a base de l\u2019aprenentatge. Una escola centrada en la comunicaci\u00f3, que s\u2019interessa pel respecte, la millora i pertany a la comunitat.<\/p>\n<p>Valors fonamentals:<\/p>\n<p>\u2022 El comprom\u00eds, la revisi\u00f3 i la millora cont\u00ednua<br \/>\n\u2022 L\u2019adaptaci\u00f3 al canvi i a les tecnologies<br \/>\n\u2022 La conviv\u00e8ncia com a oportunitat i una mirada respectuosa envers la inf\u00e0ncia<br \/>\n\u2022 La utilitzaci\u00f3 \u00f2ptima dels recursos i del medi<br \/>\n\u2022 La implicaci\u00f3, participaci\u00f3 i respecte de tota la Comunitat Educativa<br \/>\n\u2022 Les actuacions de comprom\u00eds social.<\/p>\n","protected":false},"excerpt":{"rendered":"<p>QUINA \u00c9S LA NOSTRA MISSI\u00d3?<br \/>\nSom una escola p\u00fablica, oberta, laica, inclusiva, participativa, vinculada al medi i respectuosa amb els ritmes i processos del infants. Una escola que d\u00f3na a l\u2019educaci\u00f3 una funci\u00f3 social dirigida al desenvolupament integral de les persones per assolir una vida plena&hellip;  <a href=\"https:\/\/agora.xtec.cat\/escolapauclaris\/lescola\/com-som\/\" title=\"Read COM SOM?\">Llegeix m\u00e9s\u00bb<\/a><\/p>\n","protected":false},"author":1,"featured_media":0,"parent":22,"menu_order":0,"comment_status":"closed","ping_status":"closed","template":"page-templates\/side-menu.php","meta":{"_bbp_topic_count":0,"_bbp_reply_count":0,"_bbp_total_topic_count":0,"_bbp_total_reply_count":0,"_bbp_voice_count":0,"_bbp_anonymous_reply_count":0,"_bbp_topic_count_hidden":0,"_bbp_reply_count_hidden":0,"_bbp_forum_subforum_count":0,"footnotes":""},"class_list":["post-2341","page","type-page","status-publish","hentry"],"post_mailing_queue_ids":[],"_links":{"self":[{"href":"https:\/\/agora.xtec.cat\/escolapauclaris\/wp-json\/wp\/v2\/pages\/2341","targetHints":{"allow":["GET"]}}],"collection":[{"href":"https:\/\/agora.xtec.cat\/escolapauclaris\/wp-json\/wp\/v2\/pages"}],"about":[{"href":"https:\/\/agora.xtec.cat\/escolapauclaris\/wp-json\/wp\/v2\/types\/page"}],"author":[{"embeddable":true,"href":"https:\/\/agora.xtec.cat\/escolapauclaris\/wp-json\/wp\/v2\/users\/1"}],"replies":[{"embeddable":true,"href":"https:\/\/agora.xtec.cat\/escolapauclaris\/wp-json\/wp\/v2\/comments?post=2341"}],"version-history":[{"count":4,"href":"https:\/\/agora.xtec.cat\/escolapauclaris\/wp-json\/wp\/v2\/pages\/2341\/revisions"}],"predecessor-version":[{"id":5092,"href":"https:\/\/agora.xtec.cat\/escolapauclaris\/wp-json\/wp\/v2\/pages\/2341\/revisions\/5092"}],"up":[{"embeddable":true,"href":"https:\/\/agora.xtec.cat\/escolapauclaris\/wp-json\/wp\/v2\/pages\/22"}],"wp:attachment":[{"href":"https:\/\/agora.xtec.cat\/escolapauclaris\/wp-json\/wp\/v2\/media?parent=2341"}],"curies":[{"name":"wp","href":"https:\/\/api.w.org\/{rel}","templated":true}]}}