{"id":2338,"date":"2021-12-13T16:01:10","date_gmt":"2021-12-13T15:01:10","guid":{"rendered":"https:\/\/agora.xtec.cat\/escolapauclaris\/?page_id=2338"},"modified":"2026-01-12T09:57:21","modified_gmt":"2026-01-12T08:57:21","slug":"documents-de-centre","status":"publish","type":"page","link":"https:\/\/agora.xtec.cat\/escolapauclaris\/lescola\/documents-de-centre\/","title":{"rendered":"DOCUMENTS DE CENTRE"},"content":{"rendered":"<p>-Programaci\u00f3 General Anual de Centre:<\/p>\n<p>-Projecte Educatiu de Centre: <a href=\"https:\/\/agora.xtec.cat\/escolapauclaris\/wp-content\/uploads\/usu1794\/2025\/09\/PEC-2025-26.pdf\">PEC 2025-26<\/a><\/p>\n<p>-Projecte Ling\u00fc\u00edstic: <a href=\"https:\/\/agora.xtec.cat\/escolapauclaris\/wp-content\/uploads\/usu1794\/2022\/06\/Projecte-Linguistic-juny-2022.pdf\">Projecte Ling\u00fc\u00edstic<\/a><\/p>\n<p>-Pla de transport: <a href=\"https:\/\/agora.xtec.cat\/escolapauclaris\/wp-content\/uploads\/usu1794\/2024\/07\/20240107_Pla_de_funcionament_de_transport_PauClaris_47765099X.pdf\">Pla_de_funcionament_de_transport_PauClaris<\/a><\/p>\n<p>-Normes d&#8217;Organitzaci\u00f3 i Funcionament de Centre: <a href=\"https:\/\/agora.xtec.cat\/escolapauclaris\/wp-content\/uploads\/usu1794\/2025\/09\/NOFC-2025.pdf\">NOFC 2025<\/a><\/p>\n<p>-Pla de comunicaci\u00f3: <a href=\"https:\/\/agora.xtec.cat\/escolapauclaris\/wp-content\/uploads\/usu1794\/2025\/02\/PLA-DE-COMUNICACIO-ESCOLA-PAU-CLARIS.pdf\">PLA-DE-COMUNICACI\u00d3 ESCOLA PAU CLARIS<\/a><\/p>\n<p>-Carta comprom\u00eds educatiu: \u00e9s un document que es facilita a l&#8217;inici de l&#8217;escolaritat i que situa, facilita i afavoreix la cooperaci\u00f3 entre les accions educatives de les fam\u00edlies i la de l&#8217;escola. Partint d\u2019un posicionament d\u2019igualtat<br \/>\ni respecte mutu, tot reconeixent la contribuci\u00f3 que les dues parts realitzen al proc\u00e9s educatiu.\u00a0 Estableix els compromisos compartits \u00a0per afavorir l\u2019educaci\u00f3 i el desenvolupament integral dels infants.<\/p>\n<p>-Normativa de centre: <a href=\"https:\/\/agora.xtec.cat\/escolapauclaris\/wp-content\/uploads\/usu1794\/2025\/09\/FUNCIONAMENT-DE-LESCOLA-FAMILIES-25-26.pdf\">FUNCIONAMENT DE L&#8217;ESCOLA <\/a><\/p>\n","protected":false},"excerpt":{"rendered":"<p>-Programaci\u00f3 General Anual de Centre:<br \/>\n-Projecte Educatiu de Centre: <a href=\"https:\/\/agora.xtec.cat\/escolapauclaris\/wp-content\/uploads\/usu1794\/2025\/09\/PEC-2025-26.pdf\">PEC 2025-26<\/a><br \/>\n-Projecte Ling\u00fc\u00edstic: <a href=\"https:\/\/agora.xtec.cat\/escolapauclaris\/wp-content\/uploads\/usu1794\/2022\/06\/Projecte-Linguistic-juny-2022.pdf\">Projecte Ling\u00fc\u00edstic<\/a><br \/>\n-Pla de transport: <a href=\"https:\/\/agora.xtec.cat\/escolapauclaris\/wp-content\/uploads\/usu1794\/2024\/07\/20240107_Pla_de_funcionament_de_transport_PauClaris_47765099X.pdf\">Pla_de_funcionament_de_transport_PauClaris<\/a><br \/>\n-Normes d&#8217;Organitzaci\u00f3 i Funcionament de Centre: <a href=\"https:\/\/agora.xtec.cat\/escolapauclaris\/wp-content\/uploads\/usu1794\/2025\/09\/NOFC-2025.pdf\">NOFC 2025<\/a><br \/>\n-Pla de comunicaci\u00f3: <a href=\"https:\/\/agora.xtec.cat\/escolapauclaris\/wp-content\/uploads\/usu1794\/2025\/02\/PLA-DE-COMUNICACIO-ESCOLA-PAU-CLARIS.pdf\">PLA-DE-COMUNICACI\u00d3 ESCOLA PAU CLARIS<\/a><br \/>\n-Carta comprom\u00eds educatiu: \u00e9s un document que es facilita a l&#8217;inici de&hellip;  <a href=\"https:\/\/agora.xtec.cat\/escolapauclaris\/lescola\/documents-de-centre\/\" title=\"Read DOCUMENTS DE CENTRE\">Llegeix m\u00e9s\u00bb<\/a><\/p>\n","protected":false},"author":1,"featured_media":0,"parent":22,"menu_order":0,"comment_status":"closed","ping_status":"closed","template":"page-templates\/side-menu.php","meta":{"_bbp_topic_count":0,"_bbp_reply_count":0,"_bbp_total_topic_count":0,"_bbp_total_reply_count":0,"_bbp_voice_count":0,"_bbp_anonymous_reply_count":0,"_bbp_topic_count_hidden":0,"_bbp_reply_count_hidden":0,"_bbp_forum_subforum_count":0,"footnotes":""},"class_list":["post-2338","page","type-page","status-publish","hentry"],"post_mailing_queue_ids":[],"_links":{"self":[{"href":"https:\/\/agora.xtec.cat\/escolapauclaris\/wp-json\/wp\/v2\/pages\/2338","targetHints":{"allow":["GET"]}}],"collection":[{"href":"https:\/\/agora.xtec.cat\/escolapauclaris\/wp-json\/wp\/v2\/pages"}],"about":[{"href":"https:\/\/agora.xtec.cat\/escolapauclaris\/wp-json\/wp\/v2\/types\/page"}],"author":[{"embeddable":true,"href":"https:\/\/agora.xtec.cat\/escolapauclaris\/wp-json\/wp\/v2\/users\/1"}],"replies":[{"embeddable":true,"href":"https:\/\/agora.xtec.cat\/escolapauclaris\/wp-json\/wp\/v2\/comments?post=2338"}],"version-history":[{"count":7,"href":"https:\/\/agora.xtec.cat\/escolapauclaris\/wp-json\/wp\/v2\/pages\/2338\/revisions"}],"predecessor-version":[{"id":5770,"href":"https:\/\/agora.xtec.cat\/escolapauclaris\/wp-json\/wp\/v2\/pages\/2338\/revisions\/5770"}],"up":[{"embeddable":true,"href":"https:\/\/agora.xtec.cat\/escolapauclaris\/wp-json\/wp\/v2\/pages\/22"}],"wp:attachment":[{"href":"https:\/\/agora.xtec.cat\/escolapauclaris\/wp-json\/wp\/v2\/media?parent=2338"}],"curies":[{"name":"wp","href":"https:\/\/api.w.org\/{rel}","templated":true}]}}